{"id":36397,"date":"2023-02-20T22:00:31","date_gmt":"2023-02-20T20:00:31","guid":{"rendered":"https:\/\/ddt.lv\/lv\/product\/so-refled-dim-gu10-6w-36-345lm-es50-6500k-spuldze-sylvania\/"},"modified":"2026-04-08T14:42:09","modified_gmt":"2026-04-08T11:42:09","slug":"so-refled-dim-gu10-6w-36-345lm-es50-6500k-spuldze-sylvania","status":"publish","type":"product","link":"https:\/\/ddt.lv\/lv\/product\/so-refled-dim-gu10-6w-36-345lm-es50-6500k-spuldze-sylvania\/","title":{"rendered":"RefLED DIM GU10 6W 36&#8242; 345lm ES50 6500K spuldze Sylvania"},"content":{"rendered":"<p>Augst\u0101k\u0101s kvalit\u0101tes profesion\u0101lais LED GU10 kl\u0101sts ar t\u0101du pa\u0161u izskatu un saj\u016btu k\u0101 tradicion\u0101lais<br \/>\nhalog\u0113na GU10 lampa\u2022 Atjauno pretgaismas efektu, kas l\u012bdz\u012bgs halog\u0113na dihromiskaj\u0101m lamp\u0101m\u2022 Pilna stikla dizains<\/p>\n<p>\u013boti ilgs kalpo\u0161anas laiks l\u012bdz 25 000 stund\u0101m\u2022<br \/>\nCOOLFIT funkcionalit\u0101te \u2013 nodro\u0161ina aizsardz\u012bbu pret p\u0101rkar\u0161anu un p\u0101rkar\u0161anu\u2022 Augsti p\u0101rsl\u0113g\u0161anas cikli:<br \/>\n&gt;100 000\u2022 Augsta kr\u0101su atveide: CRI80\u2022 Aptum\u0161ojams ar apstiprin\u0101tiem dimmeriem.\u2022 Garantija: 5 gadi<\/p>","protected":false},"excerpt":{"rendered":"<p>Augst\u0101k\u0101s kvalit\u0101tes profesion\u0101lais LED GU10 kl\u0101sts ar t\u0101du pa\u0161u izskatu un saj\u016btu k\u0101 tradicion\u0101lais halog\u0113na GU10 lampa\u2022 Atjauno pretgaismas efektu, kas l\u012bdz\u012bgs halog\u0113na dihromiskaj\u0101m lamp\u0101m\u2022 Pilna stikla dizains \u013boti ilgs kalpo\u0161anas laiks l\u012bdz 25 000 stund\u0101m\u2022 COOLFIT funkcionalit\u0101te \u2013 nodro\u0161ina aizsardz\u012bbu pret p\u0101rkar\u0161anu un p\u0101rkar\u0161anu\u2022 Augsti p\u0101rsl\u0113g\u0161anas cikli: &gt;100 000\u2022 Augsta kr\u0101su atveide: CRI80\u2022 Aptum\u0161ojams [&hellip;]<\/p>\n","protected":false},"featured_media":36452,"comment_status":"closed","ping_status":"closed","template":"","meta":{"inline_featured_image":false},"product_cat":[772,852],"product_tag":[],"yst_prominent_words":[],"class_list":{"0":"post-36397","1":"product","2":"type-product","3":"status-publish","4":"has-post-thumbnail","6":"product_cat-atlaides","7":"product_cat-gu10-spuldzes","9":"first","10":"instock","11":"sale","12":"taxable","13":"shipping-taxable","14":"purchasable","15":"product-type-simple"},"jetpack_sharing_enabled":true,"_links":{"self":[{"href":"https:\/\/ddt.lv\/lv\/wp-json\/wp\/v2\/product\/36397"}],"collection":[{"href":"https:\/\/ddt.lv\/lv\/wp-json\/wp\/v2\/product"}],"about":[{"href":"https:\/\/ddt.lv\/lv\/wp-json\/wp\/v2\/types\/product"}],"replies":[{"embeddable":true,"href":"https:\/\/ddt.lv\/lv\/wp-json\/wp\/v2\/comments?post=36397"}],"wp:featuredmedia":[{"embeddable":true,"href":"https:\/\/ddt.lv\/lv\/wp-json\/wp\/v2\/media\/36452"}],"wp:attachment":[{"href":"https:\/\/ddt.lv\/lv\/wp-json\/wp\/v2\/media?parent=36397"}],"wp:term":[{"taxonomy":"product_cat","embeddable":true,"href":"https:\/\/ddt.lv\/lv\/wp-json\/wp\/v2\/product_cat?post=36397"},{"taxonomy":"product_tag","embeddable":true,"href":"https:\/\/ddt.lv\/lv\/wp-json\/wp\/v2\/product_tag?post=36397"},{"taxonomy":"yst_prominent_words","embeddable":true,"href":"https:\/\/ddt.lv\/lv\/wp-json\/wp\/v2\/yst_prominent_words?post=36397"}],"curies":[{"name":"wp","href":"https:\/\/api.w.org\/{rel}","templated":true}]}}