{"id":36396,"date":"2023-02-20T22:00:31","date_gmt":"2023-02-20T20:00:31","guid":{"rendered":"https:\/\/ddt.lv\/lv\/product\/so-refled-gu10-6-2w-36-425lm-es50-3000k-v5-sylvania\/"},"modified":"2026-04-08T14:42:14","modified_gmt":"2026-04-08T11:42:14","slug":"so-refled-gu10-6-2w-36-425lm-es50-3000k-v5-sylvania","status":"publish","type":"product","link":"https:\/\/ddt.lv\/lv\/product\/so-refled-gu10-6-2w-36-425lm-es50-3000k-v5-sylvania\/","title":{"rendered":"RefLED GU10 6.2W 36&#8242; 425lm ES50 3000K V5 Sylvania"},"content":{"rendered":"<p>\u2022 Kompakts, energoefekt\u012bvs un \u012bpa\u0161i izdev\u012bgs produkts.<\/p>\n<p>\u2022 T\u0101da pati forma un izm\u0113rs k\u0101 halog\u0113na GU10 lampa<br \/>\n\u2022 Compact Cluster SMD tehnolo\u0123ija nodro\u0161ina augstu efektivit\u0101ti ar halog\u0113na izskatu<br \/>\n\u2022 Samazin\u0101ta redzam\u0101 siltuma izlietne no priek\u0161puses<br \/>\n\u2022 Pieejams 36 gr\u0101du le\u0146\u0137\u012b<br \/>\n\u2022 Augsta l\u016bmena efektivit\u0101te<br \/>\n\u2022 15 000 stundu vid\u0113jais nomin\u0101lais kalpo\u0161anas laiks<br \/>\n\u2022 3 gadu garantija<\/p>","protected":false},"excerpt":{"rendered":"<p>\u2022 Kompakts, energoefekt\u012bvs un \u012bpa\u0161i izdev\u012bgs produkts. \u2022 T\u0101da pati forma un izm\u0113rs k\u0101 halog\u0113na GU10 lampa \u2022 Compact Cluster SMD tehnolo\u0123ija nodro\u0161ina augstu efektivit\u0101ti ar halog\u0113na izskatu \u2022 Samazin\u0101ta redzam\u0101 siltuma izlietne no priek\u0161puses \u2022 Pieejams 36 gr\u0101du le\u0146\u0137\u012b \u2022 Augsta l\u016bmena efektivit\u0101te \u2022 15 000 stundu vid\u0113jais nomin\u0101lais kalpo\u0161anas laiks \u2022 3 gadu [&hellip;]<\/p>\n","protected":false},"featured_media":36451,"comment_status":"closed","ping_status":"closed","template":"","meta":{"inline_featured_image":false},"product_cat":[772,852],"product_tag":[],"yst_prominent_words":[],"class_list":{"0":"post-36396","1":"product","2":"type-product","3":"status-publish","4":"has-post-thumbnail","6":"product_cat-atlaides","7":"product_cat-gu10-spuldzes","9":"first","10":"outofstock","11":"sale","12":"taxable","13":"shipping-taxable","14":"purchasable","15":"product-type-simple"},"jetpack_sharing_enabled":true,"_links":{"self":[{"href":"https:\/\/ddt.lv\/lv\/wp-json\/wp\/v2\/product\/36396"}],"collection":[{"href":"https:\/\/ddt.lv\/lv\/wp-json\/wp\/v2\/product"}],"about":[{"href":"https:\/\/ddt.lv\/lv\/wp-json\/wp\/v2\/types\/product"}],"replies":[{"embeddable":true,"href":"https:\/\/ddt.lv\/lv\/wp-json\/wp\/v2\/comments?post=36396"}],"wp:featuredmedia":[{"embeddable":true,"href":"https:\/\/ddt.lv\/lv\/wp-json\/wp\/v2\/media\/36451"}],"wp:attachment":[{"href":"https:\/\/ddt.lv\/lv\/wp-json\/wp\/v2\/media?parent=36396"}],"wp:term":[{"taxonomy":"product_cat","embeddable":true,"href":"https:\/\/ddt.lv\/lv\/wp-json\/wp\/v2\/product_cat?post=36396"},{"taxonomy":"product_tag","embeddable":true,"href":"https:\/\/ddt.lv\/lv\/wp-json\/wp\/v2\/product_tag?post=36396"},{"taxonomy":"yst_prominent_words","embeddable":true,"href":"https:\/\/ddt.lv\/lv\/wp-json\/wp\/v2\/yst_prominent_words?post=36396"}],"curies":[{"name":"wp","href":"https:\/\/api.w.org\/{rel}","templated":true}]}}