{"id":36394,"date":"2023-02-20T22:00:30","date_gmt":"2023-02-20T20:00:30","guid":{"rendered":"https:\/\/ddt.lv\/lv\/product\/led-mr11-4w-36-12v-345lm-6500k-spuldze-sylvania\/"},"modified":"2026-04-01T00:22:36","modified_gmt":"2026-03-31T21:22:36","slug":"led-mr11-4w-36-12v-345lm-6500k-spuldze-sylvania","status":"publish","type":"product","link":"https:\/\/ddt.lv\/lv\/product\/led-mr11-4w-36-12v-345lm-6500k-spuldze-sylvania\/","title":{"rendered":"LED MR11 4W 36&#8242; 12V 345lm 6500K spuldze Sylvania"},"content":{"rendered":"<p>\u2022 LED MR11 kl\u0101sts ar t\u0101du pa\u0161u izskatu un saj\u016btu k\u0101 tradicion\u0101lajai halog\u0113na MR11 lampai<br \/>\n\u2022 Pilna stikla dizains \u2013 tas noz\u012bm\u0113, ka starp lampu un armat\u016bru nav pretrun\u012bgas kr\u0101sas<br \/>\n\u2022 Pieejams 36 gr\u0101du stara le\u0146\u0137\u012b<br \/>\n\u2022 15 000 stundu vid\u0113jais nomin\u0101lais kalpo\u0161anas laiks<br \/>\n\u2022 P\u0101rsl\u0113g\u0161anas cikli: 50 000<br \/>\n\u2022 Kr\u0101su atveide: CRI80<br \/>\n\u2022 Lampas spriegums: 12V AC\/DC<br \/>\n\u2022 Darbojas ar magn\u0113tiskiem un sader\u012bgiem elektroniskajiem transformatoriem*<br \/>\n\u2022 Garantija: 3 gadi<\/p>","protected":false},"excerpt":{"rendered":"<p>\u2022 LED MR11 kl\u0101sts ar t\u0101du pa\u0161u izskatu un saj\u016btu k\u0101 tradicion\u0101lajai halog\u0113na MR11 lampai \u2022 Pilna stikla dizains \u2013 tas noz\u012bm\u0113, ka starp lampu un armat\u016bru nav pretrun\u012bgas kr\u0101sas \u2022 Pieejams 36 gr\u0101du stara le\u0146\u0137\u012b \u2022 15 000 stundu vid\u0113jais nomin\u0101lais kalpo\u0161anas laiks \u2022 P\u0101rsl\u0113g\u0161anas cikli: 50 000 \u2022 Kr\u0101su atveide: CRI80 \u2022 Lampas [&hellip;]<\/p>\n","protected":false},"featured_media":36444,"comment_status":"closed","ping_status":"closed","template":"","meta":{"inline_featured_image":false},"product_cat":[772,853],"product_tag":[],"yst_prominent_words":[],"class_list":{"0":"post-36394","1":"product","2":"type-product","3":"status-publish","4":"has-post-thumbnail","6":"product_cat-atlaides","7":"product_cat-g4-spuldzes-led-spuldzes","9":"first","10":"instock","11":"sale","12":"taxable","13":"shipping-taxable","14":"purchasable","15":"product-type-simple"},"jetpack_sharing_enabled":true,"_links":{"self":[{"href":"https:\/\/ddt.lv\/lv\/wp-json\/wp\/v2\/product\/36394"}],"collection":[{"href":"https:\/\/ddt.lv\/lv\/wp-json\/wp\/v2\/product"}],"about":[{"href":"https:\/\/ddt.lv\/lv\/wp-json\/wp\/v2\/types\/product"}],"replies":[{"embeddable":true,"href":"https:\/\/ddt.lv\/lv\/wp-json\/wp\/v2\/comments?post=36394"}],"wp:featuredmedia":[{"embeddable":true,"href":"https:\/\/ddt.lv\/lv\/wp-json\/wp\/v2\/media\/36444"}],"wp:attachment":[{"href":"https:\/\/ddt.lv\/lv\/wp-json\/wp\/v2\/media?parent=36394"}],"wp:term":[{"taxonomy":"product_cat","embeddable":true,"href":"https:\/\/ddt.lv\/lv\/wp-json\/wp\/v2\/product_cat?post=36394"},{"taxonomy":"product_tag","embeddable":true,"href":"https:\/\/ddt.lv\/lv\/wp-json\/wp\/v2\/product_tag?post=36394"},{"taxonomy":"yst_prominent_words","embeddable":true,"href":"https:\/\/ddt.lv\/lv\/wp-json\/wp\/v2\/yst_prominent_words?post=36394"}],"curies":[{"name":"wp","href":"https:\/\/api.w.org\/{rel}","templated":true}]}}