{"id":36391,"date":"2023-02-20T21:40:30","date_gmt":"2023-02-20T19:40:30","guid":{"rendered":"https:\/\/ddt.lv\/lv\/product\/refled-par16-e14-4-5w-345lm-3000k-36\/"},"modified":"2026-04-08T14:42:08","modified_gmt":"2026-04-08T11:42:08","slug":"refled-par16-e14-4-5w-345lm-3000k-36","status":"publish","type":"product","link":"https:\/\/ddt.lv\/lv\/product\/refled-par16-e14-4-5w-345lm-3000k-36\/","title":{"rendered":"RefLED PAR16  E14 4.5W 345lm 3000K 36\u00b0"},"content":{"rendered":"<p>\u2022 Augstas veiktsp\u0113jas LED PAR spuldzes ar t\u0101du pa\u0161u izskatu un saj\u016btu k\u0101 tradicion\u0101laj\u0101m PAR lamp\u0101m<br \/>\n\u2022 Stikla konstrukcija \u2013 tas noz\u012bm\u0113, ka starp lampu un armat\u016bru nesaskaras kr\u0101sas<br \/>\n\u2022 Samazin\u0101ta redzam\u0101 siltuma izlietne no priek\u0161puses<br \/>\n\u2022 Dz\u012bvsudrabu nesaturo\u0161s \u0161\u0137\u012bdums<br \/>\n\u2022 Zem\u0101kas uztur\u0113\u0161anas izmaksas<br \/>\n\u2022 Kalpo\u0161anas laiks: 15 000 stundas<br \/>\n\u2022 Augsta l\u016bmena efektivit\u0101te<br \/>\n\u2022 Neregul\u0113jams<br \/>\n\u2022 3 gadu garantija<br \/>\n\u2022 Piem\u0113rots visp\u0101r\u0113jam apgaismojumam un akcent\u0113tam apgaismojumam viesn\u012bc\u0101s, restor\u0101nos, b\u0101ros, vestibilos, gaite\u0146os un z\u0101l\u0113s<\/p>","protected":false},"excerpt":{"rendered":"<p>\u2022 Augstas veiktsp\u0113jas LED PAR spuldzes ar t\u0101du pa\u0161u izskatu un saj\u016btu k\u0101 tradicion\u0101laj\u0101m PAR lamp\u0101m \u2022 Stikla konstrukcija \u2013 tas noz\u012bm\u0113, ka starp lampu un armat\u016bru nesaskaras kr\u0101sas \u2022 Samazin\u0101ta redzam\u0101 siltuma izlietne no priek\u0161puses \u2022 Dz\u012bvsudrabu nesaturo\u0161s \u0161\u0137\u012bdums \u2022 Zem\u0101kas uztur\u0113\u0161anas izmaksas \u2022 Kalpo\u0161anas laiks: 15 000 stundas \u2022 Augsta l\u016bmena efektivit\u0101te \u2022 [&hellip;]<\/p>\n","protected":false},"featured_media":36416,"comment_status":"closed","ping_status":"closed","template":"","meta":{"inline_featured_image":false},"product_cat":[772,851],"product_tag":[],"yst_prominent_words":[],"class_list":{"0":"post-36391","1":"product","2":"type-product","3":"status-publish","4":"has-post-thumbnail","6":"product_cat-atlaides","7":"product_cat-e14-spuldzes","9":"first","10":"instock","11":"sale","12":"taxable","13":"shipping-taxable","14":"purchasable","15":"product-type-simple"},"jetpack_sharing_enabled":true,"_links":{"self":[{"href":"https:\/\/ddt.lv\/lv\/wp-json\/wp\/v2\/product\/36391"}],"collection":[{"href":"https:\/\/ddt.lv\/lv\/wp-json\/wp\/v2\/product"}],"about":[{"href":"https:\/\/ddt.lv\/lv\/wp-json\/wp\/v2\/types\/product"}],"replies":[{"embeddable":true,"href":"https:\/\/ddt.lv\/lv\/wp-json\/wp\/v2\/comments?post=36391"}],"wp:featuredmedia":[{"embeddable":true,"href":"https:\/\/ddt.lv\/lv\/wp-json\/wp\/v2\/media\/36416"}],"wp:attachment":[{"href":"https:\/\/ddt.lv\/lv\/wp-json\/wp\/v2\/media?parent=36391"}],"wp:term":[{"taxonomy":"product_cat","embeddable":true,"href":"https:\/\/ddt.lv\/lv\/wp-json\/wp\/v2\/product_cat?post=36391"},{"taxonomy":"product_tag","embeddable":true,"href":"https:\/\/ddt.lv\/lv\/wp-json\/wp\/v2\/product_tag?post=36391"},{"taxonomy":"yst_prominent_words","embeddable":true,"href":"https:\/\/ddt.lv\/lv\/wp-json\/wp\/v2\/yst_prominent_words?post=36391"}],"curies":[{"name":"wp","href":"https:\/\/api.w.org\/{rel}","templated":true}]}}