{"id":36388,"date":"2023-02-20T21:40:29","date_gmt":"2023-02-20T19:40:29","guid":{"rendered":"https:\/\/ddt.lv\/lv\/product\/so-refled-par38-dim-15w-1200lm-3000k-e27-40-led-sylvania\/"},"modified":"2026-04-08T14:42:08","modified_gmt":"2026-04-08T11:42:08","slug":"so-refled-par38-dim-15w-1200lm-3000k-e27-40-led-sylvania","status":"publish","type":"product","link":"https:\/\/ddt.lv\/lv\/product\/so-refled-par38-dim-15w-1200lm-3000k-e27-40-led-sylvania\/","title":{"rendered":"RefLED PAR38 DIM 15W 1200lm 3000K E27 40&#8242; LED SYLVANIA"},"content":{"rendered":"<p>Augstas veiktsp\u0113jas LED PAR38 lampa ar t\u0101du pa\u0161u izskatu un saj\u016btu k\u0101 tradicion\u0101laj\u0101m PAR lamp\u0101m<br \/>\nStikla konstrukcija \u2013 tas noz\u012bm\u0113, ka starp lampu un armat\u016bru nesaskaras kr\u0101sas<br \/>\nSamazin\u0101ts redzamais radiators no priek\u0161puses<br \/>\nDz\u012bvsudrabu nesaturo\u0161s \u0161\u0137\u012bdums<br \/>\nZem\u0101kas uztur\u0113\u0161anas izmaksas<br \/>\nRefLED\u2122 RT PAR38 IP65 ir piem\u0113rots ar\u012b izmanto\u0161anai \u0101rpus telp\u0101m, ja to izmanto ar IP65 kategorijas gaismek\u013ciem<br \/>\nKalpo\u0161anas laiks: l\u012bdz 25 000 stund\u0101m<br \/>\nAugsta l\u016bmena efektivit\u0101te<br \/>\nAptum\u0161ojams ar apstiprin\u0101tiem dimmeriem*<br \/>\n3 gadu garantija<br \/>\nPiem\u0113rots visp\u0101r\u0113jam apgaismojumam un akcent\u0113tam apgaismojumam viesn\u012bc\u0101s, restor\u0101nos, b\u0101ros, vestibilos, gaite\u0146os un z\u0101l\u0113s<\/p>","protected":false},"excerpt":{"rendered":"<p>Augstas veiktsp\u0113jas LED PAR38 lampa ar t\u0101du pa\u0161u izskatu un saj\u016btu k\u0101 tradicion\u0101laj\u0101m PAR lamp\u0101m Stikla konstrukcija \u2013 tas noz\u012bm\u0113, ka starp lampu un armat\u016bru nesaskaras kr\u0101sas Samazin\u0101ts redzamais radiators no priek\u0161puses Dz\u012bvsudrabu nesaturo\u0161s \u0161\u0137\u012bdums Zem\u0101kas uztur\u0113\u0161anas izmaksas RefLED\u2122 RT PAR38 IP65 ir piem\u0113rots ar\u012b izmanto\u0161anai \u0101rpus telp\u0101m, ja to izmanto ar IP65 kategorijas gaismek\u013ciem [&hellip;]<\/p>\n","protected":false},"featured_media":36415,"comment_status":"closed","ping_status":"closed","template":"","meta":{"inline_featured_image":false},"product_cat":[772,850],"product_tag":[],"yst_prominent_words":[],"class_list":{"0":"post-36388","1":"product","2":"type-product","3":"status-publish","4":"has-post-thumbnail","6":"product_cat-atlaides","7":"product_cat-e27-spuldzes","9":"first","10":"outofstock","11":"sale","12":"taxable","13":"shipping-taxable","14":"purchasable","15":"product-type-simple"},"jetpack_sharing_enabled":true,"_links":{"self":[{"href":"https:\/\/ddt.lv\/lv\/wp-json\/wp\/v2\/product\/36388"}],"collection":[{"href":"https:\/\/ddt.lv\/lv\/wp-json\/wp\/v2\/product"}],"about":[{"href":"https:\/\/ddt.lv\/lv\/wp-json\/wp\/v2\/types\/product"}],"replies":[{"embeddable":true,"href":"https:\/\/ddt.lv\/lv\/wp-json\/wp\/v2\/comments?post=36388"}],"wp:featuredmedia":[{"embeddable":true,"href":"https:\/\/ddt.lv\/lv\/wp-json\/wp\/v2\/media\/36415"}],"wp:attachment":[{"href":"https:\/\/ddt.lv\/lv\/wp-json\/wp\/v2\/media?parent=36388"}],"wp:term":[{"taxonomy":"product_cat","embeddable":true,"href":"https:\/\/ddt.lv\/lv\/wp-json\/wp\/v2\/product_cat?post=36388"},{"taxonomy":"product_tag","embeddable":true,"href":"https:\/\/ddt.lv\/lv\/wp-json\/wp\/v2\/product_tag?post=36388"},{"taxonomy":"yst_prominent_words","embeddable":true,"href":"https:\/\/ddt.lv\/lv\/wp-json\/wp\/v2\/yst_prominent_words?post=36388"}],"curies":[{"name":"wp","href":"https:\/\/api.w.org\/{rel}","templated":true}]}}