{"id":36319,"date":"2023-02-14T13:20:30","date_gmt":"2023-02-14T11:20:30","guid":{"rendered":"https:\/\/ddt.lv\/lv\/product\/sav-vads-usb-c-spraudnis-c-spraudnis-1m-balts-emos\/"},"modified":"2026-04-22T08:47:18","modified_gmt":"2026-04-22T05:47:18","slug":"sav-vads-usb-c-spraudnis-c-spraudnis-1m-balts-emos","status":"publish","type":"product","link":"https:\/\/ddt.lv\/lv\/product\/sav-vads-usb-c-spraudnis-c-spraudnis-1m-balts-emos\/","title":{"rendered":"Sav.vads USB C spraudnis- C spraudnis 1m balts EMOS"},"content":{"rendered":"<p>SM7027W USB kabelis uzl\u0101dei un datu p\u0101rraidei.<br \/>\nVai v\u0113laties pal\u012bgu \u0113rtai uzl\u0101dei un \u0101trai datu p\u0101rs\u016bt\u012b\u0161anai? 1 m garais kabelis un savienot\u0101jvads noteikti izpild\u012bs visu j\u016bsu viet\u0101! Varat izmantot USB 2.0 kabeli augstas veiktsp\u0113jas ier\u012bc\u0113m, piem\u0113ram, printeriem, skeneriem vai \u0101r\u0113jiem diskdzi\u0146iem. Pateicoties lielajam 480 Mbit\/s \u0101trumam, j\u016bsu datu p\u0101rs\u016bt\u012b\u0161ana notiks vien\u0101 mirkl\u012b. Pateicoties baltajam SM7027W kabelim, kas izgatavots no PVC materi\u0101la, izbaud\u012bsiet gan komfortu, gan \u0101trumu!<\/p>","protected":false},"excerpt":{"rendered":"<p>SM7027W USB kabelis uzl\u0101dei un datu p\u0101rraidei. Vai v\u0113laties pal\u012bgu \u0113rtai uzl\u0101dei un \u0101trai datu p\u0101rs\u016bt\u012b\u0161anai? 1 m garais kabelis un savienot\u0101jvads noteikti izpild\u012bs visu j\u016bsu viet\u0101! Varat izmantot USB 2.0 kabeli augstas veiktsp\u0113jas ier\u012bc\u0113m, piem\u0113ram, printeriem, skeneriem vai \u0101r\u0113jiem diskdzi\u0146iem. Pateicoties lielajam 480 Mbit\/s \u0101trumam, j\u016bsu datu p\u0101rs\u016bt\u012b\u0161ana notiks vien\u0101 mirkl\u012b. Pateicoties baltajam SM7027W [&hellip;]<\/p>\n","protected":false},"featured_media":36405,"comment_status":"closed","ping_status":"closed","template":"","meta":{"inline_featured_image":false},"product_cat":[742],"product_tag":[],"yst_prominent_words":[],"class_list":{"0":"post-36319","1":"product","2":"type-product","3":"status-publish","4":"has-post-thumbnail","6":"product_cat-savienojuma-vadi","8":"first","9":"instock","10":"taxable","11":"shipping-taxable","12":"purchasable","13":"product-type-simple"},"jetpack_sharing_enabled":true,"_links":{"self":[{"href":"https:\/\/ddt.lv\/lv\/wp-json\/wp\/v2\/product\/36319"}],"collection":[{"href":"https:\/\/ddt.lv\/lv\/wp-json\/wp\/v2\/product"}],"about":[{"href":"https:\/\/ddt.lv\/lv\/wp-json\/wp\/v2\/types\/product"}],"replies":[{"embeddable":true,"href":"https:\/\/ddt.lv\/lv\/wp-json\/wp\/v2\/comments?post=36319"}],"wp:featuredmedia":[{"embeddable":true,"href":"https:\/\/ddt.lv\/lv\/wp-json\/wp\/v2\/media\/36405"}],"wp:attachment":[{"href":"https:\/\/ddt.lv\/lv\/wp-json\/wp\/v2\/media?parent=36319"}],"wp:term":[{"taxonomy":"product_cat","embeddable":true,"href":"https:\/\/ddt.lv\/lv\/wp-json\/wp\/v2\/product_cat?post=36319"},{"taxonomy":"product_tag","embeddable":true,"href":"https:\/\/ddt.lv\/lv\/wp-json\/wp\/v2\/product_tag?post=36319"},{"taxonomy":"yst_prominent_words","embeddable":true,"href":"https:\/\/ddt.lv\/lv\/wp-json\/wp\/v2\/yst_prominent_words?post=36319"}],"curies":[{"name":"wp","href":"https:\/\/api.w.org\/{rel}","templated":true}]}}