{"id":36318,"date":"2023-02-14T11:00:22","date_gmt":"2023-02-14T09:00:22","guid":{"rendered":"https:\/\/ddt.lv\/lv\/product\/sav-vads-usb-c-spraudnis-2-0-i16p-spraudnis-1m-balts-emos\/"},"modified":"2026-04-23T11:21:11","modified_gmt":"2026-04-23T08:21:11","slug":"sav-vads-usb-c-spraudnis-2-0-i16p-spraudnis-1m-balts-emos","status":"publish","type":"product","link":"https:\/\/ddt.lv\/lv\/product\/sav-vads-usb-c-spraudnis-2-0-i16p-spraudnis-1m-balts-emos\/","title":{"rendered":"Sav.vads USB C spraudnis 2.0 i16P spraudnis 1m balts EMOS"},"content":{"rendered":"<p>SM7015W USB uzl\u0101des un datu kabelis<br \/>\nVai v\u0113laties pal\u012bgu \u0113rtai uzl\u0101dei un \u0101trai datu p\u0101rs\u016bt\u012b\u0161anai? 1 m garais kabelis un savienot\u0101jvads noteikti dar\u012bs visu j\u016bsu viet\u0101! Varat izmantot USB 2.0 kabeli augstas veiktsp\u0113jas ier\u012bc\u0113m, piem\u0113ram, printeriem, skeneriem vai \u0101r\u0113jiem diskdzi\u0146iem. Pateicoties lielajam 480 Mbit\/s \u0101trumam, j\u016bsu datu p\u0101rs\u016bt\u012b\u0161ana notiks vien\u0101 mirkl\u012b. Papildus PVC materi\u0101lam t\u0101 kvalit\u0101ti uzsver ar\u012b MFi sertifik\u0101ts, kas padara kabeli sader\u012bgu ar vis\u0101m Apple ier\u012bc\u0113m.<\/p>\n<p>.<\/p>","protected":false},"excerpt":{"rendered":"<p>SM7015W USB uzl\u0101des un datu kabelis Vai v\u0113laties pal\u012bgu \u0113rtai uzl\u0101dei un \u0101trai datu p\u0101rs\u016bt\u012b\u0161anai? 1 m garais kabelis un savienot\u0101jvads noteikti dar\u012bs visu j\u016bsu viet\u0101! Varat izmantot USB 2.0 kabeli augstas veiktsp\u0113jas ier\u012bc\u0113m, piem\u0113ram, printeriem, skeneriem vai \u0101r\u0113jiem diskdzi\u0146iem. Pateicoties lielajam 480 Mbit\/s \u0101trumam, j\u016bsu datu p\u0101rs\u016bt\u012b\u0161ana notiks vien\u0101 mirkl\u012b. Papildus PVC materi\u0101lam t\u0101 [&hellip;]<\/p>\n","protected":false},"featured_media":36404,"comment_status":"closed","ping_status":"closed","template":"","meta":{"inline_featured_image":false},"product_cat":[742],"product_tag":[],"yst_prominent_words":[],"class_list":{"0":"post-36318","1":"product","2":"type-product","3":"status-publish","4":"has-post-thumbnail","6":"product_cat-savienojuma-vadi","8":"first","9":"instock","10":"taxable","11":"shipping-taxable","12":"purchasable","13":"product-type-simple"},"jetpack_sharing_enabled":true,"_links":{"self":[{"href":"https:\/\/ddt.lv\/lv\/wp-json\/wp\/v2\/product\/36318"}],"collection":[{"href":"https:\/\/ddt.lv\/lv\/wp-json\/wp\/v2\/product"}],"about":[{"href":"https:\/\/ddt.lv\/lv\/wp-json\/wp\/v2\/types\/product"}],"replies":[{"embeddable":true,"href":"https:\/\/ddt.lv\/lv\/wp-json\/wp\/v2\/comments?post=36318"}],"wp:featuredmedia":[{"embeddable":true,"href":"https:\/\/ddt.lv\/lv\/wp-json\/wp\/v2\/media\/36404"}],"wp:attachment":[{"href":"https:\/\/ddt.lv\/lv\/wp-json\/wp\/v2\/media?parent=36318"}],"wp:term":[{"taxonomy":"product_cat","embeddable":true,"href":"https:\/\/ddt.lv\/lv\/wp-json\/wp\/v2\/product_cat?post=36318"},{"taxonomy":"product_tag","embeddable":true,"href":"https:\/\/ddt.lv\/lv\/wp-json\/wp\/v2\/product_tag?post=36318"},{"taxonomy":"yst_prominent_words","embeddable":true,"href":"https:\/\/ddt.lv\/lv\/wp-json\/wp\/v2\/yst_prominent_words?post=36318"}],"curies":[{"name":"wp","href":"https:\/\/api.w.org\/{rel}","templated":true}]}}