{"id":36312,"date":"2023-02-13T11:40:24","date_gmt":"2023-02-13T09:40:24","guid":{"rendered":"https:\/\/ddt.lv\/lv\/product\/usb-ladetajs-smart-3-1a-2-viet-15w-max100-240v-emos\/"},"modified":"2026-04-13T11:50:28","modified_gmt":"2026-04-13T08:50:28","slug":"usb-ladetajs-smart-3-1a-2-viet-15w-max100-240v-emos","status":"publish","type":"product","link":"https:\/\/ddt.lv\/lv\/product\/usb-ladetajs-smart-3-1a-2-viet-15w-max100-240v-emos\/","title":{"rendered":"USB l\u0101d\u0113t\u0101js SMART 3.1A 2-viet.(15W max)100-240V EMOS"},"content":{"rendered":"<p>Univers\u0101ls uzl\u0101d\u0113jams USB adapteris mobilajiem telefoniem, viedt\u0101lru\u0146iem un cit\u0101m ier\u012bc\u0113m. Maksim\u0101ls apr\u012bkojums ar dro\u0161\u012bbas un aizsardz\u012bbas elektroniskajiem komponentiem.<\/p>\n<p>Adapters ir paredz\u0113ts sader\u012bgo ier\u012b\u010du akumulatoru uzl\u0101dei \u2013 skat\u012bt tehnisko specifik\u0101ciju. Vispirms pievienojiet kabeli adapteram un ier\u012bcei, p\u0113c tam pievienojiet<br \/>\nstr\u0101vas padeves avotam. P\u0113c uzl\u0101des atvienojiet adapteru no ligzdas. Uzl\u0101des<br \/>\n\u0101trums un uzl\u0101des v\u0113rt\u012bbas ir atkar\u012bgas ne tikai no adaptera izvades, bet<br \/>\nar\u012b no pievienot\u0101 kabe\u013ca kvalit\u0101tes un iestat\u012btaj\u0101m ier\u012bces opcij\u0101m\/parametriem, kas uzrauga un piel\u0101go ievades uzl\u0101des v\u0113rt\u012bbas.<\/p>","protected":false},"excerpt":{"rendered":"<p>Univers\u0101ls uzl\u0101d\u0113jams USB adapteris mobilajiem telefoniem, viedt\u0101lru\u0146iem un cit\u0101m ier\u012bc\u0113m. Maksim\u0101ls apr\u012bkojums ar dro\u0161\u012bbas un aizsardz\u012bbas elektroniskajiem komponentiem. Adapters ir paredz\u0113ts sader\u012bgo ier\u012b\u010du akumulatoru uzl\u0101dei \u2013 skat\u012bt tehnisko specifik\u0101ciju. Vispirms pievienojiet kabeli adapteram un ier\u012bcei, p\u0113c tam pievienojiet str\u0101vas padeves avotam. P\u0113c uzl\u0101des atvienojiet adapteru no ligzdas. Uzl\u0101des \u0101trums un uzl\u0101des v\u0113rt\u012bbas ir atkar\u012bgas ne [&hellip;]<\/p>\n","protected":false},"featured_media":36363,"comment_status":"closed","ping_status":"closed","template":"","meta":{"inline_featured_image":false},"product_cat":[744],"product_tag":[],"yst_prominent_words":[],"class_list":{"0":"post-36312","1":"product","2":"type-product","3":"status-publish","4":"has-post-thumbnail","6":"product_cat-mobilo-telefonu-ladetaji-usb","8":"first","9":"instock","10":"taxable","11":"shipping-taxable","12":"purchasable","13":"product-type-simple"},"jetpack_sharing_enabled":true,"_links":{"self":[{"href":"https:\/\/ddt.lv\/lv\/wp-json\/wp\/v2\/product\/36312"}],"collection":[{"href":"https:\/\/ddt.lv\/lv\/wp-json\/wp\/v2\/product"}],"about":[{"href":"https:\/\/ddt.lv\/lv\/wp-json\/wp\/v2\/types\/product"}],"replies":[{"embeddable":true,"href":"https:\/\/ddt.lv\/lv\/wp-json\/wp\/v2\/comments?post=36312"}],"wp:featuredmedia":[{"embeddable":true,"href":"https:\/\/ddt.lv\/lv\/wp-json\/wp\/v2\/media\/36363"}],"wp:attachment":[{"href":"https:\/\/ddt.lv\/lv\/wp-json\/wp\/v2\/media?parent=36312"}],"wp:term":[{"taxonomy":"product_cat","embeddable":true,"href":"https:\/\/ddt.lv\/lv\/wp-json\/wp\/v2\/product_cat?post=36312"},{"taxonomy":"product_tag","embeddable":true,"href":"https:\/\/ddt.lv\/lv\/wp-json\/wp\/v2\/product_tag?post=36312"},{"taxonomy":"yst_prominent_words","embeddable":true,"href":"https:\/\/ddt.lv\/lv\/wp-json\/wp\/v2\/yst_prominent_words?post=36312"}],"curies":[{"name":"wp","href":"https:\/\/api.w.org\/{rel}","templated":true}]}}