{"id":36311,"date":"2023-02-13T11:00:22","date_gmt":"2023-02-13T09:00:22","guid":{"rendered":"https:\/\/ddt.lv\/lv\/product\/naktslampa-led-5lm-ar-sensoru-apals-230v-emos-2\/"},"modified":"2026-04-09T11:55:22","modified_gmt":"2026-04-09T08:55:22","slug":"naktslampa-led-5lm-ar-sensoru-apals-230v-emos-2","status":"publish","type":"product","link":"https:\/\/ddt.lv\/lv\/product\/naktslampa-led-5lm-ar-sensoru-apals-230v-emos-2\/","title":{"rendered":"Naktslampa LED 5lm ar sensoru apa\u013c\u0161 230V EMOS"},"content":{"rendered":"<p>Pateicoties nakts gaismai\u00a0 no EMOS, jums vairs nav j\u0101uztraucas par tumsu. Vienk\u0101r\u0161i pievienojiet to kontaktligzdai, un gaismas sensors to autom\u0101tiski iesl\u0113gs un p\u0113c tam izsl\u0113gs atkar\u012bb\u0101 no apk\u0101rt\u0113j\u0101s gaismas intensit\u0101tes. T\u0101 mazie izm\u0113ri un vienk\u0101r\u0161ais, m\u016b\u017e\u012bgais dizains padara to par praktisku pal\u012bgu katr\u0101 m\u0101jsaimniec\u012bb\u0101.<\/p>","protected":false},"excerpt":{"rendered":"<p>Pateicoties nakts gaismai\u00a0 no EMOS, jums vairs nav j\u0101uztraucas par tumsu. Vienk\u0101r\u0161i pievienojiet to kontaktligzdai, un gaismas sensors to autom\u0101tiski iesl\u0113gs un p\u0113c tam izsl\u0113gs atkar\u012bb\u0101 no apk\u0101rt\u0113j\u0101s gaismas intensit\u0101tes. T\u0101 mazie izm\u0113ri un vienk\u0101r\u0161ais, m\u016b\u017e\u012bgais dizains padara to par praktisku pal\u012bgu katr\u0101 m\u0101jsaimniec\u012bb\u0101.<\/p>\n","protected":false},"featured_media":36362,"comment_status":"closed","ping_status":"closed","template":"","meta":{"inline_featured_image":false},"product_cat":[1293],"product_tag":[],"yst_prominent_words":[],"class_list":{"0":"post-36311","1":"product","2":"type-product","3":"status-publish","4":"has-post-thumbnail","6":"product_cat-naktslampas","8":"first","9":"instock","10":"taxable","11":"shipping-taxable","12":"purchasable","13":"product-type-simple"},"jetpack_sharing_enabled":true,"_links":{"self":[{"href":"https:\/\/ddt.lv\/lv\/wp-json\/wp\/v2\/product\/36311"}],"collection":[{"href":"https:\/\/ddt.lv\/lv\/wp-json\/wp\/v2\/product"}],"about":[{"href":"https:\/\/ddt.lv\/lv\/wp-json\/wp\/v2\/types\/product"}],"replies":[{"embeddable":true,"href":"https:\/\/ddt.lv\/lv\/wp-json\/wp\/v2\/comments?post=36311"}],"wp:featuredmedia":[{"embeddable":true,"href":"https:\/\/ddt.lv\/lv\/wp-json\/wp\/v2\/media\/36362"}],"wp:attachment":[{"href":"https:\/\/ddt.lv\/lv\/wp-json\/wp\/v2\/media?parent=36311"}],"wp:term":[{"taxonomy":"product_cat","embeddable":true,"href":"https:\/\/ddt.lv\/lv\/wp-json\/wp\/v2\/product_cat?post=36311"},{"taxonomy":"product_tag","embeddable":true,"href":"https:\/\/ddt.lv\/lv\/wp-json\/wp\/v2\/product_tag?post=36311"},{"taxonomy":"yst_prominent_words","embeddable":true,"href":"https:\/\/ddt.lv\/lv\/wp-json\/wp\/v2\/yst_prominent_words?post=36311"}],"curies":[{"name":"wp","href":"https:\/\/api.w.org\/{rel}","templated":true}]}}