{"id":36310,"date":"2023-02-13T11:00:21","date_gmt":"2023-02-13T09:00:21","guid":{"rendered":"https:\/\/ddt.lv\/lv\/product\/powerbank-10-000mah-bezvadu-22-5w-usb-a-usb-c-melns\/"},"modified":"2026-04-13T10:02:22","modified_gmt":"2026-04-13T07:02:22","slug":"powerbank-10-000mah-bezvadu-22-5w-usb-a-usb-c-melns","status":"publish","type":"product","link":"https:\/\/ddt.lv\/lv\/product\/powerbank-10-000mah-bezvadu-22-5w-usb-a-usb-c-melns\/","title":{"rendered":"Powerbank 10 000mAh bezvadu 22.5W  USB-A\/USB-C melns"},"content":{"rendered":"<p>Ne vienm\u0113r ir iesp\u0113jams tikt pie ener\u0123ijas avota, kas uzl\u0101d\u0113tu no elektrot\u012bkla. T\u0101p\u0113c ir ide\u0101li, ja pa rokai ir p\u0101rn\u0113s\u0101jama jaudas banka, kas var gl\u0101bt j\u016bs \u0161aj\u0101s kr\u012bzes situ\u0101cij\u0101s. Un tie\u0161i tik noder\u012bgs pal\u012bgs jums b\u016bs Powerbank EMOS. Tas ietaupa daudz laika, pateicoties t\u0101 neparastajam uzl\u0101des \u0101trumam l\u012bdz 22,5 W un bezvadu uzl\u0101des \u0101trumam l\u012bdz 15 W.<\/p>\n<p>Str\u0101vas banka ir sader\u012bga ar MagSafe tehnolo\u0123iju, kas tika \u012bpa\u0161i izstr\u0101d\u0101ta \u0101tras un dro\u0161as bezvadu uzl\u0101des vajadz\u012bb\u0101m.<\/p>\n<p>&nbsp;<\/p>","protected":false},"excerpt":{"rendered":"<p>Ne vienm\u0113r ir iesp\u0113jams tikt pie ener\u0123ijas avota, kas uzl\u0101d\u0113tu no elektrot\u012bkla. T\u0101p\u0113c ir ide\u0101li, ja pa rokai ir p\u0101rn\u0113s\u0101jama jaudas banka, kas var gl\u0101bt j\u016bs \u0161aj\u0101s kr\u012bzes situ\u0101cij\u0101s. Un tie\u0161i tik noder\u012bgs pal\u012bgs jums b\u016bs Powerbank EMOS. Tas ietaupa daudz laika, pateicoties t\u0101 neparastajam uzl\u0101des \u0101trumam l\u012bdz 22,5 W un bezvadu uzl\u0101des \u0101trumam l\u012bdz [&hellip;]<\/p>\n","protected":false},"featured_media":36352,"comment_status":"closed","ping_status":"closed","template":"","meta":{"inline_featured_image":false},"product_cat":[772,460],"product_tag":[],"yst_prominent_words":[],"class_list":{"0":"post-36310","1":"product","2":"type-product","3":"status-publish","4":"has-post-thumbnail","6":"product_cat-atlaides","7":"product_cat-uzlades-stacijas","9":"first","10":"instock","11":"sale","12":"taxable","13":"shipping-taxable","14":"purchasable","15":"product-type-simple"},"jetpack_sharing_enabled":true,"_links":{"self":[{"href":"https:\/\/ddt.lv\/lv\/wp-json\/wp\/v2\/product\/36310"}],"collection":[{"href":"https:\/\/ddt.lv\/lv\/wp-json\/wp\/v2\/product"}],"about":[{"href":"https:\/\/ddt.lv\/lv\/wp-json\/wp\/v2\/types\/product"}],"replies":[{"embeddable":true,"href":"https:\/\/ddt.lv\/lv\/wp-json\/wp\/v2\/comments?post=36310"}],"wp:featuredmedia":[{"embeddable":true,"href":"https:\/\/ddt.lv\/lv\/wp-json\/wp\/v2\/media\/36352"}],"wp:attachment":[{"href":"https:\/\/ddt.lv\/lv\/wp-json\/wp\/v2\/media?parent=36310"}],"wp:term":[{"taxonomy":"product_cat","embeddable":true,"href":"https:\/\/ddt.lv\/lv\/wp-json\/wp\/v2\/product_cat?post=36310"},{"taxonomy":"product_tag","embeddable":true,"href":"https:\/\/ddt.lv\/lv\/wp-json\/wp\/v2\/product_tag?post=36310"},{"taxonomy":"yst_prominent_words","embeddable":true,"href":"https:\/\/ddt.lv\/lv\/wp-json\/wp\/v2\/yst_prominent_words?post=36310"}],"curies":[{"name":"wp","href":"https:\/\/api.w.org\/{rel}","templated":true}]}}