{"id":36301,"date":"2023-02-10T10:20:19","date_gmt":"2023-02-10T08:20:19","guid":{"rendered":"https:\/\/ddt.lv\/lv\/product\/english-18646-work-flex-telescope-led-lamp-4aa-varta-bl1\/"},"modified":"2026-04-06T11:05:55","modified_gmt":"2026-04-06T08:05:55","slug":"english-18646-work-flex-telescope-led-lamp-4aa-varta-bl1","status":"publish","type":"product","link":"https:\/\/ddt.lv\/lv\/product\/18646-work-flex-telescope-led-lukturis-4aa-varta-bl1\/","title":{"rendered":"18646 WORK FLEX TELESCOPE LED Lukturis 4AA VARTA BL1"},"content":{"rendered":"<p>M\u016bsu darba lukturiem,\u00a0 ir labi p\u0101rdom\u0101tas funkcijas jebkuram darbam. WORK FLEX TELESCOPE LED Lukturis ir<br \/>\ntriecieniztur\u012bgs (2 m kritiena tests), dro\u0161s pret \u0161\u013cakat\u0101m un putek\u013cu necaurlaid\u012bgs (IP54).\u00a02 gaismas re\u017e\u012bmi: apgabala apgaismojums, pro\u017eektors.\u00a0COB LED tehnolo\u0123ija ide\u0101lam zonas apgaismojumam.\u00a0Mat\u0113tas l\u0113cas lab\u0101kai gaismas izkliedei \u2013 neatstarojo\u0161as (lauka gaisma).\u00a0Daudzas stiprin\u0101juma iesp\u0113jas un regul\u0113jams \u0101\u0137is br\u012bvroku lieto\u0161anai, pateicoties magn\u0113tam.\u00a0Nesl\u012bdo\u0161s rokturis ar gumijas p\u0101rkl\u0101jumu.\u00a0Tr\u012bsst\u016brveida VARTA forma \u2013 nesl\u012bdo\u0161a.<\/p>","protected":false},"excerpt":{"rendered":"<p>M\u016bsu darba lukturiem,\u00a0 ir labi p\u0101rdom\u0101tas funkcijas jebkuram darbam. WORK FLEX TELESCOPE LED Lukturis ir triecieniztur\u012bgs (2 m kritiena tests), dro\u0161s pret \u0161\u013cakat\u0101m un putek\u013cu necaurlaid\u012bgs (IP54).\u00a02 gaismas re\u017e\u012bmi: apgabala apgaismojums, pro\u017eektors.\u00a0COB LED tehnolo\u0123ija ide\u0101lam zonas apgaismojumam.\u00a0Mat\u0113tas l\u0113cas lab\u0101kai gaismas izkliedei \u2013 neatstarojo\u0161as (lauka gaisma).\u00a0Daudzas stiprin\u0101juma iesp\u0113jas un regul\u0113jams \u0101\u0137is br\u012bvroku lieto\u0161anai, pateicoties magn\u0113tam.\u00a0Nesl\u012bdo\u0161s rokturis [&hellip;]<\/p>\n","protected":false},"featured_media":36342,"comment_status":"closed","ping_status":"closed","template":"","meta":{"inline_featured_image":false},"product_cat":[728],"product_tag":[],"yst_prominent_words":[],"class_list":{"0":"post-36301","1":"product","2":"type-product","3":"status-publish","4":"has-post-thumbnail","6":"product_cat-ar-magnetu","8":"first","9":"instock","10":"taxable","11":"shipping-taxable","12":"purchasable","13":"product-type-simple"},"jetpack_sharing_enabled":true,"_links":{"self":[{"href":"https:\/\/ddt.lv\/lv\/wp-json\/wp\/v2\/product\/36301"}],"collection":[{"href":"https:\/\/ddt.lv\/lv\/wp-json\/wp\/v2\/product"}],"about":[{"href":"https:\/\/ddt.lv\/lv\/wp-json\/wp\/v2\/types\/product"}],"replies":[{"embeddable":true,"href":"https:\/\/ddt.lv\/lv\/wp-json\/wp\/v2\/comments?post=36301"}],"wp:featuredmedia":[{"embeddable":true,"href":"https:\/\/ddt.lv\/lv\/wp-json\/wp\/v2\/media\/36342"}],"wp:attachment":[{"href":"https:\/\/ddt.lv\/lv\/wp-json\/wp\/v2\/media?parent=36301"}],"wp:term":[{"taxonomy":"product_cat","embeddable":true,"href":"https:\/\/ddt.lv\/lv\/wp-json\/wp\/v2\/product_cat?post=36301"},{"taxonomy":"product_tag","embeddable":true,"href":"https:\/\/ddt.lv\/lv\/wp-json\/wp\/v2\/product_tag?post=36301"},{"taxonomy":"yst_prominent_words","embeddable":true,"href":"https:\/\/ddt.lv\/lv\/wp-json\/wp\/v2\/yst_prominent_words?post=36301"}],"curies":[{"name":"wp","href":"https:\/\/api.w.org\/{rel}","templated":true}]}}