{"id":36300,"date":"2023-02-10T10:20:19","date_gmt":"2023-02-10T08:20:19","guid":{"rendered":"https:\/\/ddt.lv\/lv\/product\/english-17647-work-flex-pocket-led-lamp-3aaa-varta-bl1\/"},"modified":"2026-04-06T11:05:55","modified_gmt":"2026-04-06T08:05:55","slug":"english-17647-work-flex-pocket-led-lamp-3aaa-varta-bl1","status":"publish","type":"product","link":"https:\/\/ddt.lv\/lv\/product\/17647-work-flex-pocket-led-lukturis-3aaa-varta-bl1\/","title":{"rendered":"17647 WORK FLEX POCKET LED Lukturis 3AAA VARTA BL1"},"content":{"rendered":"<p>Viegli p\u0101rn\u0113s\u0101jams un \u0113rts darba lukturis. Triecieniztur\u012bgs un \u0161\u013cakatu necaurlaid\u012bgs korpuss. Kabatas izm\u0113rs \u2013 \u0113rti pa\u0146emt l\u012bdzi. Kabatas klipsis ar magn\u0113tu br\u012bvroku lieto\u0161anai. Nesl\u012bdo\u0161s, gumijots rokturis. Tr\u012bsst\u016bra forma &#8211; t\u0101p\u0113c nav ripo\u0161anas. Mat\u0113ta l\u0113ca lab\u0101kam gaismas sadal\u012bjumam \u2013 bez atsp\u012bdumiem. COB LED tehnolo\u0123ija ide\u0101lam telpas apgaismojumam. 2 gaismas re\u017e\u012bmi: pro\u017eektors un apgabala apgaismojums. Apgaismojuma diapazons 40 m. 110 l\u016bmenu gaismas intensit\u0101te. Gaismas ilgums l\u012bdz 6 stund\u0101m. Iek\u013cauts ilgsto\u0161as darb\u012bbas akumulators 3x AAA. Izm\u0113rs (LxWxD): 173 x 24 x 31 mm. Svars 54 g. 3 gadu garantija. Kr\u0101sa: melna.<\/p>","protected":false},"excerpt":{"rendered":"<p>Viegli p\u0101rn\u0113s\u0101jams un \u0113rts darba lukturis. Triecieniztur\u012bgs un \u0161\u013cakatu necaurlaid\u012bgs korpuss. Kabatas izm\u0113rs \u2013 \u0113rti pa\u0146emt l\u012bdzi. Kabatas klipsis ar magn\u0113tu br\u012bvroku lieto\u0161anai. Nesl\u012bdo\u0161s, gumijots rokturis. Tr\u012bsst\u016bra forma &#8211; t\u0101p\u0113c nav ripo\u0161anas. Mat\u0113ta l\u0113ca lab\u0101kam gaismas sadal\u012bjumam \u2013 bez atsp\u012bdumiem. COB LED tehnolo\u0123ija ide\u0101lam telpas apgaismojumam. 2 gaismas re\u017e\u012bmi: pro\u017eektors un apgabala apgaismojums. Apgaismojuma diapazons [&hellip;]<\/p>\n","protected":false},"featured_media":36337,"comment_status":"closed","ping_status":"closed","template":"","meta":{"inline_featured_image":false},"product_cat":[728],"product_tag":[],"yst_prominent_words":[],"class_list":{"0":"post-36300","1":"product","2":"type-product","3":"status-publish","4":"has-post-thumbnail","6":"product_cat-ar-magnetu","8":"first","9":"instock","10":"taxable","11":"shipping-taxable","12":"purchasable","13":"product-type-simple"},"jetpack_sharing_enabled":true,"_links":{"self":[{"href":"https:\/\/ddt.lv\/lv\/wp-json\/wp\/v2\/product\/36300"}],"collection":[{"href":"https:\/\/ddt.lv\/lv\/wp-json\/wp\/v2\/product"}],"about":[{"href":"https:\/\/ddt.lv\/lv\/wp-json\/wp\/v2\/types\/product"}],"replies":[{"embeddable":true,"href":"https:\/\/ddt.lv\/lv\/wp-json\/wp\/v2\/comments?post=36300"}],"wp:featuredmedia":[{"embeddable":true,"href":"https:\/\/ddt.lv\/lv\/wp-json\/wp\/v2\/media\/36337"}],"wp:attachment":[{"href":"https:\/\/ddt.lv\/lv\/wp-json\/wp\/v2\/media?parent=36300"}],"wp:term":[{"taxonomy":"product_cat","embeddable":true,"href":"https:\/\/ddt.lv\/lv\/wp-json\/wp\/v2\/product_cat?post=36300"},{"taxonomy":"product_tag","embeddable":true,"href":"https:\/\/ddt.lv\/lv\/wp-json\/wp\/v2\/product_tag?post=36300"},{"taxonomy":"yst_prominent_words","embeddable":true,"href":"https:\/\/ddt.lv\/lv\/wp-json\/wp\/v2\/yst_prominent_words?post=36300"}],"curies":[{"name":"wp","href":"https:\/\/api.w.org\/{rel}","templated":true}]}}