{"id":36299,"date":"2023-02-10T10:20:19","date_gmt":"2023-02-10T08:20:19","guid":{"rendered":"https:\/\/ddt.lv\/lv\/product\/17648-work-flex-area-led-lukturis-3aa-varta-bl1\/"},"modified":"2026-04-06T10:55:43","modified_gmt":"2026-04-06T07:55:43","slug":"17648-work-flex-area-led-lukturis-3aa-varta-bl1","status":"publish","type":"product","link":"https:\/\/ddt.lv\/lv\/product\/17648-work-flex-area-led-lukturis-3aa-varta-bl1\/","title":{"rendered":"17648 WORK FLEX AREA LED Lukturis 3AA VARTA BL1"},"content":{"rendered":"<p>Kompakta lampa ide\u0101lam telpas apgaismojumam<br \/>\n&#8211; triecieniztur\u012bgs (2 m kritiena tests)<br \/>\n&#8211; \u016adens un putek\u013cu dro\u0161s (IP54)<br \/>\n&#8211; 2 gaismas re\u017e\u012bmi: augsts un zems<br \/>\n&#8211; COB LED tehnolo\u0123ija ide\u0101lam telpas apgaismojumam<br \/>\n&#8211; mat\u0113ta l\u0113ca lab\u0101kai gaismas sadalei &#8211; bez atsp\u012bdumiem<br \/>\n&#8211; Apak\u0161\u0101 ieb\u016bv\u0113ts magn\u0113ts<br \/>\n&#8211; Regul\u0113jams apgaismojums ide\u0101lam telpas apgaismojumam<br \/>\n&#8211; da\u017e\u0101das mont\u0101\u017eas iesp\u0113jas &#8211; pakarin\u0101mas, st\u0101vo\u0161as<br \/>\n&#8211; Magn\u0113ts darbam br\u012bvroku re\u017e\u012bm\u0101<br \/>\n&#8211; viegli pa\u0146emt l\u012bdzi, ide\u0101ls izm\u0113rs instrumentu kast\u0113m<\/p>","protected":false},"excerpt":{"rendered":"<p>Kompakta lampa ide\u0101lam telpas apgaismojumam &#8211; triecieniztur\u012bgs (2 m kritiena tests) &#8211; \u016adens un putek\u013cu dro\u0161s (IP54) &#8211; 2 gaismas re\u017e\u012bmi: augsts un zems &#8211; COB LED tehnolo\u0123ija ide\u0101lam telpas apgaismojumam &#8211; mat\u0113ta l\u0113ca lab\u0101kai gaismas sadalei &#8211; bez atsp\u012bdumiem &#8211; Apak\u0161\u0101 ieb\u016bv\u0113ts magn\u0113ts &#8211; Regul\u0113jams apgaismojums ide\u0101lam telpas apgaismojumam &#8211; da\u017e\u0101das mont\u0101\u017eas iesp\u0113jas &#8211; [&hellip;]<\/p>\n","protected":false},"featured_media":36332,"comment_status":"closed","ping_status":"closed","template":"","meta":{"inline_featured_image":false},"product_cat":[728],"product_tag":[],"yst_prominent_words":[],"class_list":{"0":"post-36299","1":"product","2":"type-product","3":"status-publish","4":"has-post-thumbnail","6":"product_cat-ar-magnetu","8":"first","9":"instock","10":"taxable","11":"shipping-taxable","12":"purchasable","13":"product-type-simple"},"jetpack_sharing_enabled":true,"_links":{"self":[{"href":"https:\/\/ddt.lv\/lv\/wp-json\/wp\/v2\/product\/36299"}],"collection":[{"href":"https:\/\/ddt.lv\/lv\/wp-json\/wp\/v2\/product"}],"about":[{"href":"https:\/\/ddt.lv\/lv\/wp-json\/wp\/v2\/types\/product"}],"replies":[{"embeddable":true,"href":"https:\/\/ddt.lv\/lv\/wp-json\/wp\/v2\/comments?post=36299"}],"wp:featuredmedia":[{"embeddable":true,"href":"https:\/\/ddt.lv\/lv\/wp-json\/wp\/v2\/media\/36332"}],"wp:attachment":[{"href":"https:\/\/ddt.lv\/lv\/wp-json\/wp\/v2\/media?parent=36299"}],"wp:term":[{"taxonomy":"product_cat","embeddable":true,"href":"https:\/\/ddt.lv\/lv\/wp-json\/wp\/v2\/product_cat?post=36299"},{"taxonomy":"product_tag","embeddable":true,"href":"https:\/\/ddt.lv\/lv\/wp-json\/wp\/v2\/product_tag?post=36299"},{"taxonomy":"yst_prominent_words","embeddable":true,"href":"https:\/\/ddt.lv\/lv\/wp-json\/wp\/v2\/yst_prominent_words?post=36299"}],"curies":[{"name":"wp","href":"https:\/\/api.w.org\/{rel}","templated":true}]}}