{"id":36288,"date":"2023-02-07T14:00:23","date_gmt":"2023-02-07T12:00:23","guid":{"rendered":"https:\/\/ddt.lv\/lv\/product\/fho-f35w-t5-aquastar-1550lm-742mm-sylvania-luminiscenta-spuldze\/"},"modified":"2026-04-08T14:36:55","modified_gmt":"2026-04-08T11:36:55","slug":"fho-f35w-t5-aquastar-1550lm-742mm-sylvania-luminiscenta-spuldze","status":"publish","type":"product","link":"https:\/\/ddt.lv\/lv\/product\/fho-f35w-t5-aquastar-1550lm-742mm-sylvania-luminiscenta-spuldze\/","title":{"rendered":"FHO F35W\/T5 AQUASTAR 1550lm 742mm Sylvania luminiscent\u0101 spuldze"},"content":{"rendered":"<p>Akv\u0101rija lampa apvieno augu aug\u0161anas lampu un dienasgaismas lampu priek\u0161roc\u012bbas.<\/p>\n<p>T8 Aquaclassic &#8211; jaunas standarta dienasgaismas spuldzes; apgaismojuma intensit\u0101te un gaismas jauda palielin\u0101j\u0101s 3 reizes.<br \/>\n\u0160o lampu gaismas spektr\u0101lie raksturlielumi ir ide\u0101li piem\u0113roti akv\u0101rijam ar dz\u012bviem augiem (5000 K) un rada dabisku vidi ziv\u012bm un stimul\u0113 augu aug\u0161anu, pateicoties dabiskajai starojuma attiec\u012bbai spektr\u0101lajos apgabalos, kas tiek izmantoti fotosint\u0113ze.<br \/>\nApvieno augu aug\u0161anas lampu un dienasgaismas lampu priek\u0161roc\u012bbas.<br \/>\nIzceliet savu \u016bdensaugu kr\u0101sas.<br \/>\nVi\u0146iem ir lieliska apgaismojuma veiktsp\u0113ja.<br \/>\nPievilc\u012bgs iepakojums gala lietot\u0101jam.<br \/>\nT8 Aquastar lampas izmanto, lai apgaismotu visus augus un zivis, kas atrodas sald\u016bdens akv\u0101rijos.<\/p>\n<p>Kr\u0101su temperat\u016bra 10\u00a0000\u00a0K, atjaunojot tropu gaismas spektru. Svaigiem un j\u016bras akv\u0101rijiem. Lieliska kombin\u0101cija ar DaylightStar.<\/p>","protected":false},"excerpt":{"rendered":"<p>Akv\u0101rija lampa apvieno augu aug\u0161anas lampu un dienasgaismas lampu priek\u0161roc\u012bbas. T8 Aquaclassic &#8211; jaunas standarta dienasgaismas spuldzes; apgaismojuma intensit\u0101te un gaismas jauda palielin\u0101j\u0101s 3 reizes. \u0160o lampu gaismas spektr\u0101lie raksturlielumi ir ide\u0101li piem\u0113roti akv\u0101rijam ar dz\u012bviem augiem (5000 K) un rada dabisku vidi ziv\u012bm un stimul\u0113 augu aug\u0161anu, pateicoties dabiskajai starojuma attiec\u012bbai spektr\u0101lajos apgabalos, kas [&hellip;]<\/p>\n","protected":false},"featured_media":36329,"comment_status":"closed","ping_status":"closed","template":"","meta":{"inline_featured_image":false},"product_cat":[886],"product_tag":[],"yst_prominent_words":[],"class_list":{"0":"post-36288","1":"product","2":"type-product","3":"status-publish","4":"has-post-thumbnail","6":"product_cat-aquastar-augu-un-akvariju-spuldzes","8":"first","9":"instock","10":"taxable","11":"shipping-taxable","12":"purchasable","13":"product-type-simple"},"jetpack_sharing_enabled":true,"_links":{"self":[{"href":"https:\/\/ddt.lv\/lv\/wp-json\/wp\/v2\/product\/36288"}],"collection":[{"href":"https:\/\/ddt.lv\/lv\/wp-json\/wp\/v2\/product"}],"about":[{"href":"https:\/\/ddt.lv\/lv\/wp-json\/wp\/v2\/types\/product"}],"replies":[{"embeddable":true,"href":"https:\/\/ddt.lv\/lv\/wp-json\/wp\/v2\/comments?post=36288"}],"wp:featuredmedia":[{"embeddable":true,"href":"https:\/\/ddt.lv\/lv\/wp-json\/wp\/v2\/media\/36329"}],"wp:attachment":[{"href":"https:\/\/ddt.lv\/lv\/wp-json\/wp\/v2\/media?parent=36288"}],"wp:term":[{"taxonomy":"product_cat","embeddable":true,"href":"https:\/\/ddt.lv\/lv\/wp-json\/wp\/v2\/product_cat?post=36288"},{"taxonomy":"product_tag","embeddable":true,"href":"https:\/\/ddt.lv\/lv\/wp-json\/wp\/v2\/product_tag?post=36288"},{"taxonomy":"yst_prominent_words","embeddable":true,"href":"https:\/\/ddt.lv\/lv\/wp-json\/wp\/v2\/yst_prominent_words?post=36288"}],"curies":[{"name":"wp","href":"https:\/\/api.w.org\/{rel}","templated":true}]}}