{"id":36206,"date":"2023-01-19T12:20:31","date_gmt":"2023-01-19T10:20:31","guid":{"rendered":"https:\/\/ddt.lv\/lv\/product\/led-spuldze-t8-g13-9-4w-4000k-900lm-60cm-230v\/"},"modified":"2026-04-22T08:47:14","modified_gmt":"2026-04-22T05:47:14","slug":"led-spuldze-t8-g13-9-4w-4000k-900lm-60cm-230v","status":"publish","type":"product","link":"https:\/\/ddt.lv\/lv\/product\/led-spuldze-t8-g13-9-4w-4000k-900lm-60cm-230v\/","title":{"rendered":"LED spuldze T8 G13 9.4W 4000K 900lm-60cm 230V"},"content":{"rendered":"<p>Uzticama LED spuldze no firmas Emos, LINEAR T8 9.4W ar garumu 60cm, visizplat\u012bt\u0101kaj\u0101 gaismas kr\u0101s\u0101 4000K neitr\u0101li balta dienas gaisma.<br \/>\nEMOS LED T8 spuldze nav aptum\u0161ojama. Pirms jebk\u0101das manipul\u0101cijas ar spuldzi, izsl\u0113dziet str\u0101vas padevi.<br \/>\nEMOS LED spuldze ir paredz\u0113ta lieto\u0161anai norm\u0101l\u0101 vid\u0113. Lai izmantotu cit\u0101s vid\u0113s, ir j\u0101izmanto lampas ar atbilsto\u0161u p\u0101rkl\u0101jumu. EMOS LED lampa ir paredz\u0113ta lieto\u0161anai ar standarta G13 ligzd\u0101m. EMOS LED lampas nav piel\u0101gotas darbam kop\u0101 ar elektronisko balastu.<\/p>","protected":false},"excerpt":{"rendered":"<p>Uzticama LED spuldze no firmas Emos, LINEAR T8 9.4W ar garumu 60cm, visizplat\u012bt\u0101kaj\u0101 gaismas kr\u0101s\u0101 4000K neitr\u0101li balta dienas gaisma. EMOS LED T8 spuldze nav aptum\u0161ojama. Pirms jebk\u0101das manipul\u0101cijas ar spuldzi, izsl\u0113dziet str\u0101vas padevi. EMOS LED spuldze ir paredz\u0113ta lieto\u0161anai norm\u0101l\u0101 vid\u0113. Lai izmantotu cit\u0101s vid\u0113s, ir j\u0101izmanto lampas ar atbilsto\u0161u p\u0101rkl\u0101jumu. EMOS LED lampa [&hellip;]<\/p>\n","protected":false},"featured_media":36210,"comment_status":"closed","ping_status":"closed","template":"","meta":{"inline_featured_image":false},"product_cat":[1122],"product_tag":[],"yst_prominent_words":[],"class_list":{"0":"post-36206","1":"product","2":"type-product","3":"status-publish","4":"has-post-thumbnail","6":"product_cat-t8-spuldzes","8":"first","9":"outofstock","10":"taxable","11":"shipping-taxable","12":"purchasable","13":"product-type-simple"},"jetpack_sharing_enabled":true,"_links":{"self":[{"href":"https:\/\/ddt.lv\/lv\/wp-json\/wp\/v2\/product\/36206"}],"collection":[{"href":"https:\/\/ddt.lv\/lv\/wp-json\/wp\/v2\/product"}],"about":[{"href":"https:\/\/ddt.lv\/lv\/wp-json\/wp\/v2\/types\/product"}],"replies":[{"embeddable":true,"href":"https:\/\/ddt.lv\/lv\/wp-json\/wp\/v2\/comments?post=36206"}],"wp:featuredmedia":[{"embeddable":true,"href":"https:\/\/ddt.lv\/lv\/wp-json\/wp\/v2\/media\/36210"}],"wp:attachment":[{"href":"https:\/\/ddt.lv\/lv\/wp-json\/wp\/v2\/media?parent=36206"}],"wp:term":[{"taxonomy":"product_cat","embeddable":true,"href":"https:\/\/ddt.lv\/lv\/wp-json\/wp\/v2\/product_cat?post=36206"},{"taxonomy":"product_tag","embeddable":true,"href":"https:\/\/ddt.lv\/lv\/wp-json\/wp\/v2\/product_tag?post=36206"},{"taxonomy":"yst_prominent_words","embeddable":true,"href":"https:\/\/ddt.lv\/lv\/wp-json\/wp\/v2\/yst_prominent_words?post=36206"}],"curies":[{"name":"wp","href":"https:\/\/api.w.org\/{rel}","templated":true}]}}