{"id":36205,"date":"2023-01-19T11:40:31","date_gmt":"2023-01-19T09:40:31","guid":{"rendered":"https:\/\/ddt.lv\/lv\/product\/hi-pin-g9-eco-53w-770lm-240v-spuldze-sylvania\/"},"modified":"2026-04-17T13:25:37","modified_gmt":"2026-04-17T10:25:37","slug":"hi-pin-g9-eco-53w-770lm-240v-spuldze-sylvania","status":"publish","type":"product","link":"https:\/\/ddt.lv\/lv\/product\/hi-pin-g9-eco-53w-770lm-240v-spuldze-sylvania\/","title":{"rendered":"HI-PIN G9 ECO 53W 770lm 240V spuldze Sylvania"},"content":{"rendered":"<p>G9 kapsula ar G9 pamatni. Kompakts izm\u0113rs. Integr\u0113ts dro\u0161in\u0101t\u0101js. Darb\u012bba bez transformatora. 100% aptum\u0161ojams. Vid\u0113jais kalpo\u0161anas laiks 2000 stundas.<\/p>","protected":false},"excerpt":{"rendered":"<p>G9 kapsula ar G9 pamatni. Kompakts izm\u0113rs. Integr\u0113ts dro\u0161in\u0101t\u0101js. Darb\u012bba bez transformatora. 100% aptum\u0161ojams. Vid\u0113jais kalpo\u0161anas laiks 2000 stundas.<\/p>\n","protected":false},"featured_media":36207,"comment_status":"closed","ping_status":"closed","template":"","meta":{"inline_featured_image":false},"product_cat":[772,1365],"product_tag":[],"yst_prominent_words":[],"class_list":{"0":"post-36205","1":"product","2":"type-product","3":"status-publish","4":"has-post-thumbnail","6":"product_cat-atlaides","7":"product_cat-eco-halogen-spuldzes","9":"first","10":"outofstock","11":"sale","12":"taxable","13":"shipping-taxable","14":"purchasable","15":"product-type-simple"},"jetpack_sharing_enabled":true,"_links":{"self":[{"href":"https:\/\/ddt.lv\/lv\/wp-json\/wp\/v2\/product\/36205"}],"collection":[{"href":"https:\/\/ddt.lv\/lv\/wp-json\/wp\/v2\/product"}],"about":[{"href":"https:\/\/ddt.lv\/lv\/wp-json\/wp\/v2\/types\/product"}],"replies":[{"embeddable":true,"href":"https:\/\/ddt.lv\/lv\/wp-json\/wp\/v2\/comments?post=36205"}],"wp:featuredmedia":[{"embeddable":true,"href":"https:\/\/ddt.lv\/lv\/wp-json\/wp\/v2\/media\/36207"}],"wp:attachment":[{"href":"https:\/\/ddt.lv\/lv\/wp-json\/wp\/v2\/media?parent=36205"}],"wp:term":[{"taxonomy":"product_cat","embeddable":true,"href":"https:\/\/ddt.lv\/lv\/wp-json\/wp\/v2\/product_cat?post=36205"},{"taxonomy":"product_tag","embeddable":true,"href":"https:\/\/ddt.lv\/lv\/wp-json\/wp\/v2\/product_tag?post=36205"},{"taxonomy":"yst_prominent_words","embeddable":true,"href":"https:\/\/ddt.lv\/lv\/wp-json\/wp\/v2\/yst_prominent_words?post=36205"}],"curies":[{"name":"wp","href":"https:\/\/api.w.org\/{rel}","templated":true}]}}