{"id":36129,"date":"2023-01-09T11:00:29","date_gmt":"2023-01-09T09:00:29","guid":{"rendered":"https:\/\/ddt.lv\/lv\/product\/spuldzites-svecturiem-led-14-55v-0-5w-e10-2100k\/"},"modified":"2026-04-06T11:01:10","modified_gmt":"2026-04-06T08:01:10","slug":"spuldzites-svecturiem-led-14-55v-0-5w-e10-2100k","status":"publish","type":"product","link":"https:\/\/ddt.lv\/lv\/product\/spuldzites-svecturiem-led-14-55v-0-5w-e10-2100k\/","title":{"rendered":"Spuldz\u012btes sve\u010dturiem LED 14-55V 0.5W E10 2100K"},"content":{"rendered":"<p>Komplekt\u0101 ietilpst 3 LED E10 spuldz\u012btes, kuras ir piem\u0113rotas uzst\u0101d\u012b\u0161anai iek\u0161telp\u0101s, ievietojot t\u0101s, piem\u0113ram, sve\u010dturos.<\/p>\n<p>Vis\u0101m spuldz\u0113m gaismekl\u012b j\u0101b\u016bt vien\u0101d\u0101m, viena un t\u0101 pa\u0161a tipa, tehnisko inform\u0101ciju las\u012bt zem\u0101k.<\/p>\n<p>T\u0101s izstaro silti baltu gaismu un to vid\u0113jais kalpo\u0161anas ilgums ir l\u012bdz 10000 stund\u0101m. Gaismas kr\u0101su temperat\u016bra ir 2100K un pl\u016bsma 5lm. Spuldz\u012btes platums ir 1,3cm, augstums &#8211; 4,5cm. Vienas spuldz\u012btes kop\u0113j\u0101 jauda 0,5W.<\/p>","protected":false},"excerpt":{"rendered":"<p>Komplekt\u0101 ietilpst 3 LED E10 spuldz\u012btes, kuras ir piem\u0113rotas uzst\u0101d\u012b\u0161anai iek\u0161telp\u0101s, ievietojot t\u0101s, piem\u0113ram, sve\u010dturos. Vis\u0101m spuldz\u0113m gaismekl\u012b j\u0101b\u016bt vien\u0101d\u0101m, viena un t\u0101 pa\u0161a tipa, tehnisko inform\u0101ciju las\u012bt zem\u0101k. T\u0101s izstaro silti baltu gaismu un to vid\u0113jais kalpo\u0161anas ilgums ir l\u012bdz 10000 stund\u0101m. Gaismas kr\u0101su temperat\u016bra ir 2100K un pl\u016bsma 5lm. Spuldz\u012btes platums ir 1,3cm, [&hellip;]<\/p>\n","protected":false},"featured_media":36132,"comment_status":"closed","ping_status":"closed","template":"","meta":{"inline_featured_image":false},"product_cat":[772,875],"product_tag":[],"yst_prominent_words":[],"class_list":{"0":"post-36129","1":"product","2":"type-product","3":"status-publish","4":"has-post-thumbnail","6":"product_cat-atlaides","7":"product_cat-dekorativas-led-spuldzes-dekorativas-spuldzes-spuldzes","9":"first","10":"outofstock","11":"sale","12":"taxable","13":"shipping-taxable","14":"purchasable","15":"product-type-simple"},"jetpack_sharing_enabled":true,"_links":{"self":[{"href":"https:\/\/ddt.lv\/lv\/wp-json\/wp\/v2\/product\/36129"}],"collection":[{"href":"https:\/\/ddt.lv\/lv\/wp-json\/wp\/v2\/product"}],"about":[{"href":"https:\/\/ddt.lv\/lv\/wp-json\/wp\/v2\/types\/product"}],"replies":[{"embeddable":true,"href":"https:\/\/ddt.lv\/lv\/wp-json\/wp\/v2\/comments?post=36129"}],"wp:featuredmedia":[{"embeddable":true,"href":"https:\/\/ddt.lv\/lv\/wp-json\/wp\/v2\/media\/36132"}],"wp:attachment":[{"href":"https:\/\/ddt.lv\/lv\/wp-json\/wp\/v2\/media?parent=36129"}],"wp:term":[{"taxonomy":"product_cat","embeddable":true,"href":"https:\/\/ddt.lv\/lv\/wp-json\/wp\/v2\/product_cat?post=36129"},{"taxonomy":"product_tag","embeddable":true,"href":"https:\/\/ddt.lv\/lv\/wp-json\/wp\/v2\/product_tag?post=36129"},{"taxonomy":"yst_prominent_words","embeddable":true,"href":"https:\/\/ddt.lv\/lv\/wp-json\/wp\/v2\/yst_prominent_words?post=36129"}],"curies":[{"name":"wp","href":"https:\/\/api.w.org\/{rel}","templated":true}]}}