{"id":36077,"date":"2023-01-06T21:40:28","date_gmt":"2023-01-06T19:40:28","guid":{"rendered":"https:\/\/ddt.lv\/lv\/product\/gu10-6w-220v-410lm-6400k-30kh-60-zext-led-rico-spuldze\/"},"modified":"2026-04-08T14:28:10","modified_gmt":"2026-04-08T11:28:10","slug":"gu10-6w-220v-410lm-6400k-30kh-60-zext-led-rico-spuldze","status":"publish","type":"product","link":"https:\/\/ddt.lv\/lv\/product\/gu10-6w-220v-410lm-6400k-30kh-60-zext-led-rico-spuldze\/","title":{"rendered":"GU10 6W 220V 410lm 6400K 30Kh 60&#8242; ZEXT LED Rico spuldze"},"content":{"rendered":"<p>Jaun\u0101 Blueline LED spuld\u017eu s\u0113rija ir ZeXt atbilde pras\u012bg\u0101ku lietot\u0101ju vajadz\u012bb\u0101m, kuriem r\u016bp augst\u0101k\u0101s kvalit\u0101tes apgaismojums. Spuldzes ir apr\u012bkotas ar IC baro\u0161anas blokiem, lai nov\u0113rstu gaismas mirgo\u0161anu, kas ir izplat\u012bta starp l\u0113t\u0101kiem gaismas avotiem. S\u0113rija atbilst stingraj\u0101m Eiropas Savien\u012bbas pras\u012bb\u0101m vides aizsardz\u012bbas jom\u0101. Mazie izm\u0113ri apvienojum\u0101 ar lielisku temperat\u016bras kontroli \u013cauj bez bail\u0113m t\u0101s izmantot k\u0101 tradicion\u0101lo spuld\u017eu aizst\u0101j\u0113jus.<\/p>","protected":false},"excerpt":{"rendered":"<p>Jaun\u0101 Blueline LED spuld\u017eu s\u0113rija ir ZeXt atbilde pras\u012bg\u0101ku lietot\u0101ju vajadz\u012bb\u0101m, kuriem r\u016bp augst\u0101k\u0101s kvalit\u0101tes apgaismojums. Spuldzes ir apr\u012bkotas ar IC baro\u0161anas blokiem, lai nov\u0113rstu gaismas mirgo\u0161anu, kas ir izplat\u012bta starp l\u0113t\u0101kiem gaismas avotiem. S\u0113rija atbilst stingraj\u0101m Eiropas Savien\u012bbas pras\u012bb\u0101m vides aizsardz\u012bbas jom\u0101. Mazie izm\u0113ri apvienojum\u0101 ar lielisku temperat\u016bras kontroli \u013cauj bez bail\u0113m t\u0101s izmantot [&hellip;]<\/p>\n","protected":false},"featured_media":36196,"comment_status":"closed","ping_status":"closed","template":"","meta":{"inline_featured_image":false},"product_cat":[772,852],"product_tag":[],"yst_prominent_words":[],"class_list":{"0":"post-36077","1":"product","2":"type-product","3":"status-publish","4":"has-post-thumbnail","6":"product_cat-atlaides","7":"product_cat-gu10-spuldzes","9":"first","10":"instock","11":"sale","12":"taxable","13":"shipping-taxable","14":"purchasable","15":"product-type-simple"},"jetpack_sharing_enabled":true,"_links":{"self":[{"href":"https:\/\/ddt.lv\/lv\/wp-json\/wp\/v2\/product\/36077"}],"collection":[{"href":"https:\/\/ddt.lv\/lv\/wp-json\/wp\/v2\/product"}],"about":[{"href":"https:\/\/ddt.lv\/lv\/wp-json\/wp\/v2\/types\/product"}],"replies":[{"embeddable":true,"href":"https:\/\/ddt.lv\/lv\/wp-json\/wp\/v2\/comments?post=36077"}],"wp:featuredmedia":[{"embeddable":true,"href":"https:\/\/ddt.lv\/lv\/wp-json\/wp\/v2\/media\/36196"}],"wp:attachment":[{"href":"https:\/\/ddt.lv\/lv\/wp-json\/wp\/v2\/media?parent=36077"}],"wp:term":[{"taxonomy":"product_cat","embeddable":true,"href":"https:\/\/ddt.lv\/lv\/wp-json\/wp\/v2\/product_cat?post=36077"},{"taxonomy":"product_tag","embeddable":true,"href":"https:\/\/ddt.lv\/lv\/wp-json\/wp\/v2\/product_tag?post=36077"},{"taxonomy":"yst_prominent_words","embeddable":true,"href":"https:\/\/ddt.lv\/lv\/wp-json\/wp\/v2\/yst_prominent_words?post=36077"}],"curies":[{"name":"wp","href":"https:\/\/api.w.org\/{rel}","templated":true}]}}