{"id":36076,"date":"2023-01-06T21:40:28","date_gmt":"2023-01-06T19:40:28","guid":{"rendered":"https:\/\/ddt.lv\/lv\/product\/led-gu10-7w-240v-100-530lm-4000k-nw-dim-avide-spuldze\/"},"modified":"2026-04-13T09:57:36","modified_gmt":"2026-04-13T06:57:36","slug":"led-gu10-7w-240v-100-530lm-4000k-nw-dim-avide-spuldze","status":"publish","type":"product","link":"https:\/\/ddt.lv\/lv\/product\/led-gu10-7w-240v-100-530lm-4000k-nw-dim-avide-spuldze\/","title":{"rendered":"LED GU10 7W 240V 100&#8242; 530lm 4000K NW DIM AVIDE spuldze"},"content":{"rendered":"<p>Avide LED Spot GU10 izmanto\u0161ana ir viens no lab\u0101kajiem veidiem, k\u0101 sasniegt energoefektivit\u0101ti, kas var b\u016bt l\u012bdz pat 90%, sal\u012bdzinot ar tradicion\u0101laj\u0101m spuldz\u0113m.<\/p>\n<p>Tie ir lieliski piem\u0113roti, lai aizst\u0101tu vec\u0101kus m\u0101jsaimniec\u012bb\u0101s sastopamos apgaismojuma risin\u0101jumus. Pateicoties zemajam pat\u0113ri\u0146am un ilgajam kalpo\u0161anas laikam, tie nodro\u0161ina iev\u0113rojamus ietaup\u012bjumus, un tie nemirgo, t\u0101p\u0113c tie ir ar\u012b viegli ac\u012bm.Avide LED Spot GU10 izmanto\u0161ana ir viens no lab\u0101kajiem veidiem, k\u0101 sasniegt energoefektivit\u0101ti, kas var b\u016bt l\u012bdz pat 90%, sal\u012bdzinot ar tradicion\u0101laj\u0101m spuldz\u0113m.<\/p>\n<p>Tie ir lieliski piem\u0113roti, lai aizst\u0101tu vec\u0101kus m\u0101jsaimniec\u012bb\u0101s sastopamos apgaismojuma risin\u0101jumus. Pateicoties zemajam pat\u0113ri\u0146am un ilgajam kalpo\u0161anas laikam, tie nodro\u0161ina iev\u0113rojamus ietaup\u012bjumus, un tie nemirgo, t\u0101p\u0113c tie ir ar\u012b viegli ac\u012bm.<\/p>","protected":false},"excerpt":{"rendered":"<p>Avide LED Spot GU10 izmanto\u0161ana ir viens no lab\u0101kajiem veidiem, k\u0101 sasniegt energoefektivit\u0101ti, kas var b\u016bt l\u012bdz pat 90%, sal\u012bdzinot ar tradicion\u0101laj\u0101m spuldz\u0113m. Tie ir lieliski piem\u0113roti, lai aizst\u0101tu vec\u0101kus m\u0101jsaimniec\u012bb\u0101s sastopamos apgaismojuma risin\u0101jumus. Pateicoties zemajam pat\u0113ri\u0146am un ilgajam kalpo\u0161anas laikam, tie nodro\u0161ina iev\u0113rojamus ietaup\u012bjumus, un tie nemirgo, t\u0101p\u0113c tie ir ar\u012b viegli ac\u012bm.Avide LED [&hellip;]<\/p>\n","protected":false},"featured_media":36197,"comment_status":"closed","ping_status":"closed","template":"","meta":{"inline_featured_image":false},"product_cat":[772,852],"product_tag":[],"yst_prominent_words":[],"class_list":{"0":"post-36076","1":"product","2":"type-product","3":"status-publish","4":"has-post-thumbnail","6":"product_cat-atlaides","7":"product_cat-gu10-spuldzes","9":"first","10":"instock","11":"sale","12":"taxable","13":"shipping-taxable","14":"purchasable","15":"product-type-simple"},"jetpack_sharing_enabled":true,"_links":{"self":[{"href":"https:\/\/ddt.lv\/lv\/wp-json\/wp\/v2\/product\/36076"}],"collection":[{"href":"https:\/\/ddt.lv\/lv\/wp-json\/wp\/v2\/product"}],"about":[{"href":"https:\/\/ddt.lv\/lv\/wp-json\/wp\/v2\/types\/product"}],"replies":[{"embeddable":true,"href":"https:\/\/ddt.lv\/lv\/wp-json\/wp\/v2\/comments?post=36076"}],"wp:featuredmedia":[{"embeddable":true,"href":"https:\/\/ddt.lv\/lv\/wp-json\/wp\/v2\/media\/36197"}],"wp:attachment":[{"href":"https:\/\/ddt.lv\/lv\/wp-json\/wp\/v2\/media?parent=36076"}],"wp:term":[{"taxonomy":"product_cat","embeddable":true,"href":"https:\/\/ddt.lv\/lv\/wp-json\/wp\/v2\/product_cat?post=36076"},{"taxonomy":"product_tag","embeddable":true,"href":"https:\/\/ddt.lv\/lv\/wp-json\/wp\/v2\/product_tag?post=36076"},{"taxonomy":"yst_prominent_words","embeddable":true,"href":"https:\/\/ddt.lv\/lv\/wp-json\/wp\/v2\/yst_prominent_words?post=36076"}],"curies":[{"name":"wp","href":"https:\/\/api.w.org\/{rel}","templated":true}]}}