{"id":36075,"date":"2023-01-06T21:40:28","date_gmt":"2023-01-06T19:40:28","guid":{"rendered":"https:\/\/ddt.lv\/lv\/product\/led-gu10-5w-240v-105-350lm-3000k-inesa-spuldze\/"},"modified":"2026-04-08T14:31:16","modified_gmt":"2026-04-08T11:31:16","slug":"led-gu10-5w-240v-105-350lm-3000k-inesa-spuldze","status":"publish","type":"product","link":"https:\/\/ddt.lv\/lv\/product\/led-gu10-5w-240v-105-350lm-3000k-inesa-spuldze\/","title":{"rendered":"*LED GU10 5W 240V 105&#8242; 350lm 3000K INESA spuldze"},"content":{"rendered":"<p><span class=\"HwtZe\" lang=\"lv\"><span class=\"jCAhz ChMk0b\"><span class=\"ryNqvb\">Kvalitat\u012bva INESA LED spuldze ar 3 gadu garantiju!<\/span><\/span> <span class=\"jCAhz ChMk0b\"><span class=\"ryNqvb\">Labv\u0113l\u012bgo apgaismojuma v\u0113rt\u012bbu d\u0113\u013c punktlampu apgaismojums ir \u013coti izplat\u012bts pat tradicion\u0101lo kv\u0113lspuld\u017eu laikos.<\/span><\/span> <span class=\"jCAhz ChMk0b\"><span class=\"ryNqvb\">Galvenais bija virziena gaisma, ko \u0161\u0101da veida spuldzes pan\u0101ca ar iek\u0161\u0113jo elektroinstal\u0101ciju.<\/span><\/span> <span class=\"jCAhz ChMk0b\"><span class=\"ryNqvb\">Gaismas diodes jau labu laiku lieliski tiek izmantotas, lai aizst\u0101tu \u0161\u0101da veida (virz\u012bt\u0101s gaismas) gaismas avotus, jo LED ir virziena gaisma, t\u0101p\u0113c tie iedegas pareizaj\u0101 virzien\u0101 bez trikiem!<\/span><\/span> <span class=\"jCAhz ChMk0b\"><span class=\"ryNqvb\">\u0160aj\u0101 LED spuldz\u0113 k\u0101 gaismas avots ir Chip On Board LED.<\/span><\/span> <span class=\"jCAhz ChMk0b\"><span class=\"ryNqvb\">Daudzu LED risin\u0101jumu priek\u0161roc\u012bba ir t\u0101da, ka, kad tie ir iesl\u0113gti, to gaisma ir maz\u0101k ap\u017eilbino\u0161a nek\u0101 punktveida gaismas avoti.<\/span><\/span><\/span><\/p>","protected":false},"excerpt":{"rendered":"<p>Kvalitat\u012bva INESA LED spuldze ar 3 gadu garantiju! Labv\u0113l\u012bgo apgaismojuma v\u0113rt\u012bbu d\u0113\u013c punktlampu apgaismojums ir \u013coti izplat\u012bts pat tradicion\u0101lo kv\u0113lspuld\u017eu laikos. Galvenais bija virziena gaisma, ko \u0161\u0101da veida spuldzes pan\u0101ca ar iek\u0161\u0113jo elektroinstal\u0101ciju. Gaismas diodes jau labu laiku lieliski tiek izmantotas, lai aizst\u0101tu \u0161\u0101da veida (virz\u012bt\u0101s gaismas) gaismas avotus, jo LED ir virziena gaisma, t\u0101p\u0113c [&hellip;]<\/p>\n","protected":false},"featured_media":36199,"comment_status":"closed","ping_status":"closed","template":"","meta":{"inline_featured_image":false},"product_cat":[772,852],"product_tag":[],"yst_prominent_words":[],"class_list":{"0":"post-36075","1":"product","2":"type-product","3":"status-publish","4":"has-post-thumbnail","6":"product_cat-atlaides","7":"product_cat-gu10-spuldzes","9":"first","10":"instock","11":"sale","12":"taxable","13":"shipping-taxable","14":"purchasable","15":"product-type-simple"},"jetpack_sharing_enabled":true,"_links":{"self":[{"href":"https:\/\/ddt.lv\/lv\/wp-json\/wp\/v2\/product\/36075"}],"collection":[{"href":"https:\/\/ddt.lv\/lv\/wp-json\/wp\/v2\/product"}],"about":[{"href":"https:\/\/ddt.lv\/lv\/wp-json\/wp\/v2\/types\/product"}],"replies":[{"embeddable":true,"href":"https:\/\/ddt.lv\/lv\/wp-json\/wp\/v2\/comments?post=36075"}],"wp:featuredmedia":[{"embeddable":true,"href":"https:\/\/ddt.lv\/lv\/wp-json\/wp\/v2\/media\/36199"}],"wp:attachment":[{"href":"https:\/\/ddt.lv\/lv\/wp-json\/wp\/v2\/media?parent=36075"}],"wp:term":[{"taxonomy":"product_cat","embeddable":true,"href":"https:\/\/ddt.lv\/lv\/wp-json\/wp\/v2\/product_cat?post=36075"},{"taxonomy":"product_tag","embeddable":true,"href":"https:\/\/ddt.lv\/lv\/wp-json\/wp\/v2\/product_tag?post=36075"},{"taxonomy":"yst_prominent_words","embeddable":true,"href":"https:\/\/ddt.lv\/lv\/wp-json\/wp\/v2\/yst_prominent_words?post=36075"}],"curies":[{"name":"wp","href":"https:\/\/api.w.org\/{rel}","templated":true}]}}