{"id":36074,"date":"2023-01-06T21:40:28","date_gmt":"2023-01-06T19:40:28","guid":{"rendered":"https:\/\/ddt.lv\/lv\/product\/led-gu10-6-2w-110-240v-450lm-4000k-spuldze-sylvania\/"},"modified":"2026-04-09T12:10:31","modified_gmt":"2026-04-09T09:10:31","slug":"led-gu10-6-2w-110-240v-450lm-4000k-spuldze-sylvania","status":"publish","type":"product","link":"https:\/\/ddt.lv\/lv\/product\/led-gu10-6-2w-110-240v-450lm-4000k-spuldze-sylvania\/","title":{"rendered":"LED GU10 6.2W 110&#8242; 240V 450lm 4000K spuldze Sylvania"},"content":{"rendered":"<p><\/p>\n<ul>\n<li>Kompakta, energoefekt\u012bva un izcilas v\u0113rt\u012bbas LED GU10 lampa<\/li>\n<li>T\u0101da pati forma un izm\u0113rs k\u0101 halog\u0113na GU10 lampai<\/li>\n<li>Compact Cluster SMD tehnolo\u0123ija nodro\u0161ina augstu efektivit\u0101ti ar halog\u0113na izskatu<\/li>\n<li>Samazin\u0101ta redzam\u0101 siltuma izlietne no priek\u0161puses<\/li>\n<li>Pieejams 110 gr\u0101du stara le\u0146\u0137\u012b<\/li>\n<li>Augsta l\u016bmena efektivit\u0101te<\/li>\n<li>15 000 stundu vid\u0113jais nomin\u0101lais kalpo\u0161anas laiks<\/li>\n<li>3 gadu garantija<\/li>\n<\/ul>\n<p><\/p>","protected":false},"excerpt":{"rendered":"<p>Kompakta, energoefekt\u012bva un izcilas v\u0113rt\u012bbas LED GU10 lampa T\u0101da pati forma un izm\u0113rs k\u0101 halog\u0113na GU10 lampai Compact Cluster SMD tehnolo\u0123ija nodro\u0161ina augstu efektivit\u0101ti ar halog\u0113na izskatu Samazin\u0101ta redzam\u0101 siltuma izlietne no priek\u0161puses Pieejams 110 gr\u0101du stara le\u0146\u0137\u012b Augsta l\u016bmena efektivit\u0101te 15 000 stundu vid\u0113jais nomin\u0101lais kalpo\u0161anas laiks 3 gadu garantija<\/p>\n","protected":false},"featured_media":36201,"comment_status":"closed","ping_status":"closed","template":"","meta":{"inline_featured_image":false},"product_cat":[772,852],"product_tag":[],"yst_prominent_words":[],"class_list":{"0":"post-36074","1":"product","2":"type-product","3":"status-publish","4":"has-post-thumbnail","6":"product_cat-atlaides","7":"product_cat-gu10-spuldzes","9":"first","10":"instock","11":"sale","12":"taxable","13":"shipping-taxable","14":"purchasable","15":"product-type-simple"},"jetpack_sharing_enabled":true,"_links":{"self":[{"href":"https:\/\/ddt.lv\/lv\/wp-json\/wp\/v2\/product\/36074"}],"collection":[{"href":"https:\/\/ddt.lv\/lv\/wp-json\/wp\/v2\/product"}],"about":[{"href":"https:\/\/ddt.lv\/lv\/wp-json\/wp\/v2\/types\/product"}],"replies":[{"embeddable":true,"href":"https:\/\/ddt.lv\/lv\/wp-json\/wp\/v2\/comments?post=36074"}],"wp:featuredmedia":[{"embeddable":true,"href":"https:\/\/ddt.lv\/lv\/wp-json\/wp\/v2\/media\/36201"}],"wp:attachment":[{"href":"https:\/\/ddt.lv\/lv\/wp-json\/wp\/v2\/media?parent=36074"}],"wp:term":[{"taxonomy":"product_cat","embeddable":true,"href":"https:\/\/ddt.lv\/lv\/wp-json\/wp\/v2\/product_cat?post=36074"},{"taxonomy":"product_tag","embeddable":true,"href":"https:\/\/ddt.lv\/lv\/wp-json\/wp\/v2\/product_tag?post=36074"},{"taxonomy":"yst_prominent_words","embeddable":true,"href":"https:\/\/ddt.lv\/lv\/wp-json\/wp\/v2\/yst_prominent_words?post=36074"}],"curies":[{"name":"wp","href":"https:\/\/api.w.org\/{rel}","templated":true}]}}