{"id":36073,"date":"2023-01-06T21:40:27","date_gmt":"2023-01-06T19:40:27","guid":{"rendered":"https:\/\/ddt.lv\/lv\/product\/led-gu10-5-5w-40-240v-360lm-2700k-dim-sylvania-spuldze\/"},"modified":"2026-04-06T10:50:54","modified_gmt":"2026-04-06T07:50:54","slug":"led-gu10-5-5w-40-240v-360lm-2700k-dim-sylvania-spuldze","status":"publish","type":"product","link":"https:\/\/ddt.lv\/lv\/product\/led-gu10-5-5w-40-240v-360lm-2700k-dim-sylvania-spuldze\/","title":{"rendered":"LED GU10 5.5W 40&#8242; 240V 360lm 2700K DIM Sylvania spuldze"},"content":{"rendered":"<p>RefLED+ ES50 V2 Dimmable ir lab\u0101k\u0101 LED lampa, kas paredz\u0113ta halog\u0113na GU10 aizst\u0101\u0161anai ar LED, nodro\u0161inot stabilu, ilgu kalpo\u0161anas laiku ar objekt\u012bva dizainu, kas atdarina halog\u0113na \u0161\u0137aut\u0146u izskatu un nodro\u0161ina pilnu 50\u00a0mm gaismas atv\u0113rumu. 360\u00a0lm gaismas, kas atbilst 52\u00a0W ar vid\u0113jo nomin\u0101lo kalpo\u0161anas laiku 25\u00a0000 stundu. Aptum\u0161ojams uz apstiprin\u0101tiem dimmeriem. PureForm dizains noz\u012bm\u0113, ka \u0161\u012b lampa ir veidota t\u0101, lai t\u0101 p\u0113c izm\u0113riem b\u016btu identiska GU10 lampai, nodro\u0161inot, ka t\u0101 iederas visos gaismek\u013cos. GU10 v\u0101ci\u0146\u0161. 40 gr\u0101du stara le\u0146\u0137is Homelight 2700K re\u017e\u012bm\u0101. Nodro\u0161in\u0101ts ar 3 gadu garantiju. Izmanto Sylania kompakto klasteru SMD (CCSMD) dizaina LED tehnolo\u0123iju, kas pied\u0101v\u0101 viena punkta avota halog\u0113na izskatu ar izteiksm\u012bgu, asu staru k\u016b\u013ca vad\u012bbu un izcilu kr\u0101su konsekvenci, vienlaikus nodro\u0161inot visu svar\u012bgo gaismu viendab\u012bgai gaismas sadalei.<\/p>","protected":false},"excerpt":{"rendered":"<p>RefLED+ ES50 V2 Dimmable ir lab\u0101k\u0101 LED lampa, kas paredz\u0113ta halog\u0113na GU10 aizst\u0101\u0161anai ar LED, nodro\u0161inot stabilu, ilgu kalpo\u0161anas laiku ar objekt\u012bva dizainu, kas atdarina halog\u0113na \u0161\u0137aut\u0146u izskatu un nodro\u0161ina pilnu 50\u00a0mm gaismas atv\u0113rumu. 360\u00a0lm gaismas, kas atbilst 52\u00a0W ar vid\u0113jo nomin\u0101lo kalpo\u0161anas laiku 25\u00a0000 stundu. Aptum\u0161ojams uz apstiprin\u0101tiem dimmeriem. PureForm dizains noz\u012bm\u0113, ka \u0161\u012b [&hellip;]<\/p>\n","protected":false},"featured_media":36191,"comment_status":"closed","ping_status":"closed","template":"","meta":{"inline_featured_image":false},"product_cat":[772,852],"product_tag":[],"yst_prominent_words":[],"class_list":{"0":"post-36073","1":"product","2":"type-product","3":"status-publish","4":"has-post-thumbnail","6":"product_cat-atlaides","7":"product_cat-gu10-spuldzes","9":"first","10":"instock","11":"sale","12":"taxable","13":"shipping-taxable","14":"purchasable","15":"product-type-simple"},"jetpack_sharing_enabled":true,"_links":{"self":[{"href":"https:\/\/ddt.lv\/lv\/wp-json\/wp\/v2\/product\/36073"}],"collection":[{"href":"https:\/\/ddt.lv\/lv\/wp-json\/wp\/v2\/product"}],"about":[{"href":"https:\/\/ddt.lv\/lv\/wp-json\/wp\/v2\/types\/product"}],"replies":[{"embeddable":true,"href":"https:\/\/ddt.lv\/lv\/wp-json\/wp\/v2\/comments?post=36073"}],"wp:featuredmedia":[{"embeddable":true,"href":"https:\/\/ddt.lv\/lv\/wp-json\/wp\/v2\/media\/36191"}],"wp:attachment":[{"href":"https:\/\/ddt.lv\/lv\/wp-json\/wp\/v2\/media?parent=36073"}],"wp:term":[{"taxonomy":"product_cat","embeddable":true,"href":"https:\/\/ddt.lv\/lv\/wp-json\/wp\/v2\/product_cat?post=36073"},{"taxonomy":"product_tag","embeddable":true,"href":"https:\/\/ddt.lv\/lv\/wp-json\/wp\/v2\/product_tag?post=36073"},{"taxonomy":"yst_prominent_words","embeddable":true,"href":"https:\/\/ddt.lv\/lv\/wp-json\/wp\/v2\/yst_prominent_words?post=36073"}],"curies":[{"name":"wp","href":"https:\/\/api.w.org\/{rel}","templated":true}]}}