{"id":36069,"date":"2023-01-06T21:20:28","date_gmt":"2023-01-06T19:20:28","guid":{"rendered":"https:\/\/ddt.lv\/lv\/product\/led-globe-filament-g95-e27-7w-240v-800lm-2700k-320-inesa-spuldze\/"},"modified":"2026-04-06T10:52:33","modified_gmt":"2026-04-06T07:52:33","slug":"led-globe-filament-g95-e27-7w-240v-800lm-2700k-320-inesa-spuldze","status":"publish","type":"product","link":"https:\/\/ddt.lv\/lv\/product\/led-globe-filament-g95-e27-7w-240v-800lm-2700k-320-inesa-spuldze\/","title":{"rendered":"LED GLOBE FILAMENT G95 E27 7W 240V 800lm 2700K 320&#8242; INESA spuldze"},"content":{"rendered":"<p>ENER\u0122IJAS TAUP\u012a\u0160ANA\u00a0\u2014 8\u00a0W, kas atbilst 80\u00a0vatu kv\u0113lspuldzei, ietaupa vair\u0101k nek\u0101 90% ener\u0123ijas, iev\u0113rojami samazina j\u016bsu elektr\u012bbas r\u0113\u0137inu.<br \/>\nILGS DZ\u012aVES DARB\u012aBAS\u00a0\u2014 LED kv\u0113lspuldze nodro\u0161ina 25\u00a0000\u00a0stundu kalpo\u0161anas laiku, atrisinot probl\u0113mas, kas saist\u012btas ar bie\u017eu spuld\u017eu nomai\u0146u<br \/>\nNAV LED spuldzes bez aptum\u0161o\u0161anas\u00a0\u2014 labi aizsarg\u0101 j\u016bsu acis\u00a1\u00aa Lieliska veiktsp\u0113ja, silta balta, bez dz\u012bvsudraba, bez UV un IR, nav \u017eilbino\u0161a, 2700\u00a0K Edison kv\u0113ldiega spuldze ir eleganta un skaista p\u0113c izskata, spilgtuma un kr\u0101sas, lieliski radot neitr\u0101lu, vesel\u012bgu un m\u0101j\u012bga atmosf\u0113ra m\u0101j\u0101m, nov\u0113r\u0161ot parast\u0101s lampas izrais\u012bto acu nogurumu<br \/>\nPLA\u0160I LIETO\u0160ANA -8W spuldze Izmanto lustr\u0101m, sienas sve\u010dturiem, restor\u0101nu piekarin\u0101m\u0101m gaism\u0101m, dekorat\u012bv\u0101m gaism\u0101m, komerci\u0101l\u0101m gaismas virkn\u0113m, dekorat\u012bviem gaismas pavedieniem vai jebkuram dekorat\u012bvam lietojumam, kas pie\u013cauj sve\u010du spuld\u017eu veidus.<br \/>\n24 M\u0112NE\u0160U GARANTIJA &#8211; 100% apmierin\u0101ta garantija ar nomai\u0146u vai naudas atmaksu neapmierin\u0101tu vai kvalit\u0101tes probl\u0113mu gad\u012bjum\u0101. Kast\u012bt\u0113 ietilpst LED spuldze 8W, 2-Pack. Pas\u016btiet tagad un izbaudiet m\u016bsu 2 gadu garantijas \u0113rt\u012bbasENER\u0122IJAS TAUP\u012a\u0160ANA\u00a0\u2014 8\u00a0W, kas atbilst 80\u00a0vatu kv\u0113lspuldzei, ietaupa vair\u0101k nek\u0101 90% ener\u0123ijas, iev\u0113rojami samazina j\u016bsu elektr\u012bbas r\u0113\u0137inu.<br \/>\nILGS DZ\u012aVES DARB\u012aBAS\u00a0\u2014 LED kv\u0113lspuldze nodro\u0161ina 25\u00a0000\u00a0stundu kalpo\u0161anas laiku, atrisinot probl\u0113mas, kas saist\u012btas ar bie\u017eu spuld\u017eu nomai\u0146u<br \/>\nNAV LED spuldzes bez aptum\u0161o\u0161anas\u00a0\u2014 labi aizsarg\u0101 j\u016bsu acis\u00a1\u00aa Lieliska veiktsp\u0113ja, silta balta, bez dz\u012bvsudraba, bez UV un IR, nav \u017eilbino\u0161a, 2700\u00a0K Edison kv\u0113ldiega spuldze ir eleganta un skaista p\u0113c izskata, spilgtuma un kr\u0101sas, lieliski radot neitr\u0101lu, vesel\u012bgu un m\u0101j\u012bga atmosf\u0113ra m\u0101j\u0101m, nov\u0113r\u0161ot parast\u0101s lampas izrais\u012bto acu nogurumu<br \/>\nPLA\u0160I LIETO\u0160ANA -8W spuldze Izmanto lustr\u0101m, sienas sve\u010dturiem, restor\u0101nu piekarin\u0101m\u0101m gaism\u0101m, dekorat\u012bv\u0101m gaism\u0101m, komerci\u0101l\u0101m gaismas virkn\u0113m, dekorat\u012bviem gaismas pavedieniem vai jebkuram dekorat\u012bvam lietojumam, kas pie\u013cauj sve\u010du spuld\u017eu veidus.<br \/>\n24 M\u0112NE\u0160U GARANTIJA &#8211; 100% apmierin\u0101ta garantija ar nomai\u0146u vai naudas atmaksu neapmierin\u0101tu vai kvalit\u0101tes probl\u0113mu gad\u012bjum\u0101. Kast\u012bt\u0113 ietilpst LED spuldze 8W, 2-Pack. Pas\u016btiet tagad un izbaudiet m\u016bsu 2 gadu garantijas \u0113rt\u012bbas<\/p>","protected":false},"excerpt":{"rendered":"<p>ENER\u0122IJAS TAUP\u012a\u0160ANA\u00a0\u2014 8\u00a0W, kas atbilst 80\u00a0vatu kv\u0113lspuldzei, ietaupa vair\u0101k nek\u0101 90% ener\u0123ijas, iev\u0113rojami samazina j\u016bsu elektr\u012bbas r\u0113\u0137inu. ILGS DZ\u012aVES DARB\u012aBAS\u00a0\u2014 LED kv\u0113lspuldze nodro\u0161ina 25\u00a0000\u00a0stundu kalpo\u0161anas laiku, atrisinot probl\u0113mas, kas saist\u012btas ar bie\u017eu spuld\u017eu nomai\u0146u NAV LED spuldzes bez aptum\u0161o\u0161anas\u00a0\u2014 labi aizsarg\u0101 j\u016bsu acis\u00a1\u00aa Lieliska veiktsp\u0113ja, silta balta, bez dz\u012bvsudraba, bez UV un IR, nav \u017eilbino\u0161a, [&hellip;]<\/p>\n","protected":false},"featured_media":36203,"comment_status":"closed","ping_status":"closed","template":"","meta":{"inline_featured_image":false},"product_cat":[772,925],"product_tag":[],"yst_prominent_words":[],"class_list":{"0":"post-36069","1":"product","2":"type-product","3":"status-publish","4":"has-post-thumbnail","6":"product_cat-atlaides","7":"product_cat-filament-tipa-spuldzes","9":"first","10":"instock","11":"sale","12":"taxable","13":"shipping-taxable","14":"purchasable","15":"product-type-simple"},"jetpack_sharing_enabled":true,"_links":{"self":[{"href":"https:\/\/ddt.lv\/lv\/wp-json\/wp\/v2\/product\/36069"}],"collection":[{"href":"https:\/\/ddt.lv\/lv\/wp-json\/wp\/v2\/product"}],"about":[{"href":"https:\/\/ddt.lv\/lv\/wp-json\/wp\/v2\/types\/product"}],"replies":[{"embeddable":true,"href":"https:\/\/ddt.lv\/lv\/wp-json\/wp\/v2\/comments?post=36069"}],"wp:featuredmedia":[{"embeddable":true,"href":"https:\/\/ddt.lv\/lv\/wp-json\/wp\/v2\/media\/36203"}],"wp:attachment":[{"href":"https:\/\/ddt.lv\/lv\/wp-json\/wp\/v2\/media?parent=36069"}],"wp:term":[{"taxonomy":"product_cat","embeddable":true,"href":"https:\/\/ddt.lv\/lv\/wp-json\/wp\/v2\/product_cat?post=36069"},{"taxonomy":"product_tag","embeddable":true,"href":"https:\/\/ddt.lv\/lv\/wp-json\/wp\/v2\/product_tag?post=36069"},{"taxonomy":"yst_prominent_words","embeddable":true,"href":"https:\/\/ddt.lv\/lv\/wp-json\/wp\/v2\/yst_prominent_words?post=36069"}],"curies":[{"name":"wp","href":"https:\/\/api.w.org\/{rel}","templated":true}]}}