{"id":36068,"date":"2023-01-06T21:20:28","date_gmt":"2023-01-06T19:20:28","guid":{"rendered":"https:\/\/ddt.lv\/lv\/product\/led-reflektor-r50-v4-e14-4-9w-240v-470lm-4000k-spuldze-sylvania\/"},"modified":"2026-04-06T11:02:20","modified_gmt":"2026-04-06T08:02:20","slug":"led-reflektor-r50-v4-e14-4-9w-240v-470lm-4000k-spuldze-sylvania","status":"publish","type":"product","link":"https:\/\/ddt.lv\/lv\/product\/led-reflektor-r50-v4-e14-4-9w-240v-470lm-4000k-spuldze-sylvania\/","title":{"rendered":"LED Reflektor R50 V4 E14 4.9W 240V 470lm 4000K spuldze Sylvania"},"content":{"rendered":"<p><\/p>\n<p>Energoefekt\u012bva LED alternat\u012bva tradicion\u0101lajai kv\u0113lspuldzei un halog\u0113na atstarojo\u0161ajai lampai<br \/>\nM\u016bsdien\u012bga konstrukcija un pievilc\u012bgs dizains<br \/>\n\u0160\u0137\u012bdums bez dz\u012bvsudraba<br \/>\nIlgs vid\u0113jais nomin\u0101lais kalpo\u0161anas laiks: 15 000 stundas<br \/>\nZem\u0101kas uztur\u0113\u0161anas izmaksas sal\u012bdzin\u0101jum\u0101 ar tradicion\u0101laj\u0101m lamp\u0101m<br \/>\nNeaptum\u0161ojams<br \/>\n3 gadu garantija<br \/>\nLieliski piem\u0113rots visp\u0101r\u0113jam apgaismojumam: dz\u012bvojamo telpu apgaismojumam, leju apgaismojumam, viesn\u012bc\u0101m, viesn\u012bc\u0101m, restor\u0101niem, b\u0101riem, vestibiliem, koridoriem, hall\u0113m utt.<\/p>\n<p><\/p>\n<p><\/p>","protected":false},"excerpt":{"rendered":"<p>Energoefekt\u012bva LED alternat\u012bva tradicion\u0101lajai kv\u0113lspuldzei un halog\u0113na atstarojo\u0161ajai lampai M\u016bsdien\u012bga konstrukcija un pievilc\u012bgs dizains \u0160\u0137\u012bdums bez dz\u012bvsudraba Ilgs vid\u0113jais nomin\u0101lais kalpo\u0161anas laiks: 15 000 stundas Zem\u0101kas uztur\u0113\u0161anas izmaksas sal\u012bdzin\u0101jum\u0101 ar tradicion\u0101laj\u0101m lamp\u0101m Neaptum\u0161ojams 3 gadu garantija Lieliski piem\u0113rots visp\u0101r\u0113jam apgaismojumam: dz\u012bvojamo telpu apgaismojumam, leju apgaismojumam, viesn\u012bc\u0101m, viesn\u012bc\u0101m, restor\u0101niem, b\u0101riem, vestibiliem, koridoriem, hall\u0113m utt.<\/p>\n","protected":false},"featured_media":36176,"comment_status":"closed","ping_status":"closed","template":"","meta":{"inline_featured_image":false},"product_cat":[772,851],"product_tag":[],"yst_prominent_words":[],"class_list":{"0":"post-36068","1":"product","2":"type-product","3":"status-publish","4":"has-post-thumbnail","6":"product_cat-atlaides","7":"product_cat-e14-spuldzes","9":"first","10":"instock","11":"sale","12":"taxable","13":"shipping-taxable","14":"purchasable","15":"product-type-simple"},"jetpack_sharing_enabled":true,"_links":{"self":[{"href":"https:\/\/ddt.lv\/lv\/wp-json\/wp\/v2\/product\/36068"}],"collection":[{"href":"https:\/\/ddt.lv\/lv\/wp-json\/wp\/v2\/product"}],"about":[{"href":"https:\/\/ddt.lv\/lv\/wp-json\/wp\/v2\/types\/product"}],"replies":[{"embeddable":true,"href":"https:\/\/ddt.lv\/lv\/wp-json\/wp\/v2\/comments?post=36068"}],"wp:featuredmedia":[{"embeddable":true,"href":"https:\/\/ddt.lv\/lv\/wp-json\/wp\/v2\/media\/36176"}],"wp:attachment":[{"href":"https:\/\/ddt.lv\/lv\/wp-json\/wp\/v2\/media?parent=36068"}],"wp:term":[{"taxonomy":"product_cat","embeddable":true,"href":"https:\/\/ddt.lv\/lv\/wp-json\/wp\/v2\/product_cat?post=36068"},{"taxonomy":"product_tag","embeddable":true,"href":"https:\/\/ddt.lv\/lv\/wp-json\/wp\/v2\/product_tag?post=36068"},{"taxonomy":"yst_prominent_words","embeddable":true,"href":"https:\/\/ddt.lv\/lv\/wp-json\/wp\/v2\/yst_prominent_words?post=36068"}],"curies":[{"name":"wp","href":"https:\/\/api.w.org\/{rel}","templated":true}]}}