{"id":36067,"date":"2023-01-06T21:20:27","date_gmt":"2023-01-06T19:20:27","guid":{"rendered":"https:\/\/ddt.lv\/lv\/product\/led-reflektor-r50-v4-e14-4-9w-240v-470lm-3000k-spuldze-sylvania\/"},"modified":"2026-04-08T14:41:54","modified_gmt":"2026-04-08T11:41:54","slug":"led-reflektor-r50-v4-e14-4-9w-240v-470lm-3000k-spuldze-sylvania","status":"publish","type":"product","link":"https:\/\/ddt.lv\/lv\/product\/led-reflektor-r50-v4-e14-4-9w-240v-470lm-3000k-spuldze-sylvania\/","title":{"rendered":"LED Reflektor R50 V4 E14 4.9W 240V 470lm 3000K spuldze Sylvania"},"content":{"rendered":"<p>Energoefekt\u012bva LED alternat\u012bva tradicion\u0101lajai kv\u0113lspuldzei un halog\u0113na atstarojo\u0161ajai spuldzei.<br \/>\n\u00b7 M\u016bsdien\u012bga konstrukcija un pievilc\u012bgs dizains,<br \/>\n\u00b7 Dz\u012bvsudrabu nesaturo\u0161a spuldze.<br \/>\n\u00b7 Ilgs vid\u0113jais nomin\u0101lais kalpo\u0161anas laiks: 15 000 stundas<br \/>\n\u00b7 Zem\u0101kas uztur\u0113\u0161anas izmaksas sal\u012bdzin\u0101jum\u0101 ar kv\u0113lspuldsz\u0113m.<br \/>\n\u00b7 Neregul\u0113jams.<br \/>\n\u00b7 3 gadu garantija<br \/>\n\u00b7 Lieliski piem\u0113rots visp\u0101r\u0113jam apgaismojumam: dz\u012bvojamo telpu apgaismojumam,\u00a0 offisa apgaismojumam, viesn\u012bc\u0101m, viesn\u012bc\u0101m, restor\u0101niem, b\u0101ri, vestibili, koridori, z\u0101les utt.<\/p>","protected":false},"excerpt":{"rendered":"<p>Energoefekt\u012bva LED alternat\u012bva tradicion\u0101lajai kv\u0113lspuldzei un halog\u0113na atstarojo\u0161ajai spuldzei. \u00b7 M\u016bsdien\u012bga konstrukcija un pievilc\u012bgs dizains, \u00b7 Dz\u012bvsudrabu nesaturo\u0161a spuldze. \u00b7 Ilgs vid\u0113jais nomin\u0101lais kalpo\u0161anas laiks: 15 000 stundas \u00b7 Zem\u0101kas uztur\u0113\u0161anas izmaksas sal\u012bdzin\u0101jum\u0101 ar kv\u0113lspuldsz\u0113m. \u00b7 Neregul\u0113jams. \u00b7 3 gadu garantija \u00b7 Lieliski piem\u0113rots visp\u0101r\u0113jam apgaismojumam: dz\u012bvojamo telpu apgaismojumam,\u00a0 offisa apgaismojumam, viesn\u012bc\u0101m, viesn\u012bc\u0101m, restor\u0101niem, b\u0101ri, [&hellip;]<\/p>\n","protected":false},"featured_media":36171,"comment_status":"closed","ping_status":"closed","template":"","meta":{"inline_featured_image":false},"product_cat":[772,851],"product_tag":[],"yst_prominent_words":[],"class_list":{"0":"post-36067","1":"product","2":"type-product","3":"status-publish","4":"has-post-thumbnail","6":"product_cat-atlaides","7":"product_cat-e14-spuldzes","9":"first","10":"instock","11":"sale","12":"taxable","13":"shipping-taxable","14":"purchasable","15":"product-type-simple"},"jetpack_sharing_enabled":true,"_links":{"self":[{"href":"https:\/\/ddt.lv\/lv\/wp-json\/wp\/v2\/product\/36067"}],"collection":[{"href":"https:\/\/ddt.lv\/lv\/wp-json\/wp\/v2\/product"}],"about":[{"href":"https:\/\/ddt.lv\/lv\/wp-json\/wp\/v2\/types\/product"}],"replies":[{"embeddable":true,"href":"https:\/\/ddt.lv\/lv\/wp-json\/wp\/v2\/comments?post=36067"}],"wp:featuredmedia":[{"embeddable":true,"href":"https:\/\/ddt.lv\/lv\/wp-json\/wp\/v2\/media\/36171"}],"wp:attachment":[{"href":"https:\/\/ddt.lv\/lv\/wp-json\/wp\/v2\/media?parent=36067"}],"wp:term":[{"taxonomy":"product_cat","embeddable":true,"href":"https:\/\/ddt.lv\/lv\/wp-json\/wp\/v2\/product_cat?post=36067"},{"taxonomy":"product_tag","embeddable":true,"href":"https:\/\/ddt.lv\/lv\/wp-json\/wp\/v2\/product_tag?post=36067"},{"taxonomy":"yst_prominent_words","embeddable":true,"href":"https:\/\/ddt.lv\/lv\/wp-json\/wp\/v2\/yst_prominent_words?post=36067"}],"curies":[{"name":"wp","href":"https:\/\/api.w.org\/{rel}","templated":true}]}}