{"id":36066,"date":"2023-01-06T21:20:27","date_gmt":"2023-01-06T19:20:27","guid":{"rendered":"https:\/\/ddt.lv\/lv\/product\/so-led-stick-frost-t37-e27-5w-240v-500lm-4000k-syl-spuldze\/"},"modified":"2026-04-06T10:56:56","modified_gmt":"2026-04-06T07:56:56","slug":"so-led-stick-frost-t37-e27-5w-240v-500lm-4000k-syl-spuldze","status":"publish","type":"product","link":"https:\/\/ddt.lv\/lv\/product\/so-led-stick-frost-t37-e27-5w-240v-500lm-4000k-syl-spuldze\/","title":{"rendered":"LED Stick Frost T37 E27 5W 240V 500lm 4000K SYL spuldze"},"content":{"rendered":"<p>\u2022 Spilgts, visaptvero\u0161s apgaismojuma risin\u0101jums dz\u012bvojam\u0101m istab\u0101m, sienas gaismek\u013ci, griestu lampas, kompakts un dekorat\u012bvs<br \/>\napgaismojums. \u2022 \u0100tra un vienk\u0101r\u0161a 40 W kv\u0113lspuldzes nomai\u0146a \u2022 15 000 H vid\u0113jais nomin\u0101lais kalpo\u0161anas laiks \u2013<br \/>\n15 reizes ilg\u0101k nek\u0101 kv\u0113lspuldz\u0113m\/halog\u0113na spuldz\u0113m \u2022 87% ener\u0123ijas ietaup\u012bjums sal\u012bdzin\u0101jum\u0101 ar kv\u0113lspuldz\u0113m \u2022 Spuldze kalpo<br \/>\n50% ilg\u0101k un pat\u0113r\u0113 par 45% maz\u0101k ener\u0123ijas, sal\u012bdzinot ar kompaktaj\u0101m luminiscences spuldz\u0113m \u2022 A++<br \/>\nener\u0123ijas reitings \u2022 100 lm\/W \u2022 Visvirzienu gaismas sadal\u012bjums \u2022 Neregul\u0113jams.<\/p>","protected":false},"excerpt":{"rendered":"<p>\u2022 Spilgts, visaptvero\u0161s apgaismojuma risin\u0101jums dz\u012bvojam\u0101m istab\u0101m, sienas gaismek\u013ci, griestu lampas, kompakts un dekorat\u012bvs apgaismojums. \u2022 \u0100tra un vienk\u0101r\u0161a 40 W kv\u0113lspuldzes nomai\u0146a \u2022 15 000 H vid\u0113jais nomin\u0101lais kalpo\u0161anas laiks \u2013 15 reizes ilg\u0101k nek\u0101 kv\u0113lspuldz\u0113m\/halog\u0113na spuldz\u0113m \u2022 87% ener\u0123ijas ietaup\u012bjums sal\u012bdzin\u0101jum\u0101 ar kv\u0113lspuldz\u0113m \u2022 Spuldze kalpo 50% ilg\u0101k un pat\u0113r\u0113 par 45% maz\u0101k [&hellip;]<\/p>\n","protected":false},"featured_media":36164,"comment_status":"closed","ping_status":"closed","template":"","meta":{"inline_featured_image":false},"product_cat":[850],"product_tag":[],"yst_prominent_words":[],"class_list":{"0":"post-36066","1":"product","2":"type-product","3":"status-publish","4":"has-post-thumbnail","6":"product_cat-e27-spuldzes","8":"first","9":"instock","10":"taxable","11":"shipping-taxable","12":"purchasable","13":"product-type-simple"},"jetpack_sharing_enabled":true,"_links":{"self":[{"href":"https:\/\/ddt.lv\/lv\/wp-json\/wp\/v2\/product\/36066"}],"collection":[{"href":"https:\/\/ddt.lv\/lv\/wp-json\/wp\/v2\/product"}],"about":[{"href":"https:\/\/ddt.lv\/lv\/wp-json\/wp\/v2\/types\/product"}],"replies":[{"embeddable":true,"href":"https:\/\/ddt.lv\/lv\/wp-json\/wp\/v2\/comments?post=36066"}],"wp:featuredmedia":[{"embeddable":true,"href":"https:\/\/ddt.lv\/lv\/wp-json\/wp\/v2\/media\/36164"}],"wp:attachment":[{"href":"https:\/\/ddt.lv\/lv\/wp-json\/wp\/v2\/media?parent=36066"}],"wp:term":[{"taxonomy":"product_cat","embeddable":true,"href":"https:\/\/ddt.lv\/lv\/wp-json\/wp\/v2\/product_cat?post=36066"},{"taxonomy":"product_tag","embeddable":true,"href":"https:\/\/ddt.lv\/lv\/wp-json\/wp\/v2\/product_tag?post=36066"},{"taxonomy":"yst_prominent_words","embeddable":true,"href":"https:\/\/ddt.lv\/lv\/wp-json\/wp\/v2\/yst_prominent_words?post=36066"}],"curies":[{"name":"wp","href":"https:\/\/api.w.org\/{rel}","templated":true}]}}