{"id":36065,"date":"2023-01-06T21:20:27","date_gmt":"2023-01-06T19:20:27","guid":{"rendered":"https:\/\/ddt.lv\/lv\/product\/led-tubular-filament-t25-e14-2-5w-240v-250lm-2700k-spuldze-sylvania-2\/"},"modified":"2026-04-08T14:45:41","modified_gmt":"2026-04-08T11:45:41","slug":"led-tubular-filament-t25-e14-2-5w-240v-250lm-2700k-spuldze-sylvania-2","status":"publish","type":"product","link":"https:\/\/ddt.lv\/lv\/product\/led-tubular-filament-t25-e14-2-5w-240v-250lm-2700k-spuldze-sylvania-2\/","title":{"rendered":"LED Tubular Filament T25 E14 2.5W 240V 250lm 2700K spuldze Sylvania"},"content":{"rendered":"<p>Lieliski piem\u0113rots dekorat\u012bvam un visp\u0101r\u0113jam apgaismojumam un rada siltu gaisotni, kas ir l\u012bdz\u012bga<br \/>\ntradicion\u0101l\u0101m spuldz\u0113m.<br \/>\n\u00b7 ToLEDo Retro T25 lampa ir ide\u0101ls kv\u0113lspuld\u017eu aizst\u0101j\u0113js.<br \/>\n\u00b7 T\u0101ds pats izskats, izm\u0113rs un funkcionalit\u0101te k\u0101 kv\u0113lspuldz\u0113m.<br \/>\n\u00b7 Daudzvirzienu gaismas sadale.<br \/>\n\u00b7 Nodro\u0161ina t\u0101du pa\u0161u dzirksto\u0161\u0101s gaismas efektu k\u0101 kv\u0113lspuldze.<br \/>\n\u00b7 Izm\u0113ri identisks kv\u0113lspuldz\u0113m \u2013 der vis\u0101m armat\u016br\u0101m.<\/p>","protected":false},"excerpt":{"rendered":"<p>Lieliski piem\u0113rots dekorat\u012bvam un visp\u0101r\u0113jam apgaismojumam un rada siltu gaisotni, kas ir l\u012bdz\u012bga tradicion\u0101l\u0101m spuldz\u0113m. \u00b7 ToLEDo Retro T25 lampa ir ide\u0101ls kv\u0113lspuld\u017eu aizst\u0101j\u0113js. \u00b7 T\u0101ds pats izskats, izm\u0113rs un funkcionalit\u0101te k\u0101 kv\u0113lspuldz\u0113m. \u00b7 Daudzvirzienu gaismas sadale. \u00b7 Nodro\u0161ina t\u0101du pa\u0161u dzirksto\u0161\u0101s gaismas efektu k\u0101 kv\u0113lspuldze. \u00b7 Izm\u0113ri identisks kv\u0113lspuldz\u0113m \u2013 der vis\u0101m armat\u016br\u0101m.<\/p>\n","protected":false},"featured_media":36167,"comment_status":"closed","ping_status":"closed","template":"","meta":{"inline_featured_image":false},"product_cat":[925],"product_tag":[],"yst_prominent_words":[],"class_list":{"0":"post-36065","1":"product","2":"type-product","3":"status-publish","4":"has-post-thumbnail","6":"product_cat-filament-tipa-spuldzes","8":"first","9":"instock","10":"taxable","11":"shipping-taxable","12":"purchasable","13":"product-type-simple"},"jetpack_sharing_enabled":true,"_links":{"self":[{"href":"https:\/\/ddt.lv\/lv\/wp-json\/wp\/v2\/product\/36065"}],"collection":[{"href":"https:\/\/ddt.lv\/lv\/wp-json\/wp\/v2\/product"}],"about":[{"href":"https:\/\/ddt.lv\/lv\/wp-json\/wp\/v2\/types\/product"}],"replies":[{"embeddable":true,"href":"https:\/\/ddt.lv\/lv\/wp-json\/wp\/v2\/comments?post=36065"}],"wp:featuredmedia":[{"embeddable":true,"href":"https:\/\/ddt.lv\/lv\/wp-json\/wp\/v2\/media\/36167"}],"wp:attachment":[{"href":"https:\/\/ddt.lv\/lv\/wp-json\/wp\/v2\/media?parent=36065"}],"wp:term":[{"taxonomy":"product_cat","embeddable":true,"href":"https:\/\/ddt.lv\/lv\/wp-json\/wp\/v2\/product_cat?post=36065"},{"taxonomy":"product_tag","embeddable":true,"href":"https:\/\/ddt.lv\/lv\/wp-json\/wp\/v2\/product_tag?post=36065"},{"taxonomy":"yst_prominent_words","embeddable":true,"href":"https:\/\/ddt.lv\/lv\/wp-json\/wp\/v2\/yst_prominent_words?post=36065"}],"curies":[{"name":"wp","href":"https:\/\/api.w.org\/{rel}","templated":true}]}}