{"id":36064,"date":"2023-01-06T21:00:28","date_gmt":"2023-01-06T19:00:28","guid":{"rendered":"https:\/\/ddt.lv\/lv\/product\/led-pygmy-filament-rt-e14-2-5w-230v-250lm-2700k-spuldze-sylvania\/"},"modified":"2026-04-20T16:20:49","modified_gmt":"2026-04-20T13:20:49","slug":"led-pygmy-filament-rt-e14-2-5w-230v-250lm-2700k-spuldze-sylvania","status":"publish","type":"product","link":"https:\/\/ddt.lv\/lv\/product\/led-pygmy-filament-rt-e14-2-5w-230v-250lm-2700k-spuldze-sylvania\/","title":{"rendered":"LED Pygmy Filament RT E14 2.5W 230V 250lm 2700K spuldze Sylvania"},"content":{"rendered":"<p>Lieliski piem\u0113rots dekorat\u012bvam un visp\u0101r\u0113jam apgaismojumam un rada siltu atmosf\u0113ru, kas ir l\u012bdz\u012bga<br \/>\ntradicion\u0101l\u0101m spuldz\u0113m. Daudzpus\u012bgais ToLEDo Retro lod\u012b\u0161u kl\u0101sts ir ide\u0101ls halog\u0113na un kv\u0113lspuldzes nomai\u0146ai un lieliski piem\u0113rotas lustr\u0101m un dekorat\u012bviem lietojumiem. T\u0101ds pats izskats, izm\u0113rs un funkcionalit\u0101te k\u0101 kv\u0113lspuldz\u0113m. Vispus\u012bgs gaismas sadal\u012bjums. Nodro\u0161ina t\u0101du pa\u0161u dzirksto\u0161\u0101s gaismas efektu k\u0101 kv\u0113lspuldze, p\u0113c izm\u0113riem identiska kv\u0113lspuldz\u0113m &#8211; der visiem \u0137erme\u0146iem. Videi draudz\u012bgs &#8211; bez dz\u012bvsudraba un zem\u0101kas CO2 emisijas.\u00a0 Aptum\u0161ojams ar apstiprin\u0101tiem dimmeriem.<\/p>","protected":false},"excerpt":{"rendered":"<p>Lieliski piem\u0113rots dekorat\u012bvam un visp\u0101r\u0113jam apgaismojumam un rada siltu atmosf\u0113ru, kas ir l\u012bdz\u012bga tradicion\u0101l\u0101m spuldz\u0113m. Daudzpus\u012bgais ToLEDo Retro lod\u012b\u0161u kl\u0101sts ir ide\u0101ls halog\u0113na un kv\u0113lspuldzes nomai\u0146ai un lieliski piem\u0113rotas lustr\u0101m un dekorat\u012bviem lietojumiem. T\u0101ds pats izskats, izm\u0113rs un funkcionalit\u0101te k\u0101 kv\u0113lspuldz\u0113m. Vispus\u012bgs gaismas sadal\u012bjums. Nodro\u0161ina t\u0101du pa\u0161u dzirksto\u0161\u0101s gaismas efektu k\u0101 kv\u0113lspuldze, p\u0113c izm\u0113riem identiska [&hellip;]<\/p>\n","protected":false},"featured_media":36162,"comment_status":"closed","ping_status":"closed","template":"","meta":{"inline_featured_image":false},"product_cat":[925],"product_tag":[],"yst_prominent_words":[],"class_list":{"0":"post-36064","1":"product","2":"type-product","3":"status-publish","4":"has-post-thumbnail","6":"product_cat-filament-tipa-spuldzes","8":"first","9":"instock","10":"taxable","11":"shipping-taxable","12":"purchasable","13":"product-type-simple"},"jetpack_sharing_enabled":true,"_links":{"self":[{"href":"https:\/\/ddt.lv\/lv\/wp-json\/wp\/v2\/product\/36064"}],"collection":[{"href":"https:\/\/ddt.lv\/lv\/wp-json\/wp\/v2\/product"}],"about":[{"href":"https:\/\/ddt.lv\/lv\/wp-json\/wp\/v2\/types\/product"}],"replies":[{"embeddable":true,"href":"https:\/\/ddt.lv\/lv\/wp-json\/wp\/v2\/comments?post=36064"}],"wp:featuredmedia":[{"embeddable":true,"href":"https:\/\/ddt.lv\/lv\/wp-json\/wp\/v2\/media\/36162"}],"wp:attachment":[{"href":"https:\/\/ddt.lv\/lv\/wp-json\/wp\/v2\/media?parent=36064"}],"wp:term":[{"taxonomy":"product_cat","embeddable":true,"href":"https:\/\/ddt.lv\/lv\/wp-json\/wp\/v2\/product_cat?post=36064"},{"taxonomy":"product_tag","embeddable":true,"href":"https:\/\/ddt.lv\/lv\/wp-json\/wp\/v2\/product_tag?post=36064"},{"taxonomy":"yst_prominent_words","embeddable":true,"href":"https:\/\/ddt.lv\/lv\/wp-json\/wp\/v2\/yst_prominent_words?post=36064"}],"curies":[{"name":"wp","href":"https:\/\/api.w.org\/{rel}","templated":true}]}}