{"id":36062,"date":"2023-01-06T21:00:27","date_gmt":"2023-01-06T19:00:27","guid":{"rendered":"https:\/\/ddt.lv\/lv\/product\/led-candle-frosted-e14-4-5w-240v-470lm-2700k-spuldze-sylvania\/"},"modified":"2026-04-08T14:42:00","modified_gmt":"2026-04-08T11:42:00","slug":"led-candle-frosted-e14-4-5w-240v-470lm-2700k-spuldze-sylvania","status":"publish","type":"product","link":"https:\/\/ddt.lv\/lv\/product\/led-candle-frosted-e14-4-5w-240v-470lm-2700k-spuldze-sylvania\/","title":{"rendered":"LED CANDLE Frosted E14 4.5W 240V 470lm 2700K spuldze Sylvania"},"content":{"rendered":"<p>\u00b7 Kompakts un elegants dizains<br \/>\n\u00b7 Piem\u0113rots halog\u0113nu, kv\u0113lspuld\u017eu un kompakto luminiscences sve\u010du spuld\u017eu nomai\u0146ai.<br \/>\n\u00b7 T\u016bl\u012bt\u0113ja gaisma, nospie\u017eot sl\u0113dzi.<br \/>\n\u00b7 Vienm\u0113r\u012bgs gaismas sadal\u012bjums.<br \/>\n\u00b7 Laba kr\u0101su atveide (CRI 80).<br \/>\n\u00b7 Lieliski piem\u0113rots viesn\u012bc\u0101m, restor\u0101niem, vestibiliem, koridoriem, k\u0101p\u0146u telp\u0101m, uz\u0146em\u0161anas zon\u0101m.<br \/>\n\u00b7 Zem\u0101kas uztur\u0113\u0161anas izmaksas.<br \/>\n\u00b7 15 000 stundu vid\u0113jais nomin\u0101lais kalpo\u0161anas laiks.<\/p>","protected":false},"excerpt":{"rendered":"<p>\u00b7 Kompakts un elegants dizains \u00b7 Piem\u0113rots halog\u0113nu, kv\u0113lspuld\u017eu un kompakto luminiscences sve\u010du spuld\u017eu nomai\u0146ai. \u00b7 T\u016bl\u012bt\u0113ja gaisma, nospie\u017eot sl\u0113dzi. \u00b7 Vienm\u0113r\u012bgs gaismas sadal\u012bjums. \u00b7 Laba kr\u0101su atveide (CRI 80). \u00b7 Lieliski piem\u0113rots viesn\u012bc\u0101m, restor\u0101niem, vestibiliem, koridoriem, k\u0101p\u0146u telp\u0101m, uz\u0146em\u0161anas zon\u0101m. \u00b7 Zem\u0101kas uztur\u0113\u0161anas izmaksas. \u00b7 15 000 stundu vid\u0113jais nomin\u0101lais kalpo\u0161anas laiks.<\/p>\n","protected":false},"featured_media":36149,"comment_status":"closed","ping_status":"closed","template":"","meta":{"inline_featured_image":false},"product_cat":[851],"product_tag":[],"yst_prominent_words":[],"class_list":{"0":"post-36062","1":"product","2":"type-product","3":"status-publish","4":"has-post-thumbnail","6":"product_cat-e14-spuldzes","8":"first","9":"instock","10":"taxable","11":"shipping-taxable","12":"purchasable","13":"product-type-simple"},"jetpack_sharing_enabled":true,"_links":{"self":[{"href":"https:\/\/ddt.lv\/lv\/wp-json\/wp\/v2\/product\/36062"}],"collection":[{"href":"https:\/\/ddt.lv\/lv\/wp-json\/wp\/v2\/product"}],"about":[{"href":"https:\/\/ddt.lv\/lv\/wp-json\/wp\/v2\/types\/product"}],"replies":[{"embeddable":true,"href":"https:\/\/ddt.lv\/lv\/wp-json\/wp\/v2\/comments?post=36062"}],"wp:featuredmedia":[{"embeddable":true,"href":"https:\/\/ddt.lv\/lv\/wp-json\/wp\/v2\/media\/36149"}],"wp:attachment":[{"href":"https:\/\/ddt.lv\/lv\/wp-json\/wp\/v2\/media?parent=36062"}],"wp:term":[{"taxonomy":"product_cat","embeddable":true,"href":"https:\/\/ddt.lv\/lv\/wp-json\/wp\/v2\/product_cat?post=36062"},{"taxonomy":"product_tag","embeddable":true,"href":"https:\/\/ddt.lv\/lv\/wp-json\/wp\/v2\/product_tag?post=36062"},{"taxonomy":"yst_prominent_words","embeddable":true,"href":"https:\/\/ddt.lv\/lv\/wp-json\/wp\/v2\/yst_prominent_words?post=36062"}],"curies":[{"name":"wp","href":"https:\/\/api.w.org\/{rel}","templated":true}]}}