{"id":36058,"date":"2023-01-06T14:20:19","date_gmt":"2023-01-06T12:20:19","guid":{"rendered":"https:\/\/ddt.lv\/lv\/product\/led-ball-frosted-e27-6-5w-240v-806lm-4000k-sylvania-spuldze\/"},"modified":"2026-04-06T11:02:22","modified_gmt":"2026-04-06T08:02:22","slug":"led-ball-frosted-e27-6-5w-240v-806lm-4000k-sylvania-spuldze","status":"publish","type":"product","link":"https:\/\/ddt.lv\/lv\/product\/led-ball-frosted-e27-6-5w-240v-806lm-4000k-sylvania-spuldze\/","title":{"rendered":"LED BALL Frosted E27 6.5W 240V 806lm 4000K Sylvania spuldze"},"content":{"rendered":"<p>Kompakts un elegants dizains. Piem\u0113rots halog\u0113nu, kv\u0113lspuld\u017eu un kompakto dienasgaismas lodveida spuld\u017eu nomai\u0146a. T\u016bl\u012bt\u0113ja gaisma, nospie\u017eot sl\u0113dzi. Vienm\u0113r\u012bgs gaismas sadal\u012bjums. Laba kr\u0101su atveide (CRI 80). Lieliski piem\u0113rots viesn\u012bc\u0101m, restor\u0101niem, vestibiliem, koridoriem, k\u0101p\u0146u telp\u0101m, uz\u0146em\u0161anas zon\u0101m. Zem\u0101kas uztur\u0113\u0161anas izmaksas. 15 000 stundu vid\u0113jais nomin\u0101lais kalpo\u0161anas laiks.<\/p>","protected":false},"excerpt":{"rendered":"<p>Kompakts un elegants dizains. Piem\u0113rots halog\u0113nu, kv\u0113lspuld\u017eu un kompakto dienasgaismas lodveida spuld\u017eu nomai\u0146a. T\u016bl\u012bt\u0113ja gaisma, nospie\u017eot sl\u0113dzi. Vienm\u0113r\u012bgs gaismas sadal\u012bjums. Laba kr\u0101su atveide (CRI 80). Lieliski piem\u0113rots viesn\u012bc\u0101m, restor\u0101niem, vestibiliem, koridoriem, k\u0101p\u0146u telp\u0101m, uz\u0146em\u0161anas zon\u0101m. Zem\u0101kas uztur\u0113\u0161anas izmaksas. 15 000 stundu vid\u0113jais nomin\u0101lais kalpo\u0161anas laiks.<\/p>\n","protected":false},"featured_media":36127,"comment_status":"closed","ping_status":"closed","template":"","meta":{"inline_featured_image":false},"product_cat":[850],"product_tag":[],"yst_prominent_words":[],"class_list":{"0":"post-36058","1":"product","2":"type-product","3":"status-publish","4":"has-post-thumbnail","6":"product_cat-e27-spuldzes","8":"first","9":"instock","10":"taxable","11":"shipping-taxable","12":"purchasable","13":"product-type-simple"},"jetpack_sharing_enabled":true,"_links":{"self":[{"href":"https:\/\/ddt.lv\/lv\/wp-json\/wp\/v2\/product\/36058"}],"collection":[{"href":"https:\/\/ddt.lv\/lv\/wp-json\/wp\/v2\/product"}],"about":[{"href":"https:\/\/ddt.lv\/lv\/wp-json\/wp\/v2\/types\/product"}],"replies":[{"embeddable":true,"href":"https:\/\/ddt.lv\/lv\/wp-json\/wp\/v2\/comments?post=36058"}],"wp:featuredmedia":[{"embeddable":true,"href":"https:\/\/ddt.lv\/lv\/wp-json\/wp\/v2\/media\/36127"}],"wp:attachment":[{"href":"https:\/\/ddt.lv\/lv\/wp-json\/wp\/v2\/media?parent=36058"}],"wp:term":[{"taxonomy":"product_cat","embeddable":true,"href":"https:\/\/ddt.lv\/lv\/wp-json\/wp\/v2\/product_cat?post=36058"},{"taxonomy":"product_tag","embeddable":true,"href":"https:\/\/ddt.lv\/lv\/wp-json\/wp\/v2\/product_tag?post=36058"},{"taxonomy":"yst_prominent_words","embeddable":true,"href":"https:\/\/ddt.lv\/lv\/wp-json\/wp\/v2\/yst_prominent_words?post=36058"}],"curies":[{"name":"wp","href":"https:\/\/api.w.org\/{rel}","templated":true}]}}