{"id":36057,"date":"2023-01-06T14:00:21","date_gmt":"2023-01-06T12:00:21","guid":{"rendered":"https:\/\/ddt.lv\/lv\/product\/led-spuldze-sylvania-bumbina-filamenta-dimmejama-e27-4w-240v-470lm-2700k\/"},"modified":"2026-04-08T14:42:02","modified_gmt":"2026-04-08T11:42:02","slug":"led-spuldze-sylvania-bumbina-filamenta-dimmejama-e27-4w-240v-470lm-2700k","status":"publish","type":"product","link":"https:\/\/ddt.lv\/lv\/product\/led-spuldze-sylvania-bumbina-filamenta-dimmejama-e27-4w-240v-470lm-2700k\/","title":{"rendered":"LED spuldze Sylvania bumbi\u0146a, Filamenta, dimm\u0113jama E27 4W 240V 470lm 2700K"},"content":{"rendered":"<p>Lieliski piem\u0113rots dekorat\u012bviem un visp\u0101r\u0113jiem apgaismojumiem un rada siltu atmosf\u0113ru, kas ir l\u012bdz\u012bga tradicion\u0101laj\u0101m lamp\u0101m.<br \/>\nDaudzpus\u012bgais ToLEDo Retro lod\u012b\u0161u kl\u0101sts ir ide\u0101ls halog\u0113nu un kv\u0113lspuld\u017eu aizst\u0101j\u0113js un lieliski piem\u0113rots lust\u0101m un dekorat\u012bviem lietojumiem.<br \/>\nT\u0101ds pats izskats, izm\u0113rs un funkcionalit\u0101te k\u0101 kv\u0113lspuldz\u0113m.<br \/>\nDaudzvirzienu gaismas sadale.<br \/>\nNodro\u0161ina t\u0101du pa\u0161u dzirksto\u0161\u0101s gaismas efektu k\u0101 kv\u0113lspuldze.<br \/>\nIzm\u0113ri identisks kv\u0113lspuldz\u0113m &#8211; der vis\u0101m armat\u016br\u0101m.<br \/>\nVidei draudz\u012bgs \u2013 bez dz\u012bvsudraba un zem\u0101kas CO2 emisijas.<br \/>\nAptum\u0161ojams ar apstiprin\u0101tiem dimmeriem.<\/p>","protected":false},"excerpt":{"rendered":"<p>Lieliski piem\u0113rots dekorat\u012bviem un visp\u0101r\u0113jiem apgaismojumiem un rada siltu atmosf\u0113ru, kas ir l\u012bdz\u012bga tradicion\u0101laj\u0101m lamp\u0101m. Daudzpus\u012bgais ToLEDo Retro lod\u012b\u0161u kl\u0101sts ir ide\u0101ls halog\u0113nu un kv\u0113lspuld\u017eu aizst\u0101j\u0113js un lieliski piem\u0113rots lust\u0101m un dekorat\u012bviem lietojumiem. T\u0101ds pats izskats, izm\u0113rs un funkcionalit\u0101te k\u0101 kv\u0113lspuldz\u0113m. Daudzvirzienu gaismas sadale. Nodro\u0161ina t\u0101du pa\u0161u dzirksto\u0161\u0101s gaismas efektu k\u0101 kv\u0113lspuldze. Izm\u0113ri identisks kv\u0113lspuldz\u0113m [&hellip;]<\/p>\n","protected":false},"featured_media":36115,"comment_status":"closed","ping_status":"closed","template":"","meta":{"inline_featured_image":false},"product_cat":[850],"product_tag":[],"yst_prominent_words":[],"class_list":{"0":"post-36057","1":"product","2":"type-product","3":"status-publish","4":"has-post-thumbnail","6":"product_cat-e27-spuldzes","8":"first","9":"instock","10":"taxable","11":"shipping-taxable","12":"purchasable","13":"product-type-simple"},"jetpack_sharing_enabled":true,"_links":{"self":[{"href":"https:\/\/ddt.lv\/lv\/wp-json\/wp\/v2\/product\/36057"}],"collection":[{"href":"https:\/\/ddt.lv\/lv\/wp-json\/wp\/v2\/product"}],"about":[{"href":"https:\/\/ddt.lv\/lv\/wp-json\/wp\/v2\/types\/product"}],"replies":[{"embeddable":true,"href":"https:\/\/ddt.lv\/lv\/wp-json\/wp\/v2\/comments?post=36057"}],"wp:featuredmedia":[{"embeddable":true,"href":"https:\/\/ddt.lv\/lv\/wp-json\/wp\/v2\/media\/36115"}],"wp:attachment":[{"href":"https:\/\/ddt.lv\/lv\/wp-json\/wp\/v2\/media?parent=36057"}],"wp:term":[{"taxonomy":"product_cat","embeddable":true,"href":"https:\/\/ddt.lv\/lv\/wp-json\/wp\/v2\/product_cat?post=36057"},{"taxonomy":"product_tag","embeddable":true,"href":"https:\/\/ddt.lv\/lv\/wp-json\/wp\/v2\/product_tag?post=36057"},{"taxonomy":"yst_prominent_words","embeddable":true,"href":"https:\/\/ddt.lv\/lv\/wp-json\/wp\/v2\/yst_prominent_words?post=36057"}],"curies":[{"name":"wp","href":"https:\/\/api.w.org\/{rel}","templated":true}]}}