{"id":36055,"date":"2023-01-06T14:00:20","date_gmt":"2023-01-06T12:00:20","guid":{"rendered":"https:\/\/ddt.lv\/lv\/product\/e14-4w-230v-350lm-bumbina-g45-3000k-25000h-zext-led-spuldze\/"},"modified":"2026-04-06T10:48:08","modified_gmt":"2026-04-06T07:48:08","slug":"e14-4w-230v-350lm-bumbina-g45-3000k-25000h-zext-led-spuldze","status":"publish","type":"product","link":"https:\/\/ddt.lv\/lv\/product\/e14-4w-230v-350lm-bumbina-g45-3000k-25000h-zext-led-spuldze\/","title":{"rendered":"E14 4W 230V 350lm bumbi\u0146a G45 3000K 25000h ZEXT LED spuldze"},"content":{"rendered":"<p>Ener\u0123ijas taup\u012b\u0161anas LED spuldze plastmasas korpus\u0101. Gaismas avots ir modernas SMD gaismas diodes, kas ievietotas op\u0101la aba\u017e\u016bra iek\u0161pus\u0113. Gaismas kr\u0101sa (3000K) atbilst klasisk\u0101s spuldzes kr\u0101sai, un korpusa mazais izm\u0113rs \u013cauj to izmantot daudzpus\u012bgi.<\/p>\n<p>G45 LED Globe Bulb ir 360 gr\u0101du stara le\u0146\u0137is, kas ir tuvu tradicion\u0101lajai kv\u0113lsveces gaismai. Paredz\u0113ta kv\u0113lspuld\u017eu nomai\u0146ai dekorat\u012bvaj\u0101m gaism\u0101m, sienas lamp\u0101m, piekarin\u0101m\u0101m gaism\u0101m utt. m\u0101j\u0101, restor\u0101n\u0101, viesn\u012bc\u0101, banketu z\u0101l\u0113, balles z\u0101l\u0113, pil\u012b utt. LightAge 1,5 W G45 LED Globe spuldze parasti var aizst\u0101t 15 W kv\u0113lspuldzi.<\/p>","protected":false},"excerpt":{"rendered":"<p>Ener\u0123ijas taup\u012b\u0161anas LED spuldze plastmasas korpus\u0101. Gaismas avots ir modernas SMD gaismas diodes, kas ievietotas op\u0101la aba\u017e\u016bra iek\u0161pus\u0113. Gaismas kr\u0101sa (3000K) atbilst klasisk\u0101s spuldzes kr\u0101sai, un korpusa mazais izm\u0113rs \u013cauj to izmantot daudzpus\u012bgi. G45 LED Globe Bulb ir 360 gr\u0101du stara le\u0146\u0137is, kas ir tuvu tradicion\u0101lajai kv\u0113lsveces gaismai. Paredz\u0113ta kv\u0113lspuld\u017eu nomai\u0146ai dekorat\u012bvaj\u0101m gaism\u0101m, sienas lamp\u0101m, [&hellip;]<\/p>\n","protected":false},"featured_media":36114,"comment_status":"closed","ping_status":"closed","template":"","meta":{"inline_featured_image":false},"product_cat":[772,851],"product_tag":[],"yst_prominent_words":[],"class_list":{"0":"post-36055","1":"product","2":"type-product","3":"status-publish","4":"has-post-thumbnail","6":"product_cat-atlaides","7":"product_cat-e14-spuldzes","9":"first","10":"instock","11":"sale","12":"taxable","13":"shipping-taxable","14":"purchasable","15":"product-type-simple"},"jetpack_sharing_enabled":true,"_links":{"self":[{"href":"https:\/\/ddt.lv\/lv\/wp-json\/wp\/v2\/product\/36055"}],"collection":[{"href":"https:\/\/ddt.lv\/lv\/wp-json\/wp\/v2\/product"}],"about":[{"href":"https:\/\/ddt.lv\/lv\/wp-json\/wp\/v2\/types\/product"}],"replies":[{"embeddable":true,"href":"https:\/\/ddt.lv\/lv\/wp-json\/wp\/v2\/comments?post=36055"}],"wp:featuredmedia":[{"embeddable":true,"href":"https:\/\/ddt.lv\/lv\/wp-json\/wp\/v2\/media\/36114"}],"wp:attachment":[{"href":"https:\/\/ddt.lv\/lv\/wp-json\/wp\/v2\/media?parent=36055"}],"wp:term":[{"taxonomy":"product_cat","embeddable":true,"href":"https:\/\/ddt.lv\/lv\/wp-json\/wp\/v2\/product_cat?post=36055"},{"taxonomy":"product_tag","embeddable":true,"href":"https:\/\/ddt.lv\/lv\/wp-json\/wp\/v2\/product_tag?post=36055"},{"taxonomy":"yst_prominent_words","embeddable":true,"href":"https:\/\/ddt.lv\/lv\/wp-json\/wp\/v2\/yst_prominent_words?post=36055"}],"curies":[{"name":"wp","href":"https:\/\/api.w.org\/{rel}","templated":true}]}}