{"id":36053,"date":"2023-01-06T13:40:19","date_gmt":"2023-01-06T11:40:19","guid":{"rendered":"https:\/\/ddt.lv\/lv\/product\/36053\/"},"modified":"2026-04-08T14:35:35","modified_gmt":"2026-04-08T11:35:35","slug":"36053","status":"publish","type":"product","link":"https:\/\/ddt.lv\/lv\/product\/so-led-gls-a60-frosted-e27-8-5w-230v-806lm-2700k-step-dim-sl\/","title":{"rendered":"LED GLS A60 frosted E27 8.5W 230V 806lm 2700K STEP-DIM SL"},"content":{"rendered":"<p>\u2022 ToLEDo\u2122 Step-Dim GLS A60 var vad\u012bt ar standarta sl\u0113d\u017eiem \u2013 sienas, kabe\u013ca vai k\u0101jas sl\u0113d\u017eiem. \u2022 Gudrs un rentabls iepriek\u0161 iestat\u012bts aptum\u0161o\u0161anas risin\u0101jums \u2022 Divi da\u017e\u0101di spilgtuma iestat\u012bjumi: \u2013 Pilns 100% spilgtums (noklus\u0113juma iestat\u012bjums) \u2013 Nospiediet iesl\u0113g\u0161anas\/izsl\u0113g\u0161anas pogu. p\u0101rsl\u0113dziet v\u0113lreiz, lai samazin\u0101tu spilgtuma l\u012bmeni l\u012bdz 30% (omul\u012bgs apgaismojums) \u2022 Step-Dim funkcija tiek kontrol\u0113ta ar standarta iesl\u0113g\u0161anas\/izsl\u0113g\u0161anas sl\u0113dzi, un tai nav nepiecie\u0161ams \u0101r\u0113js reostats vai t\u0101lvad\u012bbas pults \u2022 Kr\u0101su temperat\u016bra \u2013 2700K \u2022 Pieejama A60, bumbi\u0146u un sve\u010du form\u0101s \u2022 Ener\u0123ijas klase A+ \u2022 15 000 stundu vid\u0113jais nomin\u0101lais kalpo\u0161anas laiks \u2022 Nav aptum\u0161ojams \u2022 3 gadu garantija \u2022 Augsta kr\u0101su atveide \u2013 CRI80.<\/p>","protected":false},"excerpt":{"rendered":"<p>\u2022 ToLEDo\u2122 Step-Dim GLS A60 var vad\u012bt ar standarta sl\u0113d\u017eiem \u2013 sienas, kabe\u013ca vai k\u0101jas sl\u0113d\u017eiem. \u2022 Gudrs un rentabls iepriek\u0161 iestat\u012bts aptum\u0161o\u0161anas risin\u0101jums \u2022 Divi da\u017e\u0101di spilgtuma iestat\u012bjumi: \u2013 Pilns 100% spilgtums (noklus\u0113juma iestat\u012bjums) \u2013 Nospiediet iesl\u0113g\u0161anas\/izsl\u0113g\u0161anas pogu. p\u0101rsl\u0113dziet v\u0113lreiz, lai samazin\u0101tu spilgtuma l\u012bmeni l\u012bdz 30% (omul\u012bgs apgaismojums) \u2022 Step-Dim funkcija tiek kontrol\u0113ta ar [&hellip;]<\/p>\n","protected":false},"featured_media":36107,"comment_status":"closed","ping_status":"closed","template":"","meta":{"inline_featured_image":false},"product_cat":[850],"product_tag":[],"yst_prominent_words":[],"class_list":{"0":"post-36053","1":"product","2":"type-product","3":"status-publish","4":"has-post-thumbnail","6":"product_cat-e27-spuldzes","8":"first","9":"instock","10":"taxable","11":"shipping-taxable","12":"purchasable","13":"product-type-simple"},"jetpack_sharing_enabled":true,"_links":{"self":[{"href":"https:\/\/ddt.lv\/lv\/wp-json\/wp\/v2\/product\/36053"}],"collection":[{"href":"https:\/\/ddt.lv\/lv\/wp-json\/wp\/v2\/product"}],"about":[{"href":"https:\/\/ddt.lv\/lv\/wp-json\/wp\/v2\/types\/product"}],"replies":[{"embeddable":true,"href":"https:\/\/ddt.lv\/lv\/wp-json\/wp\/v2\/comments?post=36053"}],"wp:featuredmedia":[{"embeddable":true,"href":"https:\/\/ddt.lv\/lv\/wp-json\/wp\/v2\/media\/36107"}],"wp:attachment":[{"href":"https:\/\/ddt.lv\/lv\/wp-json\/wp\/v2\/media?parent=36053"}],"wp:term":[{"taxonomy":"product_cat","embeddable":true,"href":"https:\/\/ddt.lv\/lv\/wp-json\/wp\/v2\/product_cat?post=36053"},{"taxonomy":"product_tag","embeddable":true,"href":"https:\/\/ddt.lv\/lv\/wp-json\/wp\/v2\/product_tag?post=36053"},{"taxonomy":"yst_prominent_words","embeddable":true,"href":"https:\/\/ddt.lv\/lv\/wp-json\/wp\/v2\/yst_prominent_words?post=36053"}],"curies":[{"name":"wp","href":"https:\/\/api.w.org\/{rel}","templated":true}]}}