{"id":36050,"date":"2023-01-06T13:00:21","date_gmt":"2023-01-06T11:00:21","guid":{"rendered":"https:\/\/ddt.lv\/lv\/product\/led-gls-a60-e27-19w-240v-2450lm-2700k-spuldze-sylvania\/"},"modified":"2026-04-08T14:42:01","modified_gmt":"2026-04-08T11:42:01","slug":"led-gls-a60-e27-19w-240v-2450lm-2700k-spuldze-sylvania","status":"publish","type":"product","link":"https:\/\/ddt.lv\/lv\/product\/led-gls-a60-e27-19w-240v-2450lm-2700k-spuldze-sylvania\/","title":{"rendered":"LED GLS A60 E27 19W 240V 2450lm 2700K spuldze Sylvania"},"content":{"rendered":"<p>Kompakts un elegants dizains. Piem\u0113rots halog\u0113nu, kv\u0113lspuld\u017eu un kompakto dienasgaismas spuld\u017eu nomai\u0146a. T\u016bl\u012bt\u0113ja gaisma, nospie\u017eot sl\u0113d\u017ei.\u00a0 Vienm\u0113r\u012bgs gaismas sadal\u012bjums.\u00a0 Laba kr\u0101su atveide (CRI 80).\u00a0 Ide\u0101li piem\u0113rots viesn\u012bc\u0101m, restor\u0101niem, vestibiliem, koridoriem, k\u0101p\u0146u telp\u0101m, uz\u0146em\u0161anas zon\u0101m.\u00a0 Zem\u0101kas uztur\u0113\u0161anas izmaksas, 15 000 stundu vid\u0113jais nomin\u0101lais kalpo\u0161anas laiks.<\/p>","protected":false},"excerpt":{"rendered":"<p>Kompakts un elegants dizains. Piem\u0113rots halog\u0113nu, kv\u0113lspuld\u017eu un kompakto dienasgaismas spuld\u017eu nomai\u0146a. T\u016bl\u012bt\u0113ja gaisma, nospie\u017eot sl\u0113d\u017ei.\u00a0 Vienm\u0113r\u012bgs gaismas sadal\u012bjums.\u00a0 Laba kr\u0101su atveide (CRI 80).\u00a0 Ide\u0101li piem\u0113rots viesn\u012bc\u0101m, restor\u0101niem, vestibiliem, koridoriem, k\u0101p\u0146u telp\u0101m, uz\u0146em\u0161anas zon\u0101m.\u00a0 Zem\u0101kas uztur\u0113\u0161anas izmaksas, 15 000 stundu vid\u0113jais nomin\u0101lais kalpo\u0161anas laiks.<\/p>\n","protected":false},"featured_media":36106,"comment_status":"closed","ping_status":"closed","template":"","meta":{"inline_featured_image":false},"product_cat":[772,850],"product_tag":[],"yst_prominent_words":[],"class_list":{"0":"post-36050","1":"product","2":"type-product","3":"status-publish","4":"has-post-thumbnail","6":"product_cat-atlaides","7":"product_cat-e27-spuldzes","9":"first","10":"instock","11":"sale","12":"taxable","13":"shipping-taxable","14":"purchasable","15":"product-type-simple"},"jetpack_sharing_enabled":true,"_links":{"self":[{"href":"https:\/\/ddt.lv\/lv\/wp-json\/wp\/v2\/product\/36050"}],"collection":[{"href":"https:\/\/ddt.lv\/lv\/wp-json\/wp\/v2\/product"}],"about":[{"href":"https:\/\/ddt.lv\/lv\/wp-json\/wp\/v2\/types\/product"}],"replies":[{"embeddable":true,"href":"https:\/\/ddt.lv\/lv\/wp-json\/wp\/v2\/comments?post=36050"}],"wp:featuredmedia":[{"embeddable":true,"href":"https:\/\/ddt.lv\/lv\/wp-json\/wp\/v2\/media\/36106"}],"wp:attachment":[{"href":"https:\/\/ddt.lv\/lv\/wp-json\/wp\/v2\/media?parent=36050"}],"wp:term":[{"taxonomy":"product_cat","embeddable":true,"href":"https:\/\/ddt.lv\/lv\/wp-json\/wp\/v2\/product_cat?post=36050"},{"taxonomy":"product_tag","embeddable":true,"href":"https:\/\/ddt.lv\/lv\/wp-json\/wp\/v2\/product_tag?post=36050"},{"taxonomy":"yst_prominent_words","embeddable":true,"href":"https:\/\/ddt.lv\/lv\/wp-json\/wp\/v2\/yst_prominent_words?post=36050"}],"curies":[{"name":"wp","href":"https:\/\/api.w.org\/{rel}","templated":true}]}}