{"id":36049,"date":"2023-01-06T13:00:20","date_gmt":"2023-01-06T11:00:20","guid":{"rendered":"https:\/\/ddt.lv\/lv\/product\/led-gls-a60-e27-19w-240v-2450lm-4000k-spuldze-sylvania\/"},"modified":"2026-04-08T14:42:02","modified_gmt":"2026-04-08T11:42:02","slug":"led-gls-a60-e27-19w-240v-2450lm-4000k-spuldze-sylvania","status":"publish","type":"product","link":"https:\/\/ddt.lv\/lv\/product\/led-gls-a60-e27-19w-240v-2450lm-4000k-spuldze-sylvania\/","title":{"rendered":"LED GLS A60 E27 19W 240V 2450lm 4000K spuldze Sylvania"},"content":{"rendered":"<p>Kompakts un elegants dizains Piem\u0113rota halog\u0113na, kv\u0113lspuldzes un kompakt\u0101s dienasgaismas spuld\u017eu nomai\u0146ai<br \/>\nlampasT\u016bl\u012bt\u0113ja gaisma, nospie\u017eot sl\u0113dzi Vienm\u0113r\u012bgs gaismas sadal\u012bjums Laba kr\u0101su atveide (CRI 80) Perfekti piem\u0113rota<br \/>\nviesn\u012bc\u0101m, restor\u0101niem, vestibiliem, koridoriem, k\u0101p\u0146u telp\u0101m, re\u0123istrat\u016bras zon\u0101m. Zem\u0101kas uztur\u0113\u0161anas izmaksas, 15 000<br \/>\nstundas vid\u0113jais nomin\u0101lais kalpo\u0161anas laiks.<\/p>","protected":false},"excerpt":{"rendered":"<p>Kompakts un elegants dizains Piem\u0113rota halog\u0113na, kv\u0113lspuldzes un kompakt\u0101s dienasgaismas spuld\u017eu nomai\u0146ai lampasT\u016bl\u012bt\u0113ja gaisma, nospie\u017eot sl\u0113dzi Vienm\u0113r\u012bgs gaismas sadal\u012bjums Laba kr\u0101su atveide (CRI 80) Perfekti piem\u0113rota viesn\u012bc\u0101m, restor\u0101niem, vestibiliem, koridoriem, k\u0101p\u0146u telp\u0101m, re\u0123istrat\u016bras zon\u0101m. Zem\u0101kas uztur\u0113\u0161anas izmaksas, 15 000 stundas vid\u0113jais nomin\u0101lais kalpo\u0161anas laiks.<\/p>\n","protected":false},"featured_media":36100,"comment_status":"closed","ping_status":"closed","template":"","meta":{"inline_featured_image":false},"product_cat":[772,850],"product_tag":[],"yst_prominent_words":[],"class_list":{"0":"post-36049","1":"product","2":"type-product","3":"status-publish","4":"has-post-thumbnail","6":"product_cat-atlaides","7":"product_cat-e27-spuldzes","9":"first","10":"outofstock","11":"sale","12":"taxable","13":"shipping-taxable","14":"purchasable","15":"product-type-simple"},"jetpack_sharing_enabled":true,"_links":{"self":[{"href":"https:\/\/ddt.lv\/lv\/wp-json\/wp\/v2\/product\/36049"}],"collection":[{"href":"https:\/\/ddt.lv\/lv\/wp-json\/wp\/v2\/product"}],"about":[{"href":"https:\/\/ddt.lv\/lv\/wp-json\/wp\/v2\/types\/product"}],"replies":[{"embeddable":true,"href":"https:\/\/ddt.lv\/lv\/wp-json\/wp\/v2\/comments?post=36049"}],"wp:featuredmedia":[{"embeddable":true,"href":"https:\/\/ddt.lv\/lv\/wp-json\/wp\/v2\/media\/36100"}],"wp:attachment":[{"href":"https:\/\/ddt.lv\/lv\/wp-json\/wp\/v2\/media?parent=36049"}],"wp:term":[{"taxonomy":"product_cat","embeddable":true,"href":"https:\/\/ddt.lv\/lv\/wp-json\/wp\/v2\/product_cat?post=36049"},{"taxonomy":"product_tag","embeddable":true,"href":"https:\/\/ddt.lv\/lv\/wp-json\/wp\/v2\/product_tag?post=36049"},{"taxonomy":"yst_prominent_words","embeddable":true,"href":"https:\/\/ddt.lv\/lv\/wp-json\/wp\/v2\/yst_prominent_words?post=36049"}],"curies":[{"name":"wp","href":"https:\/\/api.w.org\/{rel}","templated":true}]}}