{"id":36047,"date":"2023-01-06T13:00:20","date_gmt":"2023-01-06T11:00:20","guid":{"rendered":"https:\/\/ddt.lv\/lv\/product\/led-toledo-g9-cl-4-2w-240v-470lm-4000k-spuldze-sylvania\/"},"modified":"2026-04-22T08:47:10","modified_gmt":"2026-04-22T05:47:10","slug":"led-toledo-g9-cl-4-2w-240v-470lm-4000k-spuldze-sylvania","status":"publish","type":"product","link":"https:\/\/ddt.lv\/lv\/product\/led-toledo-g9-cl-4-2w-240v-470lm-4000k-spuldze-sylvania\/","title":{"rendered":"LED ToLEDo G9 CL 4.2W 240V 470lm 4000K spuldze Sylvania"},"content":{"rendered":"<p>LED moderniz\u0101cijas nomai\u0146a halog\u0113na G9 t\u012bkla sprieguma kapsul\u0101m.<br \/>\n\u00b7 Pateicoties stikla konstrukcijas korpusam, ToLEDo Retro G9 ir t\u0101ds pats izskats un halog\u0113na dizainam un pla\u0161s gaismas sadal\u012bjums.<br \/>\n\u00b7 Kompakts dizains<br \/>\n\u00b7 Daudzvirzienu gaismas sadale<br \/>\n\u00b7 470lm = 40W halog\u0113na G9 lampa<br \/>\n\u00b7 90% ener\u0123ijas ietaup\u012bjums<br \/>\n\u00b7 Neregul\u0113jams<br \/>\n\u00b7 Piem\u0113rots lustr\u0101m, interjera displejiem, skatlogiem, dekorat\u012bviem un visp\u0101r\u0113jiem apgaismojumiem.<\/p>","protected":false},"excerpt":{"rendered":"<p>LED moderniz\u0101cijas nomai\u0146a halog\u0113na G9 t\u012bkla sprieguma kapsul\u0101m. \u00b7 Pateicoties stikla konstrukcijas korpusam, ToLEDo Retro G9 ir t\u0101ds pats izskats un halog\u0113na dizainam un pla\u0161s gaismas sadal\u012bjums. \u00b7 Kompakts dizains \u00b7 Daudzvirzienu gaismas sadale \u00b7 470lm = 40W halog\u0113na G9 lampa \u00b7 90% ener\u0123ijas ietaup\u012bjums \u00b7 Neregul\u0113jams \u00b7 Piem\u0113rots lustr\u0101m, interjera displejiem, skatlogiem, dekorat\u012bviem un [&hellip;]<\/p>\n","protected":false},"featured_media":36104,"comment_status":"closed","ping_status":"closed","template":"","meta":{"inline_featured_image":false},"product_cat":[854],"product_tag":[],"yst_prominent_words":[],"class_list":{"0":"post-36047","1":"product","2":"type-product","3":"status-publish","4":"has-post-thumbnail","6":"product_cat-g9-spuldzes","8":"first","9":"instock","10":"taxable","11":"shipping-taxable","12":"purchasable","13":"product-type-simple"},"jetpack_sharing_enabled":true,"_links":{"self":[{"href":"https:\/\/ddt.lv\/lv\/wp-json\/wp\/v2\/product\/36047"}],"collection":[{"href":"https:\/\/ddt.lv\/lv\/wp-json\/wp\/v2\/product"}],"about":[{"href":"https:\/\/ddt.lv\/lv\/wp-json\/wp\/v2\/types\/product"}],"replies":[{"embeddable":true,"href":"https:\/\/ddt.lv\/lv\/wp-json\/wp\/v2\/comments?post=36047"}],"wp:featuredmedia":[{"embeddable":true,"href":"https:\/\/ddt.lv\/lv\/wp-json\/wp\/v2\/media\/36104"}],"wp:attachment":[{"href":"https:\/\/ddt.lv\/lv\/wp-json\/wp\/v2\/media?parent=36047"}],"wp:term":[{"taxonomy":"product_cat","embeddable":true,"href":"https:\/\/ddt.lv\/lv\/wp-json\/wp\/v2\/product_cat?post=36047"},{"taxonomy":"product_tag","embeddable":true,"href":"https:\/\/ddt.lv\/lv\/wp-json\/wp\/v2\/product_tag?post=36047"},{"taxonomy":"yst_prominent_words","embeddable":true,"href":"https:\/\/ddt.lv\/lv\/wp-json\/wp\/v2\/yst_prominent_words?post=36047"}],"curies":[{"name":"wp","href":"https:\/\/api.w.org\/{rel}","templated":true}]}}