{"id":36046,"date":"2023-01-06T13:00:19","date_gmt":"2023-01-06T11:00:19","guid":{"rendered":"https:\/\/ddt.lv\/lv\/product\/led-toledo-g9-cl-4-2w-240v-470lm-2700k-spuldze-sylvania\/"},"modified":"2026-04-01T00:22:26","modified_gmt":"2026-03-31T21:22:26","slug":"led-toledo-g9-cl-4-2w-240v-470lm-2700k-spuldze-sylvania","status":"publish","type":"product","link":"https:\/\/ddt.lv\/lv\/product\/led-toledo-g9-cl-4-2w-240v-470lm-2700k-spuldze-sylvania\/","title":{"rendered":"LED ToLEDo G9 CL 4.2W 240V 470lm 2700K spuldze Sylvania"},"content":{"rendered":"<p>LED nomai\u0146a halog\u0113na G9 t\u012bkla sprieguma kapsul\u0101m.<br \/>\nPateicoties stikla konstrukcijas korpusam un pla\u0161ajam gaismas sadal\u012bjumam, ToLEDo Retro G9 ir t\u0101ds pats izskats k\u0101 halog\u0113na dizainam. Kompakts dizains. Daudzvirzienu gaismas sadale. 250lm = 25W halog\u0113na G9 lampa. 90% ener\u0123ijas ietaup\u012bjums.<br \/>\nNeregul\u0113jams gaismas spo\u017eums (Nav dimm\u0113jama). Piem\u0113rots lustr\u0101m, interjera displejiem, skatlogiem, dekorat\u012bviem un visp\u0101r\u0113jiem apgaismojumiem.<\/p>","protected":false},"excerpt":{"rendered":"<p>LED nomai\u0146a halog\u0113na G9 t\u012bkla sprieguma kapsul\u0101m. Pateicoties stikla konstrukcijas korpusam un pla\u0161ajam gaismas sadal\u012bjumam, ToLEDo Retro G9 ir t\u0101ds pats izskats k\u0101 halog\u0113na dizainam. Kompakts dizains. Daudzvirzienu gaismas sadale. 250lm = 25W halog\u0113na G9 lampa. 90% ener\u0123ijas ietaup\u012bjums. Neregul\u0113jams gaismas spo\u017eums (Nav dimm\u0113jama). Piem\u0113rots lustr\u0101m, interjera displejiem, skatlogiem, dekorat\u012bviem un visp\u0101r\u0113jiem apgaismojumiem.<\/p>\n","protected":false},"featured_media":36099,"comment_status":"closed","ping_status":"closed","template":"","meta":{"inline_featured_image":false},"product_cat":[854],"product_tag":[],"yst_prominent_words":[],"class_list":{"0":"post-36046","1":"product","2":"type-product","3":"status-publish","4":"has-post-thumbnail","6":"product_cat-g9-spuldzes","8":"first","9":"instock","10":"taxable","11":"shipping-taxable","12":"purchasable","13":"product-type-simple"},"jetpack_sharing_enabled":true,"_links":{"self":[{"href":"https:\/\/ddt.lv\/lv\/wp-json\/wp\/v2\/product\/36046"}],"collection":[{"href":"https:\/\/ddt.lv\/lv\/wp-json\/wp\/v2\/product"}],"about":[{"href":"https:\/\/ddt.lv\/lv\/wp-json\/wp\/v2\/types\/product"}],"replies":[{"embeddable":true,"href":"https:\/\/ddt.lv\/lv\/wp-json\/wp\/v2\/comments?post=36046"}],"wp:featuredmedia":[{"embeddable":true,"href":"https:\/\/ddt.lv\/lv\/wp-json\/wp\/v2\/media\/36099"}],"wp:attachment":[{"href":"https:\/\/ddt.lv\/lv\/wp-json\/wp\/v2\/media?parent=36046"}],"wp:term":[{"taxonomy":"product_cat","embeddable":true,"href":"https:\/\/ddt.lv\/lv\/wp-json\/wp\/v2\/product_cat?post=36046"},{"taxonomy":"product_tag","embeddable":true,"href":"https:\/\/ddt.lv\/lv\/wp-json\/wp\/v2\/product_tag?post=36046"},{"taxonomy":"yst_prominent_words","embeddable":true,"href":"https:\/\/ddt.lv\/lv\/wp-json\/wp\/v2\/yst_prominent_words?post=36046"}],"curies":[{"name":"wp","href":"https:\/\/api.w.org\/{rel}","templated":true}]}}