{"id":36044,"date":"2023-01-06T12:40:21","date_gmt":"2023-01-06T10:40:21","guid":{"rendered":"https:\/\/ddt.lv\/lv\/product\/led-spuldze-emos-g9-2-6w-230v-320lm-4000k\/"},"modified":"2026-04-01T00:22:32","modified_gmt":"2026-03-31T21:22:32","slug":"led-spuldze-emos-g9-2-6w-230v-320lm-4000k","status":"publish","type":"product","link":"https:\/\/ddt.lv\/lv\/product\/led-spuldze-emos-g9-2-6w-230v-320lm-4000k\/","title":{"rendered":"LED spuldze EMOS G9 2.6W 230V 320lm 4000K"},"content":{"rendered":"<p>Ekonomiska: \u0161\u012b ener\u0123iju taupo\u0161\u0101 2,6\u00a0W LED spuldze pieder E energoefektivit\u0101tes klasei un aizst\u0101j parast\u0101s 30\u00a0W spuldzes.<br \/>\nIZTUR\u012aGS: l\u012bdz 30 000 stundu darba laiks un 25 000 p\u0101rsl\u0113g\u0161anas cikli \u2013 nepl\u012bst tik \u0101tri. Neaptum\u0161ojams.<br \/>\nAugsta kvalit\u0101te: LED lampa rada neitr\u0101lu baltu gaismu 4000 kelvinu ar gaismas pl\u016bsmu 320 l\u016bmeni un 320\u00b0 stara le\u0146\u0137i. Augsta kr\u0101su atveide (CRI &gt;80).<br \/>\nUnivers\u0101ls: vienk\u0101r\u0161a uzst\u0101d\u012b\u0161ana, pateicoties G9 tapai (ligzda\/ligzda) un minim\u0101la iesl\u0113g\u0161anas aizkave, kop\u0101 ar pat\u012bkamo gaismu nodro\u0161ina pareizo atmosf\u0113ru j\u016bsu darba kabinet\u0101, vannas istab\u0101 vai biroj\u0101. Piem\u0113rots lustr\u0101m, sienas lamp\u0101m, naktslamp\u0101m, galda vai st\u0101vlamp\u0101m.<br \/>\nPraktiski un mazi: izm\u0113ri 1,5 x 5,2 cm, JC spuldzes forma, nomin\u0101lais spriegums 230 V<\/p>","protected":false},"excerpt":{"rendered":"<p>Ekonomiska: \u0161\u012b ener\u0123iju taupo\u0161\u0101 2,6\u00a0W LED spuldze pieder E energoefektivit\u0101tes klasei un aizst\u0101j parast\u0101s 30\u00a0W spuldzes. IZTUR\u012aGS: l\u012bdz 30 000 stundu darba laiks un 25 000 p\u0101rsl\u0113g\u0161anas cikli \u2013 nepl\u012bst tik \u0101tri. Neaptum\u0161ojams. Augsta kvalit\u0101te: LED lampa rada neitr\u0101lu baltu gaismu 4000 kelvinu ar gaismas pl\u016bsmu 320 l\u016bmeni un 320\u00b0 stara le\u0146\u0137i. Augsta kr\u0101su atveide [&hellip;]<\/p>\n","protected":false},"featured_media":36088,"comment_status":"closed","ping_status":"closed","template":"","meta":{"inline_featured_image":false},"product_cat":[854],"product_tag":[],"yst_prominent_words":[],"class_list":{"0":"post-36044","1":"product","2":"type-product","3":"status-publish","4":"has-post-thumbnail","6":"product_cat-g9-spuldzes","8":"first","9":"outofstock","10":"taxable","11":"shipping-taxable","12":"purchasable","13":"product-type-simple"},"jetpack_sharing_enabled":true,"_links":{"self":[{"href":"https:\/\/ddt.lv\/lv\/wp-json\/wp\/v2\/product\/36044"}],"collection":[{"href":"https:\/\/ddt.lv\/lv\/wp-json\/wp\/v2\/product"}],"about":[{"href":"https:\/\/ddt.lv\/lv\/wp-json\/wp\/v2\/types\/product"}],"replies":[{"embeddable":true,"href":"https:\/\/ddt.lv\/lv\/wp-json\/wp\/v2\/comments?post=36044"}],"wp:featuredmedia":[{"embeddable":true,"href":"https:\/\/ddt.lv\/lv\/wp-json\/wp\/v2\/media\/36088"}],"wp:attachment":[{"href":"https:\/\/ddt.lv\/lv\/wp-json\/wp\/v2\/media?parent=36044"}],"wp:term":[{"taxonomy":"product_cat","embeddable":true,"href":"https:\/\/ddt.lv\/lv\/wp-json\/wp\/v2\/product_cat?post=36044"},{"taxonomy":"product_tag","embeddable":true,"href":"https:\/\/ddt.lv\/lv\/wp-json\/wp\/v2\/product_tag?post=36044"},{"taxonomy":"yst_prominent_words","embeddable":true,"href":"https:\/\/ddt.lv\/lv\/wp-json\/wp\/v2\/yst_prominent_words?post=36044"}],"curies":[{"name":"wp","href":"https:\/\/api.w.org\/{rel}","templated":true}]}}