{"id":36043,"date":"2023-01-06T12:40:20","date_gmt":"2023-01-06T10:40:20","guid":{"rendered":"https:\/\/ddt.lv\/lv\/product\/led-g9-1-9w-230v-200lm-4000k-spuldze-emos\/"},"modified":"2026-04-01T00:22:31","modified_gmt":"2026-03-31T21:22:31","slug":"led-g9-1-9w-230v-200lm-4000k-spuldze-emos","status":"publish","type":"product","link":"https:\/\/ddt.lv\/lv\/product\/led-g9-1-9w-230v-200lm-4000k-spuldze-emos\/","title":{"rendered":"LED G9 1.9W 230V 200lm 4000K spuldze EMOS"},"content":{"rendered":"<p>Izgaismojiet savu m\u0101ju. Vai mekl\u0113jat kvalitat\u012bvas un ekonomiskas LED spuldzes ar G9 pamatni? Emos uzs\u0101cis ra\u017eot jaunu l\u012bniju ar iztur\u012bgu plastmasas korpusu. Spuldzes raksturo minim\u0101ls siltuma starojums un \u0101rk\u0101rt\u012bgi ilgs kalpo\u0161anas laiks, kas garant\u0113 jums ener\u0123ijas ietaup\u012bjumu. Varat to izmantot ne tikai maz\u0101m dekorat\u012bv\u0101m lamp\u0101m. Tos bie\u017ei izmanto vannas istab\u0101s, gaite\u0146os, gaite\u0146os, bet ar\u012b dz\u012bvojam\u0101s istab\u0101s un cit\u0101s dz\u012bvojam\u0101s telp\u0101s. Neskatoties uz to miniat\u016brajiem izm\u0113riem, t\u0101s j\u016bs iepriecin\u0101s ar savu augsto veiktsp\u0113ju.<\/p>","protected":false},"excerpt":{"rendered":"<p>Izgaismojiet savu m\u0101ju. Vai mekl\u0113jat kvalitat\u012bvas un ekonomiskas LED spuldzes ar G9 pamatni? Emos uzs\u0101cis ra\u017eot jaunu l\u012bniju ar iztur\u012bgu plastmasas korpusu. Spuldzes raksturo minim\u0101ls siltuma starojums un \u0101rk\u0101rt\u012bgi ilgs kalpo\u0161anas laiks, kas garant\u0113 jums ener\u0123ijas ietaup\u012bjumu. Varat to izmantot ne tikai maz\u0101m dekorat\u012bv\u0101m lamp\u0101m. Tos bie\u017ei izmanto vannas istab\u0101s, gaite\u0146os, gaite\u0146os, bet ar\u012b dz\u012bvojam\u0101s [&hellip;]<\/p>\n","protected":false},"featured_media":36084,"comment_status":"closed","ping_status":"closed","template":"","meta":{"inline_featured_image":false},"product_cat":[854],"product_tag":[],"yst_prominent_words":[],"class_list":{"0":"post-36043","1":"product","2":"type-product","3":"status-publish","4":"has-post-thumbnail","6":"product_cat-g9-spuldzes","8":"first","9":"instock","10":"taxable","11":"shipping-taxable","12":"purchasable","13":"product-type-simple"},"jetpack_sharing_enabled":true,"_links":{"self":[{"href":"https:\/\/ddt.lv\/lv\/wp-json\/wp\/v2\/product\/36043"}],"collection":[{"href":"https:\/\/ddt.lv\/lv\/wp-json\/wp\/v2\/product"}],"about":[{"href":"https:\/\/ddt.lv\/lv\/wp-json\/wp\/v2\/types\/product"}],"replies":[{"embeddable":true,"href":"https:\/\/ddt.lv\/lv\/wp-json\/wp\/v2\/comments?post=36043"}],"wp:featuredmedia":[{"embeddable":true,"href":"https:\/\/ddt.lv\/lv\/wp-json\/wp\/v2\/media\/36084"}],"wp:attachment":[{"href":"https:\/\/ddt.lv\/lv\/wp-json\/wp\/v2\/media?parent=36043"}],"wp:term":[{"taxonomy":"product_cat","embeddable":true,"href":"https:\/\/ddt.lv\/lv\/wp-json\/wp\/v2\/product_cat?post=36043"},{"taxonomy":"product_tag","embeddable":true,"href":"https:\/\/ddt.lv\/lv\/wp-json\/wp\/v2\/product_tag?post=36043"},{"taxonomy":"yst_prominent_words","embeddable":true,"href":"https:\/\/ddt.lv\/lv\/wp-json\/wp\/v2\/yst_prominent_words?post=36043"}],"curies":[{"name":"wp","href":"https:\/\/api.w.org\/{rel}","templated":true}]}}