{"id":36041,"date":"2023-01-06T12:00:21","date_gmt":"2023-01-06T10:00:21","guid":{"rendered":"https:\/\/ddt.lv\/lv\/product\/led-gls-a60-clear-fil-e27-dimm-11-2w-240v-1521lm-2700k-sylvania-spuldze\/"},"modified":"2026-04-08T14:42:00","modified_gmt":"2026-04-08T11:42:00","slug":"led-gls-a60-clear-fil-e27-dimm-11-2w-240v-1521lm-2700k-sylvania-spuldze","status":"publish","type":"product","link":"https:\/\/ddt.lv\/lv\/product\/led-gls-a60-clear-fil-e27-dimm-11-2w-240v-1521lm-2700k-sylvania-spuldze\/","title":{"rendered":"LED GLS A60 Clear FIL E27 DIMM 11.2W 240V 1521lm 2700K Sylvania spuldze"},"content":{"rendered":"<p>Lieliski piem\u0113rots dekorat\u012bvam un visp\u0101r\u0113jam apgaismojumam un rada siltu gaisotni, kas ir l\u012bdz\u012bga<br \/>\ntradicion\u0101l\u0101s lampas<br \/>\nT\u0101ds pats izskats, izm\u0113rs un funkcionalit\u0101te k\u0101 kv\u0113lspuldz\u0113m<br \/>\nDaudzvirzienu gaismas sadal\u012bjums<br \/>\nPiem\u0113rots kv\u0113lspuld\u017eu un halog\u0113nu spuld\u017eu nomai\u0146ai<br \/>\n\u00b7 Nodro\u0161ina t\u0101du pa\u0161u dzirksto\u0161\u0101s gaismas efektu k\u0101 kv\u0113lspuldze<br \/>\nIzm\u0113ri identisks kv\u0113lspuldz\u0113m &#8211; der visiem armat\u016br\u0101m<br \/>\nVidei draudz\u012bgs \u2013 bez dz\u012bvsudraba un zem\u0101kas CO2 emisijas<br \/>\nAptum\u0161ojams ar apstiprin\u0101tiem dimmeriem<\/p>","protected":false},"excerpt":{"rendered":"<p>Lieliski piem\u0113rots dekorat\u012bvam un visp\u0101r\u0113jam apgaismojumam un rada siltu gaisotni, kas ir l\u012bdz\u012bga tradicion\u0101l\u0101s lampas T\u0101ds pats izskats, izm\u0113rs un funkcionalit\u0101te k\u0101 kv\u0113lspuldz\u0113m Daudzvirzienu gaismas sadal\u012bjums Piem\u0113rots kv\u0113lspuld\u017eu un halog\u0113nu spuld\u017eu nomai\u0146ai \u00b7 Nodro\u0161ina t\u0101du pa\u0161u dzirksto\u0161\u0101s gaismas efektu k\u0101 kv\u0113lspuldze Izm\u0113ri identisks kv\u0113lspuldz\u0113m &#8211; der visiem armat\u016br\u0101m Videi draudz\u012bgs \u2013 bez dz\u012bvsudraba un zem\u0101kas [&hellip;]<\/p>\n","protected":false},"featured_media":36079,"comment_status":"closed","ping_status":"closed","template":"","meta":{"inline_featured_image":false},"product_cat":[850],"product_tag":[],"yst_prominent_words":[],"class_list":{"0":"post-36041","1":"product","2":"type-product","3":"status-publish","4":"has-post-thumbnail","6":"product_cat-e27-spuldzes","8":"first","9":"outofstock","10":"taxable","11":"shipping-taxable","12":"purchasable","13":"product-type-simple"},"jetpack_sharing_enabled":true,"_links":{"self":[{"href":"https:\/\/ddt.lv\/lv\/wp-json\/wp\/v2\/product\/36041"}],"collection":[{"href":"https:\/\/ddt.lv\/lv\/wp-json\/wp\/v2\/product"}],"about":[{"href":"https:\/\/ddt.lv\/lv\/wp-json\/wp\/v2\/types\/product"}],"replies":[{"embeddable":true,"href":"https:\/\/ddt.lv\/lv\/wp-json\/wp\/v2\/comments?post=36041"}],"wp:featuredmedia":[{"embeddable":true,"href":"https:\/\/ddt.lv\/lv\/wp-json\/wp\/v2\/media\/36079"}],"wp:attachment":[{"href":"https:\/\/ddt.lv\/lv\/wp-json\/wp\/v2\/media?parent=36041"}],"wp:term":[{"taxonomy":"product_cat","embeddable":true,"href":"https:\/\/ddt.lv\/lv\/wp-json\/wp\/v2\/product_cat?post=36041"},{"taxonomy":"product_tag","embeddable":true,"href":"https:\/\/ddt.lv\/lv\/wp-json\/wp\/v2\/product_tag?post=36041"},{"taxonomy":"yst_prominent_words","embeddable":true,"href":"https:\/\/ddt.lv\/lv\/wp-json\/wp\/v2\/yst_prominent_words?post=36041"}],"curies":[{"name":"wp","href":"https:\/\/api.w.org\/{rel}","templated":true}]}}