{"id":35954,"date":"2022-12-22T09:20:30","date_gmt":"2022-12-22T07:20:30","guid":{"rendered":"https:\/\/ddt.lv\/lv\/product\/virtene-party-20led-6w-20x-dekor-bumbas-ww-ip44-7-6m-emos\/"},"modified":"2026-04-06T11:05:40","modified_gmt":"2026-04-06T08:05:40","slug":"virtene-party-20led-6w-20x-dekor-bumbas-ww-ip44-7-6m-emos","status":"publish","type":"product","link":"https:\/\/ddt.lv\/lv\/product\/virtene-party-20led-6w-20x-dekor-bumbas-ww-ip44-7-6m-emos\/","title":{"rendered":"Virtene Party 20LED 6W 20x dekor.bumbas WW IP44 7.6m EMOS"},"content":{"rendered":"<p>Ziemassv\u0113tku virtene, 20 LED diodes, gaismas kr\u0101sa: silti balta, izm\u0113rs: 7,6 m, izmanto\u0161ana: \u0101r\u0101 un iek\u0161telp\u0101s, taimeris: nav, t\u0101lvad\u012bbas pults: nav, baro\u0161anas veids: t\u012bkla adapteris, gaismas avots: LED, LED skaits: 20, kabe\u013ca garums: 5 m, stieples kr\u0101sa: melna, str\u0101vas pat\u0113ri\u0146\u0161: 6 W, ieejas spriegums: 230 V AC, izejas spriegums: 30 V DC, aizsardz\u012bba: IP44, kalpo\u0161anas laiks: 10 000 stundas, materi\u0101ls: plastmasa, garantijas laiks: 2 gadi, p\u0101rdo\u0161anas iepakojums : 1 gab, kaste<\/p>","protected":false},"excerpt":{"rendered":"<p>Ziemassv\u0113tku virtene, 20 LED diodes, gaismas kr\u0101sa: silti balta, izm\u0113rs: 7,6 m, izmanto\u0161ana: \u0101r\u0101 un iek\u0161telp\u0101s, taimeris: nav, t\u0101lvad\u012bbas pults: nav, baro\u0161anas veids: t\u012bkla adapteris, gaismas avots: LED, LED skaits: 20, kabe\u013ca garums: 5 m, stieples kr\u0101sa: melna, str\u0101vas pat\u0113ri\u0146\u0161: 6 W, ieejas spriegums: 230 V AC, izejas spriegums: 30 V DC, aizsardz\u012bba: IP44, kalpo\u0161anas [&hellip;]<\/p>\n","protected":false},"featured_media":35956,"comment_status":"closed","ping_status":"closed","template":"","meta":{"inline_featured_image":false},"product_cat":[772,912],"product_tag":[],"yst_prominent_words":[],"class_list":{"0":"post-35954","1":"product","2":"type-product","3":"status-publish","4":"has-post-thumbnail","6":"product_cat-atlaides","7":"product_cat-ara-virtenes","9":"first","10":"instock","11":"sale","12":"taxable","13":"shipping-taxable","14":"purchasable","15":"product-type-simple"},"jetpack_sharing_enabled":true,"_links":{"self":[{"href":"https:\/\/ddt.lv\/lv\/wp-json\/wp\/v2\/product\/35954"}],"collection":[{"href":"https:\/\/ddt.lv\/lv\/wp-json\/wp\/v2\/product"}],"about":[{"href":"https:\/\/ddt.lv\/lv\/wp-json\/wp\/v2\/types\/product"}],"replies":[{"embeddable":true,"href":"https:\/\/ddt.lv\/lv\/wp-json\/wp\/v2\/comments?post=35954"}],"wp:featuredmedia":[{"embeddable":true,"href":"https:\/\/ddt.lv\/lv\/wp-json\/wp\/v2\/media\/35956"}],"wp:attachment":[{"href":"https:\/\/ddt.lv\/lv\/wp-json\/wp\/v2\/media?parent=35954"}],"wp:term":[{"taxonomy":"product_cat","embeddable":true,"href":"https:\/\/ddt.lv\/lv\/wp-json\/wp\/v2\/product_cat?post=35954"},{"taxonomy":"product_tag","embeddable":true,"href":"https:\/\/ddt.lv\/lv\/wp-json\/wp\/v2\/product_tag?post=35954"},{"taxonomy":"yst_prominent_words","embeddable":true,"href":"https:\/\/ddt.lv\/lv\/wp-json\/wp\/v2\/yst_prominent_words?post=35954"}],"curies":[{"name":"wp","href":"https:\/\/api.w.org\/{rel}","templated":true}]}}