{"id":35929,"date":"2022-12-16T14:20:21","date_gmt":"2022-12-16T12:20:21","guid":{"rendered":"https:\/\/ddt.lv\/lv\/product\/sveces-ziemassv-4led-0-06w-4-sveces-stikla-vintage-ip20-8xaa\/"},"modified":"2026-04-13T10:01:21","modified_gmt":"2026-04-13T07:01:21","slug":"sveces-ziemassv-4led-0-06w-4-sveces-stikla-vintage-ip20-8xaa","status":"publish","type":"product","link":"https:\/\/ddt.lv\/lv\/product\/sveces-ziemassv-4led-0-06w-4-sveces-stikla-vintage-ip20-8xaa\/","title":{"rendered":"Sveces Ziemassv. 4LED 0.06W 4 sveces stikl\u0101 Vintage IP20 (8xAA)"},"content":{"rendered":"<p>Ide\u0101ls dekoru d\u0101vanu komplekts. \u0160\u012bs sveces var izmantot da\u017e\u0101d\u0101s aktivit\u0101t\u0113s, piem\u0113ram, medit\u0101cij\u0101, jog\u0101, telpas dekor\u0113\u0161an\u0101 un t\u0101 t\u0101l\u0101k.<\/p>\n<p>Liesmas mirgo\u0161anas tehnolo\u0123ija. Rada \u012bstu liesmu il\u016bziju. Izmantojot 3 augstas kvalit\u0101tes AA baterijas, var nodro\u0161in\u0101t 150 stundas nep\u0101rtrauktu atmosf\u0113ru. 4 LED sveces, darbojas uz baterij\u0101m, nav iek\u013cautas komplekt\u0101.<\/p>","protected":false},"excerpt":{"rendered":"<p>Ide\u0101ls dekoru d\u0101vanu komplekts. \u0160\u012bs sveces var izmantot da\u017e\u0101d\u0101s aktivit\u0101t\u0113s, piem\u0113ram, medit\u0101cij\u0101, jog\u0101, telpas dekor\u0113\u0161an\u0101 un t\u0101 t\u0101l\u0101k. Liesmas mirgo\u0161anas tehnolo\u0123ija. Rada \u012bstu liesmu il\u016bziju. Izmantojot 3 augstas kvalit\u0101tes AA baterijas, var nodro\u0161in\u0101t 150 stundas nep\u0101rtrauktu atmosf\u0113ru. 4 LED sveces, darbojas uz baterij\u0101m, nav iek\u013cautas komplekt\u0101.<\/p>\n","protected":false},"featured_media":35930,"comment_status":"closed","ping_status":"closed","template":"","meta":{"inline_featured_image":false},"product_cat":[913],"product_tag":[],"yst_prominent_words":[],"class_list":{"0":"post-35929","1":"product","2":"type-product","3":"status-publish","4":"has-post-thumbnail","6":"product_cat-iekstelpu-dekori-led-virtenes-un-dekoracijas","8":"first","9":"outofstock","10":"taxable","11":"shipping-taxable","12":"purchasable","13":"product-type-simple"},"jetpack_sharing_enabled":true,"_links":{"self":[{"href":"https:\/\/ddt.lv\/lv\/wp-json\/wp\/v2\/product\/35929"}],"collection":[{"href":"https:\/\/ddt.lv\/lv\/wp-json\/wp\/v2\/product"}],"about":[{"href":"https:\/\/ddt.lv\/lv\/wp-json\/wp\/v2\/types\/product"}],"replies":[{"embeddable":true,"href":"https:\/\/ddt.lv\/lv\/wp-json\/wp\/v2\/comments?post=35929"}],"wp:featuredmedia":[{"embeddable":true,"href":"https:\/\/ddt.lv\/lv\/wp-json\/wp\/v2\/media\/35930"}],"wp:attachment":[{"href":"https:\/\/ddt.lv\/lv\/wp-json\/wp\/v2\/media?parent=35929"}],"wp:term":[{"taxonomy":"product_cat","embeddable":true,"href":"https:\/\/ddt.lv\/lv\/wp-json\/wp\/v2\/product_cat?post=35929"},{"taxonomy":"product_tag","embeddable":true,"href":"https:\/\/ddt.lv\/lv\/wp-json\/wp\/v2\/product_tag?post=35929"},{"taxonomy":"yst_prominent_words","embeddable":true,"href":"https:\/\/ddt.lv\/lv\/wp-json\/wp\/v2\/yst_prominent_words?post=35929"}],"curies":[{"name":"wp","href":"https:\/\/api.w.org\/{rel}","templated":true}]}}