{"id":35920,"date":"2022-12-16T12:40:27","date_gmt":"2022-12-16T10:40:27","guid":{"rendered":"https:\/\/ddt.lv\/lv\/product\/virtene-ziemassv-100led-7w-balta-6500k-ip20-5m-emos\/"},"modified":"2026-05-02T11:58:15","modified_gmt":"2026-05-02T08:58:15","slug":"virtene-ziemassv-100led-7w-balta-6500k-ip20-5m-emos","status":"publish","type":"product","link":"https:\/\/ddt.lv\/lv\/product\/virtene-ziemassv-100led-7w-balta-6500k-ip20-5m-emos\/","title":{"rendered":"Virtene Ziemassv.100LED 7W balta 6500K IP20 5m EMOS"},"content":{"rendered":"<p><span class=\"HwtZe\" lang=\"lv\"><span class=\"jCAhz ChMk0b\"><span class=\"ryNqvb\">Dekorat\u012bvais Ziemassv\u0113tku apgaismojums, Led dio\u017eu skaits &#8211; 100LED diodes, balt\u0101 kr\u0101s\u0101, kr\u0101su temperat\u016bra: 6500 K, aizsardz\u012bbas pak\u0101pe: IP20, virtenes garums 5m.<br \/>\n<\/span><\/span><\/span><\/p>","protected":false},"excerpt":{"rendered":"<p>Dekorat\u012bvais Ziemassv\u0113tku apgaismojums, Led dio\u017eu skaits &#8211; 100LED diodes, balt\u0101 kr\u0101s\u0101, kr\u0101su temperat\u016bra: 6500 K, aizsardz\u012bbas pak\u0101pe: IP20, virtenes garums 5m.<\/p>\n","protected":false},"featured_media":35928,"comment_status":"closed","ping_status":"closed","template":"","meta":{"inline_featured_image":false},"product_cat":[772,911],"product_tag":[],"yst_prominent_words":[],"class_list":{"0":"post-35920","1":"product","2":"type-product","3":"status-publish","4":"has-post-thumbnail","6":"product_cat-atlaides","7":"product_cat-iekstelpu-virtenes","9":"first","10":"instock","11":"sale","12":"taxable","13":"shipping-taxable","14":"purchasable","15":"product-type-simple"},"jetpack_sharing_enabled":true,"_links":{"self":[{"href":"https:\/\/ddt.lv\/lv\/wp-json\/wp\/v2\/product\/35920"}],"collection":[{"href":"https:\/\/ddt.lv\/lv\/wp-json\/wp\/v2\/product"}],"about":[{"href":"https:\/\/ddt.lv\/lv\/wp-json\/wp\/v2\/types\/product"}],"replies":[{"embeddable":true,"href":"https:\/\/ddt.lv\/lv\/wp-json\/wp\/v2\/comments?post=35920"}],"wp:featuredmedia":[{"embeddable":true,"href":"https:\/\/ddt.lv\/lv\/wp-json\/wp\/v2\/media\/35928"}],"wp:attachment":[{"href":"https:\/\/ddt.lv\/lv\/wp-json\/wp\/v2\/media?parent=35920"}],"wp:term":[{"taxonomy":"product_cat","embeddable":true,"href":"https:\/\/ddt.lv\/lv\/wp-json\/wp\/v2\/product_cat?post=35920"},{"taxonomy":"product_tag","embeddable":true,"href":"https:\/\/ddt.lv\/lv\/wp-json\/wp\/v2\/product_tag?post=35920"},{"taxonomy":"yst_prominent_words","embeddable":true,"href":"https:\/\/ddt.lv\/lv\/wp-json\/wp\/v2\/yst_prominent_words?post=35920"}],"curies":[{"name":"wp","href":"https:\/\/api.w.org\/{rel}","templated":true}]}}