{"id":35919,"date":"2022-12-16T12:40:26","date_gmt":"2022-12-16T10:40:26","guid":{"rendered":"https:\/\/ddt.lv\/lv\/product\/57956-port-high-speed-charger-2xusb-a-c-tips-bl1-varta\/"},"modified":"2026-04-27T08:42:13","modified_gmt":"2026-04-27T05:42:13","slug":"57956-port-high-speed-charger-2xusb-a-c-tips-bl1-varta","status":"publish","type":"product","link":"https:\/\/ddt.lv\/lv\/product\/57956-port-high-speed-charger-2xusb-a-c-tips-bl1-varta\/","title":{"rendered":"57956 PORT. HIGH SPEED CHARGER 2xUSB-A\/- C tips  BL1 VARTA"},"content":{"rendered":"<p>Uzl\u0101d\u0113jiet l\u012bdz pat 3 ier\u012bc\u0113m efekt\u012bvi &#8211; ar VARTA uzl\u0101des adapteri \u0101trgaitas l\u0101d\u0113t\u0101js. Ar \u0161o praktisko VARTA \u0101trgaitas uzl\u0101des adapteri j\u016bs varat \u0101tri uzl\u0101d\u0113t l\u012bdz 3 ier\u012bc\u0113m, piem\u0113ram, viedt\u0101lru\u0146us, plan\u0161etdatorus utt. \u0100trgaitas l\u0101d\u0113t\u0101js ir apr\u012bkots ar USB A portu un 2 USB. C piesl\u0113gvietas \u0161im nol\u016bkam. Varat to izmantot, lai uzl\u0101d\u0113tu visas uzl\u0101d\u0113jam\u0101s ier\u012bces ar USB-A vai USB-C savienojumu. Kop\u0113j\u0101 izejas jauda l\u012bdz 65\u00a0vatiem ir pietiekama, lai uzl\u0101d\u0113tu kl\u0113pjdatoru. Un tas viss \u2013 pateicoties \u0101tr\u0101s uzl\u0101des funkcijai un jaun\u0101kajai GN tehnolo\u0123ijai \u2013 p\u0113c iesp\u0113jas \u012bs\u0101k\u0101 laik\u0101.<\/p>","protected":false},"excerpt":{"rendered":"<p>Uzl\u0101d\u0113jiet l\u012bdz pat 3 ier\u012bc\u0113m efekt\u012bvi &#8211; ar VARTA uzl\u0101des adapteri \u0101trgaitas l\u0101d\u0113t\u0101js. Ar \u0161o praktisko VARTA \u0101trgaitas uzl\u0101des adapteri j\u016bs varat \u0101tri uzl\u0101d\u0113t l\u012bdz 3 ier\u012bc\u0113m, piem\u0113ram, viedt\u0101lru\u0146us, plan\u0161etdatorus utt. \u0100trgaitas l\u0101d\u0113t\u0101js ir apr\u012bkots ar USB A portu un 2 USB. C piesl\u0113gvietas \u0161im nol\u016bkam. Varat to izmantot, lai uzl\u0101d\u0113tu visas uzl\u0101d\u0113jam\u0101s ier\u012bces ar [&hellip;]<\/p>\n","protected":false},"featured_media":35921,"comment_status":"closed","ping_status":"closed","template":"","meta":{"inline_featured_image":false},"product_cat":[772,744],"product_tag":[],"yst_prominent_words":[],"class_list":{"0":"post-35919","1":"product","2":"type-product","3":"status-publish","4":"has-post-thumbnail","6":"product_cat-atlaides","7":"product_cat-mobilo-telefonu-ladetaji-usb","9":"first","10":"instock","11":"sale","12":"taxable","13":"shipping-taxable","14":"purchasable","15":"product-type-simple"},"jetpack_sharing_enabled":true,"_links":{"self":[{"href":"https:\/\/ddt.lv\/lv\/wp-json\/wp\/v2\/product\/35919"}],"collection":[{"href":"https:\/\/ddt.lv\/lv\/wp-json\/wp\/v2\/product"}],"about":[{"href":"https:\/\/ddt.lv\/lv\/wp-json\/wp\/v2\/types\/product"}],"replies":[{"embeddable":true,"href":"https:\/\/ddt.lv\/lv\/wp-json\/wp\/v2\/comments?post=35919"}],"wp:featuredmedia":[{"embeddable":true,"href":"https:\/\/ddt.lv\/lv\/wp-json\/wp\/v2\/media\/35921"}],"wp:attachment":[{"href":"https:\/\/ddt.lv\/lv\/wp-json\/wp\/v2\/media?parent=35919"}],"wp:term":[{"taxonomy":"product_cat","embeddable":true,"href":"https:\/\/ddt.lv\/lv\/wp-json\/wp\/v2\/product_cat?post=35919"},{"taxonomy":"product_tag","embeddable":true,"href":"https:\/\/ddt.lv\/lv\/wp-json\/wp\/v2\/product_tag?post=35919"},{"taxonomy":"yst_prominent_words","embeddable":true,"href":"https:\/\/ddt.lv\/lv\/wp-json\/wp\/v2\/yst_prominent_words?post=35919"}],"curies":[{"name":"wp","href":"https:\/\/api.w.org\/{rel}","templated":true}]}}