{"id":35887,"date":"2022-12-13T10:00:19","date_gmt":"2022-12-13T08:00:19","guid":{"rendered":"https:\/\/ddt.lv\/lv\/product\/led-svece-3xaaa-emos\/"},"modified":"2026-04-13T09:48:06","modified_gmt":"2026-04-13T06:48:06","slug":"led-svece-3xaaa-emos","status":"publish","type":"product","link":"https:\/\/ddt.lv\/lv\/product\/led-svece-3xaaa-emos\/","title":{"rendered":"LED svece (3xAAA) EMOS"},"content":{"rendered":"<p>Dekorat\u012bv\u0101 LED svece b\u016bs skaists papildin\u0101jums j\u016bsu m\u0101j\u0101m. LED vaska svecei nepiecie\u0161amas 3 AAA baterijas. Nav iek\u013cautas komplekt\u0101.<\/p>","protected":false},"excerpt":{"rendered":"<p>Dekorat\u012bv\u0101 LED svece b\u016bs skaists papildin\u0101jums j\u016bsu m\u0101j\u0101m. LED vaska svecei nepiecie\u0161amas 3 AAA baterijas. Nav iek\u013cautas komplekt\u0101.<\/p>\n","protected":false},"featured_media":35889,"comment_status":"closed","ping_status":"closed","template":"","meta":{"inline_featured_image":false},"product_cat":[913],"product_tag":[],"yst_prominent_words":[],"class_list":{"0":"post-35887","1":"product","2":"type-product","3":"status-publish","4":"has-post-thumbnail","6":"product_cat-iekstelpu-dekori-led-virtenes-un-dekoracijas","8":"first","9":"outofstock","10":"taxable","11":"shipping-taxable","12":"purchasable","13":"product-type-simple"},"jetpack_sharing_enabled":true,"_links":{"self":[{"href":"https:\/\/ddt.lv\/lv\/wp-json\/wp\/v2\/product\/35887"}],"collection":[{"href":"https:\/\/ddt.lv\/lv\/wp-json\/wp\/v2\/product"}],"about":[{"href":"https:\/\/ddt.lv\/lv\/wp-json\/wp\/v2\/types\/product"}],"replies":[{"embeddable":true,"href":"https:\/\/ddt.lv\/lv\/wp-json\/wp\/v2\/comments?post=35887"}],"wp:featuredmedia":[{"embeddable":true,"href":"https:\/\/ddt.lv\/lv\/wp-json\/wp\/v2\/media\/35889"}],"wp:attachment":[{"href":"https:\/\/ddt.lv\/lv\/wp-json\/wp\/v2\/media?parent=35887"}],"wp:term":[{"taxonomy":"product_cat","embeddable":true,"href":"https:\/\/ddt.lv\/lv\/wp-json\/wp\/v2\/product_cat?post=35887"},{"taxonomy":"product_tag","embeddable":true,"href":"https:\/\/ddt.lv\/lv\/wp-json\/wp\/v2\/product_tag?post=35887"},{"taxonomy":"yst_prominent_words","embeddable":true,"href":"https:\/\/ddt.lv\/lv\/wp-json\/wp\/v2\/yst_prominent_words?post=35887"}],"curies":[{"name":"wp","href":"https:\/\/api.w.org\/{rel}","templated":true}]}}