{"id":35868,"date":"2022-12-11T17:20:28","date_gmt":"2022-12-11T15:20:28","guid":{"rendered":"https:\/\/ddt.lv\/lv\/product\/led-ziemassv-2gab-svecites-0-06w-sudraba-ww-ip20-2xaaa-emos\/"},"modified":"2026-04-13T09:56:29","modified_gmt":"2026-04-13T06:56:29","slug":"led-ziemassv-2gab-svecites-0-06w-sudraba-ww-ip20-2xaaa-emos","status":"publish","type":"product","link":"https:\/\/ddt.lv\/lv\/product\/led-ziemassv-2gab-svecites-0-06w-sudraba-ww-ip20-2xaaa-emos\/","title":{"rendered":"LED Ziemassv 2gab svec\u012btes 0.06W sudraba WW IP20 2xAAA EMOS"},"content":{"rendered":"<p>LED sveces sudraba kr\u0101s\u0101, 25cm 2gab ZY2271 no ra\u017eot\u0101ja EMOS. Darbojas uz baterij\u0101m 2xAAA, nav iek\u013cautas komplekt\u0101.<\/p>","protected":false},"excerpt":{"rendered":"<p>LED sveces sudraba kr\u0101s\u0101, 25cm 2gab ZY2271 no ra\u017eot\u0101ja EMOS. Darbojas uz baterij\u0101m 2xAAA, nav iek\u013cautas komplekt\u0101.<\/p>\n","protected":false},"featured_media":35872,"comment_status":"closed","ping_status":"closed","template":"","meta":{"inline_featured_image":false},"product_cat":[913],"product_tag":[],"yst_prominent_words":[],"class_list":{"0":"post-35868","1":"product","2":"type-product","3":"status-publish","4":"has-post-thumbnail","6":"product_cat-iekstelpu-dekori-led-virtenes-un-dekoracijas","8":"first","9":"instock","10":"taxable","11":"shipping-taxable","12":"purchasable","13":"product-type-simple"},"jetpack_sharing_enabled":true,"_links":{"self":[{"href":"https:\/\/ddt.lv\/lv\/wp-json\/wp\/v2\/product\/35868"}],"collection":[{"href":"https:\/\/ddt.lv\/lv\/wp-json\/wp\/v2\/product"}],"about":[{"href":"https:\/\/ddt.lv\/lv\/wp-json\/wp\/v2\/types\/product"}],"replies":[{"embeddable":true,"href":"https:\/\/ddt.lv\/lv\/wp-json\/wp\/v2\/comments?post=35868"}],"wp:featuredmedia":[{"embeddable":true,"href":"https:\/\/ddt.lv\/lv\/wp-json\/wp\/v2\/media\/35872"}],"wp:attachment":[{"href":"https:\/\/ddt.lv\/lv\/wp-json\/wp\/v2\/media?parent=35868"}],"wp:term":[{"taxonomy":"product_cat","embeddable":true,"href":"https:\/\/ddt.lv\/lv\/wp-json\/wp\/v2\/product_cat?post=35868"},{"taxonomy":"product_tag","embeddable":true,"href":"https:\/\/ddt.lv\/lv\/wp-json\/wp\/v2\/product_tag?post=35868"},{"taxonomy":"yst_prominent_words","embeddable":true,"href":"https:\/\/ddt.lv\/lv\/wp-json\/wp\/v2\/yst_prominent_words?post=35868"}],"curies":[{"name":"wp","href":"https:\/\/api.w.org\/{rel}","templated":true}]}}