{"id":35840,"date":"2022-12-10T21:40:28","date_gmt":"2022-12-10T19:40:28","guid":{"rendered":"https:\/\/ddt.lv\/lv\/product\/laterna-ziemassvetku-0-03w-ww-ip20-3xaaa-emos\/"},"modified":"2026-04-13T09:56:30","modified_gmt":"2026-04-13T06:56:30","slug":"laterna-ziemassvetku-0-03w-ww-ip20-3xaaa-emos","status":"publish","type":"product","link":"https:\/\/ddt.lv\/lv\/product\/laterna-ziemassvetku-0-03w-ww-ip20-3xaaa-emos\/","title":{"rendered":"Laterna ziemassv\u0113tku 0.03W WW IP20 3xAAA EMOS"},"content":{"rendered":"<p>Ziemassv\u0113tku gaisma dekorat\u012bvas met\u0101la laternas form\u0101 ar maigu sveces gaismu izdai\u013cos jebkuru interjeru. Laterna ir apr\u012bkota ar sveci ar LED avotu un tiek darbin\u0101ta ar 3 x AAA baterij\u0101m.<\/p>","protected":false},"excerpt":{"rendered":"<p>Ziemassv\u0113tku gaisma dekorat\u012bvas met\u0101la laternas form\u0101 ar maigu sveces gaismu izdai\u013cos jebkuru interjeru. Laterna ir apr\u012bkota ar sveci ar LED avotu un tiek darbin\u0101ta ar 3 x AAA baterij\u0101m.<\/p>\n","protected":false},"featured_media":35854,"comment_status":"closed","ping_status":"closed","template":"","meta":{"inline_featured_image":false},"product_cat":[913],"product_tag":[],"yst_prominent_words":[],"class_list":{"0":"post-35840","1":"product","2":"type-product","3":"status-publish","4":"has-post-thumbnail","6":"product_cat-iekstelpu-dekori-led-virtenes-un-dekoracijas","8":"first","9":"instock","10":"taxable","11":"shipping-taxable","12":"purchasable","13":"product-type-simple"},"jetpack_sharing_enabled":true,"_links":{"self":[{"href":"https:\/\/ddt.lv\/lv\/wp-json\/wp\/v2\/product\/35840"}],"collection":[{"href":"https:\/\/ddt.lv\/lv\/wp-json\/wp\/v2\/product"}],"about":[{"href":"https:\/\/ddt.lv\/lv\/wp-json\/wp\/v2\/types\/product"}],"replies":[{"embeddable":true,"href":"https:\/\/ddt.lv\/lv\/wp-json\/wp\/v2\/comments?post=35840"}],"wp:featuredmedia":[{"embeddable":true,"href":"https:\/\/ddt.lv\/lv\/wp-json\/wp\/v2\/media\/35854"}],"wp:attachment":[{"href":"https:\/\/ddt.lv\/lv\/wp-json\/wp\/v2\/media?parent=35840"}],"wp:term":[{"taxonomy":"product_cat","embeddable":true,"href":"https:\/\/ddt.lv\/lv\/wp-json\/wp\/v2\/product_cat?post=35840"},{"taxonomy":"product_tag","embeddable":true,"href":"https:\/\/ddt.lv\/lv\/wp-json\/wp\/v2\/product_tag?post=35840"},{"taxonomy":"yst_prominent_words","embeddable":true,"href":"https:\/\/ddt.lv\/lv\/wp-json\/wp\/v2\/yst_prominent_words?post=35840"}],"curies":[{"name":"wp","href":"https:\/\/api.w.org\/{rel}","templated":true}]}}