{"id":35838,"date":"2022-12-10T21:40:28","date_gmt":"2022-12-10T19:40:28","guid":{"rendered":"https:\/\/ddt.lv\/lv\/product\/virtene-ziemassvetku-10led-0-6w-papira-bumbas-zalas-1-35m-ip20-ww-2xaa-t\/"},"modified":"2026-04-13T09:56:05","modified_gmt":"2026-04-13T06:56:05","slug":"virtene-ziemassvetku-10led-0-6w-papira-bumbas-zalas-1-35m-ip20-ww-2xaa-t","status":"publish","type":"product","link":"https:\/\/ddt.lv\/lv\/product\/virtene-ziemassvetku-10led-0-6w-papira-bumbas-zalas-1-35m-ip20-ww-2xaa-t\/","title":{"rendered":"Virtene ziemassv\u0113tku 10LED 0.6W pap\u012bra bumbas za\u013cas 1.35m IP20 WW 2xAA T"},"content":{"rendered":"<p>Ziemassv\u0113tku LED dekor\u0113\u0161ana.<br \/>\nPiparm\u0113tru za\u013cas pap\u012bra laternas\/bumbas, kas apr\u012bkota ar kvalitat\u012bv\u0101m, ener\u0123iju taupo\u0161\u0101m nano gaismas diod\u0113m! Pateicoties 10 LED ener\u0123iju taupo\u0161\u0101m, silti balt\u0101m gaismas diod\u0113m, t\u0101 pat\u0113ri\u0146\u0161 ir tikai 0,6 vati. Ar IP20 aizsardz\u012bbu to var izmantot tikai iek\u0161telp\u0101s! T\u0101s darb\u012bbai nepiecie\u0161amas 2 AA baterijas, kas nav iek\u013cautas komplekt\u0101cij\u0101.<\/p>","protected":false},"excerpt":{"rendered":"<p>Ziemassv\u0113tku LED dekor\u0113\u0161ana. Piparm\u0113tru za\u013cas pap\u012bra laternas\/bumbas, kas apr\u012bkota ar kvalitat\u012bv\u0101m, ener\u0123iju taupo\u0161\u0101m nano gaismas diod\u0113m! Pateicoties 10 LED ener\u0123iju taupo\u0161\u0101m, silti balt\u0101m gaismas diod\u0113m, t\u0101 pat\u0113ri\u0146\u0161 ir tikai 0,6 vati. Ar IP20 aizsardz\u012bbu to var izmantot tikai iek\u0161telp\u0101s! T\u0101s darb\u012bbai nepiecie\u0161amas 2 AA baterijas, kas nav iek\u013cautas komplekt\u0101cij\u0101.<\/p>\n","protected":false},"featured_media":35862,"comment_status":"closed","ping_status":"closed","template":"","meta":{"inline_featured_image":false},"product_cat":[911],"product_tag":[],"yst_prominent_words":[],"class_list":{"0":"post-35838","1":"product","2":"type-product","3":"status-publish","4":"has-post-thumbnail","6":"product_cat-iekstelpu-virtenes","8":"first","9":"instock","10":"taxable","11":"shipping-taxable","12":"purchasable","13":"product-type-simple"},"jetpack_sharing_enabled":true,"_links":{"self":[{"href":"https:\/\/ddt.lv\/lv\/wp-json\/wp\/v2\/product\/35838"}],"collection":[{"href":"https:\/\/ddt.lv\/lv\/wp-json\/wp\/v2\/product"}],"about":[{"href":"https:\/\/ddt.lv\/lv\/wp-json\/wp\/v2\/types\/product"}],"replies":[{"embeddable":true,"href":"https:\/\/ddt.lv\/lv\/wp-json\/wp\/v2\/comments?post=35838"}],"wp:featuredmedia":[{"embeddable":true,"href":"https:\/\/ddt.lv\/lv\/wp-json\/wp\/v2\/media\/35862"}],"wp:attachment":[{"href":"https:\/\/ddt.lv\/lv\/wp-json\/wp\/v2\/media?parent=35838"}],"wp:term":[{"taxonomy":"product_cat","embeddable":true,"href":"https:\/\/ddt.lv\/lv\/wp-json\/wp\/v2\/product_cat?post=35838"},{"taxonomy":"product_tag","embeddable":true,"href":"https:\/\/ddt.lv\/lv\/wp-json\/wp\/v2\/product_tag?post=35838"},{"taxonomy":"yst_prominent_words","embeddable":true,"href":"https:\/\/ddt.lv\/lv\/wp-json\/wp\/v2\/yst_prominent_words?post=35838"}],"curies":[{"name":"wp","href":"https:\/\/api.w.org\/{rel}","templated":true}]}}