{"id":35826,"date":"2022-12-10T21:20:29","date_gmt":"2022-12-10T19:20:29","guid":{"rendered":"https:\/\/ddt.lv\/lv\/product\/35826\/"},"modified":"2026-04-13T09:56:30","modified_gmt":"2026-04-13T06:56:30","slug":"35826","status":"publish","type":"product","link":"https:\/\/ddt.lv\/lv\/product\/dekors-ziemassvetku-zvaigzne-metala-30led-1-28w-ww-ip20-3xaa-t-emos\/","title":{"rendered":"Dekors Ziemassv\u0113tku ZVAIGZNE met\u0101la 30LED 1.28W WW IP20 (3XAA) T EMOS"},"content":{"rendered":"<p>Emos Ziemassv\u0113tku rot\u0101jums LED met\u0101la zvaigzne ar taimeri.<\/p>\n<p>Tr\u012bs poz\u012bciju sl\u0113d\u017ea funkcija: OFF &#8211; izsl\u0113g\u0161ana. TIMER &#8211; p\u0113c iesl\u0113g\u0161anas produkts iedegas atk\u0101rtotos ciklos katru dienu 6 stundas, p\u0113c tam izsl\u0113dzas uz 18 stund\u0101m. ON &#8211; past\u0101v\u012bgas aktiviz\u0113\u0161anas st\u0101voklis.<\/p>","protected":false},"excerpt":{"rendered":"<p>Emos Ziemassv\u0113tku rot\u0101jums LED met\u0101la zvaigzne ar taimeri. Tr\u012bs poz\u012bciju sl\u0113d\u017ea funkcija: OFF &#8211; izsl\u0113g\u0161ana. TIMER &#8211; p\u0113c iesl\u0113g\u0161anas produkts iedegas atk\u0101rtotos ciklos katru dienu 6 stundas, p\u0113c tam izsl\u0113dzas uz 18 stund\u0101m. ON &#8211; past\u0101v\u012bgas aktiviz\u0113\u0161anas st\u0101voklis.<\/p>\n","protected":false},"featured_media":35845,"comment_status":"closed","ping_status":"closed","template":"","meta":{"inline_featured_image":false},"product_cat":[772,913],"product_tag":[],"yst_prominent_words":[],"class_list":{"0":"post-35826","1":"product","2":"type-product","3":"status-publish","4":"has-post-thumbnail","6":"product_cat-atlaides","7":"product_cat-iekstelpu-dekori-led-virtenes-un-dekoracijas","9":"first","10":"outofstock","11":"sale","12":"taxable","13":"shipping-taxable","14":"purchasable","15":"product-type-simple"},"jetpack_sharing_enabled":true,"_links":{"self":[{"href":"https:\/\/ddt.lv\/lv\/wp-json\/wp\/v2\/product\/35826"}],"collection":[{"href":"https:\/\/ddt.lv\/lv\/wp-json\/wp\/v2\/product"}],"about":[{"href":"https:\/\/ddt.lv\/lv\/wp-json\/wp\/v2\/types\/product"}],"replies":[{"embeddable":true,"href":"https:\/\/ddt.lv\/lv\/wp-json\/wp\/v2\/comments?post=35826"}],"wp:featuredmedia":[{"embeddable":true,"href":"https:\/\/ddt.lv\/lv\/wp-json\/wp\/v2\/media\/35845"}],"wp:attachment":[{"href":"https:\/\/ddt.lv\/lv\/wp-json\/wp\/v2\/media?parent=35826"}],"wp:term":[{"taxonomy":"product_cat","embeddable":true,"href":"https:\/\/ddt.lv\/lv\/wp-json\/wp\/v2\/product_cat?post=35826"},{"taxonomy":"product_tag","embeddable":true,"href":"https:\/\/ddt.lv\/lv\/wp-json\/wp\/v2\/product_tag?post=35826"},{"taxonomy":"yst_prominent_words","embeddable":true,"href":"https:\/\/ddt.lv\/lv\/wp-json\/wp\/v2\/yst_prominent_words?post=35826"}],"curies":[{"name":"wp","href":"https:\/\/api.w.org\/{rel}","templated":true}]}}