{"id":35825,"date":"2022-12-10T21:00:33","date_gmt":"2022-12-10T19:00:33","guid":{"rendered":"https:\/\/ddt.lv\/lv\/product\/led-ziemassvetku-virtene-emos-10led-0-6w-nano-stieple-wwtaimeris-ip20-1-2m-2xaa\/"},"modified":"2026-04-08T14:45:36","modified_gmt":"2026-04-08T11:45:36","slug":"led-ziemassvetku-virtene-emos-10led-0-6w-nano-stieple-wwtaimeris-ip20-1-2m-2xaa","status":"publish","type":"product","link":"https:\/\/ddt.lv\/lv\/product\/led-ziemassvetku-virtene-emos-10led-0-6w-nano-stieple-wwtaimeris-ip20-1-4m-2xaa\/","title":{"rendered":"LED ziemassv\u0113tku virtene EMOS 10LED 0.6W nano stieple WW,Taimeris, IP20, 1.2m, 2xAA"},"content":{"rendered":"<p>Ziemassv\u0113tku LED gaismas nano virtenei ir 10 miniat\u016bras gaismas diodes uz 1,4 metrus garas stieples, kas sp\u012bd silti balt\u0101 kr\u0101s\u0101. Virtene darbin\u0101ma ar 2AA baterij\u0101m.<\/p>","protected":false},"excerpt":{"rendered":"<p>Ziemassv\u0113tku LED gaismas nano virtenei ir 10 miniat\u016bras gaismas diodes uz 1,4 metrus garas stieples, kas sp\u012bd silti balt\u0101 kr\u0101s\u0101. Virtene darbin\u0101ma ar 2AA baterij\u0101m.<\/p>\n","protected":false},"featured_media":35831,"comment_status":"closed","ping_status":"closed","template":"","meta":{"inline_featured_image":false},"product_cat":[772,911],"product_tag":[],"yst_prominent_words":[],"class_list":{"0":"post-35825","1":"product","2":"type-product","3":"status-publish","4":"has-post-thumbnail","6":"product_cat-atlaides","7":"product_cat-iekstelpu-virtenes","9":"first","10":"instock","11":"sale","12":"taxable","13":"shipping-taxable","14":"purchasable","15":"product-type-simple"},"jetpack_sharing_enabled":true,"_links":{"self":[{"href":"https:\/\/ddt.lv\/lv\/wp-json\/wp\/v2\/product\/35825"}],"collection":[{"href":"https:\/\/ddt.lv\/lv\/wp-json\/wp\/v2\/product"}],"about":[{"href":"https:\/\/ddt.lv\/lv\/wp-json\/wp\/v2\/types\/product"}],"replies":[{"embeddable":true,"href":"https:\/\/ddt.lv\/lv\/wp-json\/wp\/v2\/comments?post=35825"}],"wp:featuredmedia":[{"embeddable":true,"href":"https:\/\/ddt.lv\/lv\/wp-json\/wp\/v2\/media\/35831"}],"wp:attachment":[{"href":"https:\/\/ddt.lv\/lv\/wp-json\/wp\/v2\/media?parent=35825"}],"wp:term":[{"taxonomy":"product_cat","embeddable":true,"href":"https:\/\/ddt.lv\/lv\/wp-json\/wp\/v2\/product_cat?post=35825"},{"taxonomy":"product_tag","embeddable":true,"href":"https:\/\/ddt.lv\/lv\/wp-json\/wp\/v2\/product_tag?post=35825"},{"taxonomy":"yst_prominent_words","embeddable":true,"href":"https:\/\/ddt.lv\/lv\/wp-json\/wp\/v2\/yst_prominent_words?post=35825"}],"curies":[{"name":"wp","href":"https:\/\/api.w.org\/{rel}","templated":true}]}}